{"id":3675,"date":"2024-09-02T22:22:07","date_gmt":"2024-09-02T19:22:07","guid":{"rendered":"https:\/\/zinetgold.com\/0-13-pirlanta-halka-kupe\/"},"modified":"2024-09-06T13:17:15","modified_gmt":"2024-09-06T10:17:15","slug":"0-13-pirlanta-halka-kupe","status":"publish","type":"product","link":"https:\/\/zinetgold.com\/tr\/0-13-pirlanta-halka-kupe\/","title":{"rendered":"0.13 P\u0131rlanta Halka K\u00fcpe"},"content":{"rendered":"<p>Bu 14 ayar beyaz alt\u0131n minimalist p\u0131rlanta halka k\u00fcpeler, her k\u0131yafeti y\u00fckseltmek i\u00e7in m\u00fckemmel bir aksesuard\u0131r.<br \/>\n\u015e\u0131k tasar\u0131m\u0131 ve \u0131\u015f\u0131lt\u0131l\u0131 p\u0131rlantalar\u0131, onlar\u0131 \u00e7ok y\u00f6nl\u00fc ve \u015f\u0131k bir se\u00e7im haline getiriyor. <\/p>\n","protected":false},"excerpt":{"rendered":"<p><strong>SKU-BKP0000883 <\/strong><strong>0.13 Karat <\/strong><strong>P\u0131rlanta <\/strong> K\u00fcpe<strong> 4.47 gram<\/strong> a\u011f\u0131rl\u0131\u011f\u0131nda y\u00fcksek kalite do\u011fal p\u0131rlantal\u0131 <strong>14 ayar Beyaz Alt\u0131n <\/strong><\/p>\n","protected":false},"featured_media":3650,"comment_status":"open","ping_status":"closed","template":"","meta":{"_kad_blocks_custom_css":"","_kad_blocks_head_custom_js":"","_kad_blocks_body_custom_js":"","_kad_blocks_footer_custom_js":"","_kadence_starter_templates_imported_post":false,"_kad_post_transparent":"","_kad_post_title":"","_kad_post_layout":"","_kad_post_sidebar_id":"","_kad_post_content_style":"","_kad_post_vertical_padding":"","_kad_post_feature":"","_kad_post_feature_position":"","_kad_post_header":false,"_kad_post_footer":false,"_kad_post_classname":""},"product_brand":[],"product_cat":[47],"product_tag":[],"class_list":{"0":"post-3675","1":"product","2":"type-product","3":"status-publish","4":"has-post-thumbnail","6":"product_cat-kupeler","8":"first","9":"instock","10":"sale","11":"shipping-taxable","12":"purchasable","13":"product-type-simple","14":"entry","15":"content-bg","16":"loop-entry"},"taxonomy_info":{"product_cat":[{"value":47,"label":"K\u00fcpeler"}]},"featured_image_src_large":["https:\/\/zinetgold.com\/wp-content\/uploads\/2024\/09\/BKP0000883-14K-D-0.08-F-G-SI-12-BD-0.13-F-G-SI-6-4.47-gr.-2266-1024x1024.webp",1024,1024,true],"author_info":[],"comment_info":0,"_links":{"self":[{"href":"https:\/\/zinetgold.com\/tr\/wp-json\/wp\/v2\/product\/3675","targetHints":{"allow":["GET"]}}],"collection":[{"href":"https:\/\/zinetgold.com\/tr\/wp-json\/wp\/v2\/product"}],"about":[{"href":"https:\/\/zinetgold.com\/tr\/wp-json\/wp\/v2\/types\/product"}],"replies":[{"embeddable":true,"href":"https:\/\/zinetgold.com\/tr\/wp-json\/wp\/v2\/comments?post=3675"}],"wp:featuredmedia":[{"embeddable":true,"href":"https:\/\/zinetgold.com\/tr\/wp-json\/wp\/v2\/media\/3650"}],"wp:attachment":[{"href":"https:\/\/zinetgold.com\/tr\/wp-json\/wp\/v2\/media?parent=3675"}],"wp:term":[{"taxonomy":"product_brand","embeddable":true,"href":"https:\/\/zinetgold.com\/tr\/wp-json\/wp\/v2\/product_brand?post=3675"},{"taxonomy":"product_cat","embeddable":true,"href":"https:\/\/zinetgold.com\/tr\/wp-json\/wp\/v2\/product_cat?post=3675"},{"taxonomy":"product_tag","embeddable":true,"href":"https:\/\/zinetgold.com\/tr\/wp-json\/wp\/v2\/product_tag?post=3675"}],"curies":[{"name":"wp","href":"https:\/\/api.w.org\/{rel}","templated":true}]}}