{"id":3678,"date":"2024-09-02T22:42:54","date_gmt":"2024-09-02T19:42:54","guid":{"rendered":"https:\/\/zinetgold.com\/016-karat-pirlanta-halka-kupe\/"},"modified":"2024-09-06T13:17:17","modified_gmt":"2024-09-06T10:17:17","slug":"016-karat-pirlanta-halka-kupe","status":"publish","type":"product","link":"https:\/\/zinetgold.com\/tr\/016-karat-pirlanta-halka-kupe\/","title":{"rendered":"0,16 Karat P\u0131rlanta Halka K\u00fcpe"},"content":{"rendered":"<p>Bu zarif p\u0131rlanta 14 ayar beyaz alt\u0131n halka k\u00fcpeler modern ve minimalist bir tasar\u0131ma sahiptir.<br \/>\nK\u00fcpelerin her iki taraf\u0131nda tek bir baget kesim p\u0131rlanta ile s\u00fcslenmi\u015f \u015f\u0131k bir halka bulunur.<br \/>\nHalka k\u00fcpeler bir kollu toka ile sabitlenmi\u015ftir.  <\/p>\n","protected":false},"excerpt":{"rendered":"<p><strong>SKU-BKP0000915<\/strong><strong> 0,16 Karat <\/strong><strong>P\u0131rlanta<\/strong> K\u00fcpe<strong> 2,43 gram<\/strong> a\u011f\u0131rl\u0131\u011f\u0131nda y\u00fcksek kalite do\u011fal p\u0131rlantal\u0131 <strong>14 ayar Beyaz Alt\u0131n <\/strong><\/p>\n","protected":false},"featured_media":3654,"comment_status":"open","ping_status":"closed","template":"","meta":{"_kad_blocks_custom_css":"","_kad_blocks_head_custom_js":"","_kad_blocks_body_custom_js":"","_kad_blocks_footer_custom_js":"","_kadence_starter_templates_imported_post":false,"_kad_post_transparent":"","_kad_post_title":"","_kad_post_layout":"","_kad_post_sidebar_id":"","_kad_post_content_style":"","_kad_post_vertical_padding":"","_kad_post_feature":"","_kad_post_feature_position":"","_kad_post_header":false,"_kad_post_footer":false,"_kad_post_classname":""},"product_brand":[],"product_cat":[47],"product_tag":[],"class_list":{"0":"post-3678","1":"product","2":"type-product","3":"status-publish","4":"has-post-thumbnail","6":"product_cat-kupeler","8":"first","9":"instock","10":"sale","11":"shipping-taxable","12":"purchasable","13":"product-type-simple","14":"entry","15":"content-bg","16":"loop-entry"},"taxonomy_info":{"product_cat":[{"value":47,"label":"K\u00fcpeler"}]},"featured_image_src_large":["https:\/\/zinetgold.com\/wp-content\/uploads\/2024\/09\/BKP0000915-14K-D-0.11-F-G-SI-12-BD-0.16-F-G-SI-6-2.43-gr.-1969-1024x1024.webp",1024,1024,true],"author_info":[],"comment_info":0,"_links":{"self":[{"href":"https:\/\/zinetgold.com\/tr\/wp-json\/wp\/v2\/product\/3678","targetHints":{"allow":["GET"]}}],"collection":[{"href":"https:\/\/zinetgold.com\/tr\/wp-json\/wp\/v2\/product"}],"about":[{"href":"https:\/\/zinetgold.com\/tr\/wp-json\/wp\/v2\/types\/product"}],"replies":[{"embeddable":true,"href":"https:\/\/zinetgold.com\/tr\/wp-json\/wp\/v2\/comments?post=3678"}],"wp:featuredmedia":[{"embeddable":true,"href":"https:\/\/zinetgold.com\/tr\/wp-json\/wp\/v2\/media\/3654"}],"wp:attachment":[{"href":"https:\/\/zinetgold.com\/tr\/wp-json\/wp\/v2\/media?parent=3678"}],"wp:term":[{"taxonomy":"product_brand","embeddable":true,"href":"https:\/\/zinetgold.com\/tr\/wp-json\/wp\/v2\/product_brand?post=3678"},{"taxonomy":"product_cat","embeddable":true,"href":"https:\/\/zinetgold.com\/tr\/wp-json\/wp\/v2\/product_cat?post=3678"},{"taxonomy":"product_tag","embeddable":true,"href":"https:\/\/zinetgold.com\/tr\/wp-json\/wp\/v2\/product_tag?post=3678"}],"curies":[{"name":"wp","href":"https:\/\/api.w.org\/{rel}","templated":true}]}}