{"id":3685,"date":"2024-09-02T06:31:34","date_gmt":"2024-09-02T03:31:34","guid":{"rendered":"https:\/\/zinetgold.com\/040-karat-baget-pirlanta-izgara-kupe\/"},"modified":"2024-09-06T13:17:29","modified_gmt":"2024-09-06T10:17:29","slug":"040-karat-baget-pirlanta-izgara-kupe","status":"publish","type":"product","link":"https:\/\/zinetgold.com\/tr\/040-karat-baget-pirlanta-izgara-kupe\/","title":{"rendered":"0,40 Karat Baget P\u0131rlanta Izgara K\u00fcpe"},"content":{"rendered":"<p>14 ayar beyaz alt\u0131n k\u00fcpe, \u0131zgara deseninde d\u00fczenlenmi\u015f baget kesim p\u0131rlanta k\u00fcmesiyle s\u00fcslenmi\u015f dikd\u00f6rtgen bir tasar\u0131ma sahiptir.<br \/>\nDikd\u00f6rtgen merkez, daha k\u00fc\u00e7\u00fck yuvarlak kesim p\u0131rlantalarla \u00e7evrelenerek g\u00f6z kama\u015ft\u0131r\u0131c\u0131 bir hale etkisi yarat\u0131yor.<br \/>\nK\u00fcpeler klasik bir kanca toka ile sabitlenmi\u015ftir.  <\/p>\n","protected":false},"excerpt":{"rendered":"<p><strong>SKU-BKP0000129 <\/strong><strong>0.40 Karat<\/strong> <strong>P\u0131rlanta <\/strong> K\u00fcpe <strong>14 Ayar Beyaz Alt\u0131n<\/strong> <strong> <\/strong><strong>4.70 gram <\/strong> a\u011f\u0131rl\u0131\u011f\u0131nda y\u00fcksek kalite do\u011fal p\u0131rlanta  <\/p>\n","protected":false},"featured_media":3639,"comment_status":"open","ping_status":"closed","template":"","meta":{"_kad_blocks_custom_css":"","_kad_blocks_head_custom_js":"","_kad_blocks_body_custom_js":"","_kad_blocks_footer_custom_js":"","_kadence_starter_templates_imported_post":false,"_kad_post_transparent":"","_kad_post_title":"","_kad_post_layout":"","_kad_post_sidebar_id":"","_kad_post_content_style":"","_kad_post_vertical_padding":"","_kad_post_feature":"","_kad_post_feature_position":"","_kad_post_header":false,"_kad_post_footer":false,"_kad_post_classname":""},"product_brand":[],"product_cat":[47],"product_tag":[],"class_list":{"0":"post-3685","1":"product","2":"type-product","3":"status-publish","4":"has-post-thumbnail","6":"product_cat-kupeler","8":"first","9":"instock","10":"sale","11":"shipping-taxable","12":"purchasable","13":"product-type-simple","14":"entry","15":"content-bg","16":"loop-entry"},"taxonomy_info":{"product_cat":[{"value":47,"label":"K\u00fcpeler"}]},"featured_image_src_large":["https:\/\/zinetgold.com\/wp-content\/uploads\/2024\/09\/BKP0000129-14K-BD-0.52-F-G-VS-SI-D-0.40-F-G-SI-4.70-gr.-4664-1024x1024.webp",1024,1024,true],"author_info":[],"comment_info":0,"_links":{"self":[{"href":"https:\/\/zinetgold.com\/tr\/wp-json\/wp\/v2\/product\/3685","targetHints":{"allow":["GET"]}}],"collection":[{"href":"https:\/\/zinetgold.com\/tr\/wp-json\/wp\/v2\/product"}],"about":[{"href":"https:\/\/zinetgold.com\/tr\/wp-json\/wp\/v2\/types\/product"}],"replies":[{"embeddable":true,"href":"https:\/\/zinetgold.com\/tr\/wp-json\/wp\/v2\/comments?post=3685"}],"wp:featuredmedia":[{"embeddable":true,"href":"https:\/\/zinetgold.com\/tr\/wp-json\/wp\/v2\/media\/3639"}],"wp:attachment":[{"href":"https:\/\/zinetgold.com\/tr\/wp-json\/wp\/v2\/media?parent=3685"}],"wp:term":[{"taxonomy":"product_brand","embeddable":true,"href":"https:\/\/zinetgold.com\/tr\/wp-json\/wp\/v2\/product_brand?post=3685"},{"taxonomy":"product_cat","embeddable":true,"href":"https:\/\/zinetgold.com\/tr\/wp-json\/wp\/v2\/product_cat?post=3685"},{"taxonomy":"product_tag","embeddable":true,"href":"https:\/\/zinetgold.com\/tr\/wp-json\/wp\/v2\/product_tag?post=3685"}],"curies":[{"name":"wp","href":"https:\/\/api.w.org\/{rel}","templated":true}]}}