{"id":3686,"date":"2024-09-02T06:57:54","date_gmt":"2024-09-02T03:57:54","guid":{"rendered":"https:\/\/zinetgold.com\/041-karat-baget-pirlanta-gozyasi-kupe\/"},"modified":"2024-09-06T13:17:29","modified_gmt":"2024-09-06T10:17:29","slug":"041-karat-baget-pirlanta-gozyasi-kupe","status":"publish","type":"product","link":"https:\/\/zinetgold.com\/tr\/041-karat-baget-pirlanta-gozyasi-kupe\/","title":{"rendered":"0,41 Karat Baget P\u0131rlanta G\u00f6zya\u015f\u0131 K\u00fcpe"},"content":{"rendered":"<p>Bu zarif p\u0131rlanta damla k\u00fcpeler, 14 ayar beyaz alt\u0131ndan g\u00f6zya\u015f\u0131 damlas\u0131 \u015feklinde bir tasar\u0131ma sahiptir ve alt k\u0131sm\u0131 baget kesim p\u0131rlanta k\u00fcmesiyle s\u00fcslenmi\u015ftir.<br \/>\nK\u00fcpeler bir halka toka ile sabitlenmi\u015ftir.<br \/>\nTasar\u0131m modern ve sofistike bir g\u00f6r\u00fcn\u00fcm sunar.  <\/p>\n","protected":false},"excerpt":{"rendered":"<p><strong>SKU-BKP0000723 <\/strong><strong>0.41 Karat <\/strong><strong>P\u0131rlanta <\/strong> K\u00fcpe<strong> 3.82 gram<\/strong> a\u011f\u0131rl\u0131\u011f\u0131nda y\u00fcksek kalite do\u011fal p\u0131rlantal\u0131 <strong>14 ayar Beyaz Alt\u0131n <\/strong><\/p>\n","protected":false},"featured_media":3644,"comment_status":"open","ping_status":"closed","template":"","meta":{"_kad_blocks_custom_css":"","_kad_blocks_head_custom_js":"","_kad_blocks_body_custom_js":"","_kad_blocks_footer_custom_js":"","_kadence_starter_templates_imported_post":false,"_kad_post_transparent":"","_kad_post_title":"","_kad_post_layout":"","_kad_post_sidebar_id":"","_kad_post_content_style":"","_kad_post_vertical_padding":"","_kad_post_feature":"","_kad_post_feature_position":"","_kad_post_header":false,"_kad_post_footer":false,"_kad_post_classname":""},"product_brand":[],"product_cat":[47],"product_tag":[],"class_list":{"0":"post-3686","1":"product","2":"type-product","3":"status-publish","4":"has-post-thumbnail","6":"product_cat-kupeler","8":"first","9":"instock","10":"sale","11":"shipping-taxable","12":"purchasable","13":"product-type-simple","14":"entry","15":"content-bg","16":"loop-entry"},"taxonomy_info":{"product_cat":[{"value":47,"label":"K\u00fcpeler"}]},"featured_image_src_large":["https:\/\/zinetgold.com\/wp-content\/uploads\/2024\/09\/BKP0000723-14K-D-0.37-F-G-SI-52-BD-0.41-F-G-SI-12-3.82-gr.-4213-1024x1024.webp",1024,1024,true],"author_info":[],"comment_info":0,"_links":{"self":[{"href":"https:\/\/zinetgold.com\/tr\/wp-json\/wp\/v2\/product\/3686","targetHints":{"allow":["GET"]}}],"collection":[{"href":"https:\/\/zinetgold.com\/tr\/wp-json\/wp\/v2\/product"}],"about":[{"href":"https:\/\/zinetgold.com\/tr\/wp-json\/wp\/v2\/types\/product"}],"replies":[{"embeddable":true,"href":"https:\/\/zinetgold.com\/tr\/wp-json\/wp\/v2\/comments?post=3686"}],"wp:featuredmedia":[{"embeddable":true,"href":"https:\/\/zinetgold.com\/tr\/wp-json\/wp\/v2\/media\/3644"}],"wp:attachment":[{"href":"https:\/\/zinetgold.com\/tr\/wp-json\/wp\/v2\/media?parent=3686"}],"wp:term":[{"taxonomy":"product_brand","embeddable":true,"href":"https:\/\/zinetgold.com\/tr\/wp-json\/wp\/v2\/product_brand?post=3686"},{"taxonomy":"product_cat","embeddable":true,"href":"https:\/\/zinetgold.com\/tr\/wp-json\/wp\/v2\/product_cat?post=3686"},{"taxonomy":"product_tag","embeddable":true,"href":"https:\/\/zinetgold.com\/tr\/wp-json\/wp\/v2\/product_tag?post=3686"}],"curies":[{"name":"wp","href":"https:\/\/api.w.org\/{rel}","templated":true}]}}