{"id":3687,"date":"2024-09-02T06:53:48","date_gmt":"2024-09-02T03:53:48","guid":{"rendered":"https:\/\/zinetgold.com\/009-karat-dogrusal-pirlanta-citcit\/"},"modified":"2024-09-06T13:17:31","modified_gmt":"2024-09-06T10:17:31","slug":"009-karat-dogrusal-pirlanta-citcit","status":"publish","type":"product","link":"https:\/\/zinetgold.com\/tr\/009-karat-dogrusal-pirlanta-citcit\/","title":{"rendered":"0,09 Karat Do\u011frusal P\u0131rlanta \u00c7\u0131t\u00e7\u0131t"},"content":{"rendered":"<p>Bu 14 ayar beyaz alt\u0131n zarif p\u0131rlanta k\u00fcpe, baget kesim ve yuvarlak kesim p\u0131rlantalardan olu\u015fan basamakl\u0131 bir tasar\u0131ma sahiptir.<br \/>\nP\u0131rlantalar \u015f\u0131k ve modern bir ayara yerle\u015ftirilmi\u015ftir.<br \/>\nK\u00fcpeler her k\u0131yafete ihti\u015faml\u0131 bir dokunu\u015f katmak i\u00e7in m\u00fckemmeldir.  <\/p>\n","protected":false},"excerpt":{"rendered":"<p><strong>SKU-BKP0000683 <\/strong><strong>0.09 Karat <\/strong><strong>P\u0131rlanta <\/strong> K\u00fcpe<strong> 1.42 gram<\/strong> a\u011f\u0131rl\u0131\u011f\u0131nda y\u00fcksek kalite do\u011fal p\u0131rlantal\u0131 <strong>14 ayar Beyaz Alt\u0131n <\/strong><\/p>\n","protected":false},"featured_media":3643,"comment_status":"open","ping_status":"closed","template":"","meta":{"_kad_blocks_custom_css":"","_kad_blocks_head_custom_js":"","_kad_blocks_body_custom_js":"","_kad_blocks_footer_custom_js":"","_kadence_starter_templates_imported_post":false,"_kad_post_transparent":"","_kad_post_title":"","_kad_post_layout":"","_kad_post_sidebar_id":"","_kad_post_content_style":"","_kad_post_vertical_padding":"","_kad_post_feature":"","_kad_post_feature_position":"","_kad_post_header":false,"_kad_post_footer":false,"_kad_post_classname":""},"product_brand":[],"product_cat":[47],"product_tag":[],"class_list":{"0":"post-3687","1":"product","2":"type-product","3":"status-publish","4":"has-post-thumbnail","6":"product_cat-kupeler","8":"first","9":"instock","10":"sale","11":"shipping-taxable","12":"purchasable","13":"product-type-simple","14":"entry","15":"content-bg","16":"loop-entry"},"taxonomy_info":{"product_cat":[{"value":47,"label":"K\u00fcpeler"}]},"featured_image_src_large":["https:\/\/zinetgold.com\/wp-content\/uploads\/2024\/09\/BKP0000683-14K-D-0.21-F-G-SI-12-BD-0.09-F-G-SI-6-1.42-gr.-1463-1024x1024.webp",1024,1024,true],"author_info":[],"comment_info":0,"_links":{"self":[{"href":"https:\/\/zinetgold.com\/tr\/wp-json\/wp\/v2\/product\/3687","targetHints":{"allow":["GET"]}}],"collection":[{"href":"https:\/\/zinetgold.com\/tr\/wp-json\/wp\/v2\/product"}],"about":[{"href":"https:\/\/zinetgold.com\/tr\/wp-json\/wp\/v2\/types\/product"}],"replies":[{"embeddable":true,"href":"https:\/\/zinetgold.com\/tr\/wp-json\/wp\/v2\/comments?post=3687"}],"wp:featuredmedia":[{"embeddable":true,"href":"https:\/\/zinetgold.com\/tr\/wp-json\/wp\/v2\/media\/3643"}],"wp:attachment":[{"href":"https:\/\/zinetgold.com\/tr\/wp-json\/wp\/v2\/media?parent=3687"}],"wp:term":[{"taxonomy":"product_brand","embeddable":true,"href":"https:\/\/zinetgold.com\/tr\/wp-json\/wp\/v2\/product_brand?post=3687"},{"taxonomy":"product_cat","embeddable":true,"href":"https:\/\/zinetgold.com\/tr\/wp-json\/wp\/v2\/product_cat?post=3687"},{"taxonomy":"product_tag","embeddable":true,"href":"https:\/\/zinetgold.com\/tr\/wp-json\/wp\/v2\/product_tag?post=3687"}],"curies":[{"name":"wp","href":"https:\/\/api.w.org\/{rel}","templated":true}]}}