{"id":3689,"date":"2024-09-02T06:48:37","date_gmt":"2024-09-02T03:48:37","guid":{"rendered":"https:\/\/zinetgold.com\/027-karat-parlak-cicek-pirlanta-damla-kupe\/"},"modified":"2024-09-06T13:17:33","modified_gmt":"2024-09-06T10:17:33","slug":"027-karat-parlak-cicek-pirlanta-damla-kupe","status":"publish","type":"product","link":"https:\/\/zinetgold.com\/tr\/027-karat-parlak-cicek-pirlanta-damla-kupe\/","title":{"rendered":"0,27 Karat Parlak \u00c7i\u00e7ek P\u0131rlanta Damla K\u00fcpe"},"content":{"rendered":"<p>14 ayar beyaz alt\u0131n k\u00fcpeler, daha k\u00fc\u00e7\u00fck yuvarlak kesim p\u0131rlantalardan olu\u015fan yay\u0131lan bir desenle \u00e7evrili baget kesim p\u0131rlantalardan olu\u015fan kare \u015feklindeki merkezi bir k\u00fcme ile bir \u00e7i\u00e7ekten ilham alan benzersiz bir tasar\u0131ma sahiptir.<br \/>\nK\u00fcpeler bir halka toka ile sabitlenmi\u015ftir.   <\/p>\n<p data-sourcepos=\"5:1-5:19\">\n","protected":false},"excerpt":{"rendered":"<p><strong>SKU-BKP0000355 <\/strong><strong>0,27 Karat <\/strong><strong>P\u0131rlanta <\/strong> K\u00fcpe<strong> 9,77 gram<\/strong> a\u011f\u0131rl\u0131\u011f\u0131nda y\u00fcksek kalite do\u011fal p\u0131rlantal\u0131 <strong>14 ayar Beyaz Alt\u0131n <\/strong><\/p>\n","protected":false},"featured_media":3642,"comment_status":"open","ping_status":"closed","template":"","meta":{"_kad_blocks_custom_css":"","_kad_blocks_head_custom_js":"","_kad_blocks_body_custom_js":"","_kad_blocks_footer_custom_js":"","_kadence_starter_templates_imported_post":false,"_kad_post_transparent":"","_kad_post_title":"","_kad_post_layout":"","_kad_post_sidebar_id":"","_kad_post_content_style":"","_kad_post_vertical_padding":"","_kad_post_feature":"","_kad_post_feature_position":"","_kad_post_header":false,"_kad_post_footer":false,"_kad_post_classname":""},"product_brand":[],"product_cat":[47],"product_tag":[],"class_list":{"0":"post-3689","1":"product","2":"type-product","3":"status-publish","4":"has-post-thumbnail","6":"product_cat-kupeler","8":"first","9":"instock","10":"sale","11":"shipping-taxable","12":"purchasable","13":"product-type-simple","14":"entry","15":"content-bg","16":"loop-entry"},"taxonomy_info":{"product_cat":[{"value":47,"label":"K\u00fcpeler"}]},"featured_image_src_large":["https:\/\/zinetgold.com\/wp-content\/uploads\/2024\/09\/BKP0000355-14K-D-2.23-F-G-SI-296-BD-0.27-F-G-SI-6-9.77-gr.-11022-1024x1024.webp",1024,1024,true],"author_info":[],"comment_info":0,"_links":{"self":[{"href":"https:\/\/zinetgold.com\/tr\/wp-json\/wp\/v2\/product\/3689","targetHints":{"allow":["GET"]}}],"collection":[{"href":"https:\/\/zinetgold.com\/tr\/wp-json\/wp\/v2\/product"}],"about":[{"href":"https:\/\/zinetgold.com\/tr\/wp-json\/wp\/v2\/types\/product"}],"replies":[{"embeddable":true,"href":"https:\/\/zinetgold.com\/tr\/wp-json\/wp\/v2\/comments?post=3689"}],"wp:featuredmedia":[{"embeddable":true,"href":"https:\/\/zinetgold.com\/tr\/wp-json\/wp\/v2\/media\/3642"}],"wp:attachment":[{"href":"https:\/\/zinetgold.com\/tr\/wp-json\/wp\/v2\/media?parent=3689"}],"wp:term":[{"taxonomy":"product_brand","embeddable":true,"href":"https:\/\/zinetgold.com\/tr\/wp-json\/wp\/v2\/product_brand?post=3689"},{"taxonomy":"product_cat","embeddable":true,"href":"https:\/\/zinetgold.com\/tr\/wp-json\/wp\/v2\/product_cat?post=3689"},{"taxonomy":"product_tag","embeddable":true,"href":"https:\/\/zinetgold.com\/tr\/wp-json\/wp\/v2\/product_tag?post=3689"}],"curies":[{"name":"wp","href":"https:\/\/api.w.org\/{rel}","templated":true}]}}