{"id":3690,"date":"2024-08-16T17:16:08","date_gmt":"2024-08-16T14:16:08","guid":{"rendered":"https:\/\/zinetgold.com\/111-karat-drizzle-pirlanta-kolye\/"},"modified":"2024-09-06T13:17:33","modified_gmt":"2024-09-06T10:17:33","slug":"111-karat-drizzle-pirlanta-kolye","status":"publish","type":"product","link":"https:\/\/zinetgold.com\/tr\/111-karat-drizzle-pirlanta-kolye\/","title":{"rendered":"1,11 Karat Drizzle P\u0131rlanta Kolye"},"content":{"rendered":"<p><span style=\"font-family: var(--global-body-font-family);\">Bu zarif 14 ayar beyaz alt\u0131n kolye, \u0131\u015f\u0131lt\u0131l\u0131 p\u0131rlantalarla bezenmi\u015f benzersiz, basamakl\u0131 bir tasar\u0131ma sahiptir.<br \/>\nKolye ucu narin bir su damlas\u0131n\u0131 and\u0131r\u0131yor ve p\u0131rlantalar b\u00fcy\u00fcleyici bir desenle a\u015fa\u011f\u0131ya do\u011fru zarif\u00e7e ak\u0131yor. <\/span><\/p>\n","protected":false},"excerpt":{"rendered":"<p><strong>1,11 Karat<\/strong> P\u0131rlanta Kolye <strong>14 ayar Beyaz Alt\u0131n<\/strong> <strong>,<\/strong> <strong> <\/strong><strong> 4,08 gram <\/strong> a\u011f\u0131rl\u0131\u011f\u0131nda y\u00fcksek kaliteli do\u011fal p\u0131rlanta <strong> MKL0000021 <\/strong> <\/p>\n","protected":false},"featured_media":3548,"comment_status":"open","ping_status":"closed","template":"","meta":{"_kad_blocks_custom_css":"","_kad_blocks_head_custom_js":"","_kad_blocks_body_custom_js":"","_kad_blocks_footer_custom_js":"","_kadence_starter_templates_imported_post":false,"_kad_post_transparent":"","_kad_post_title":"","_kad_post_layout":"","_kad_post_sidebar_id":"","_kad_post_content_style":"","_kad_post_vertical_padding":"","_kad_post_feature":"","_kad_post_feature_position":"","_kad_post_header":false,"_kad_post_footer":false,"_kad_post_classname":""},"product_brand":[],"product_cat":[48],"product_tag":[49],"class_list":{"0":"post-3690","1":"product","2":"type-product","3":"status-publish","4":"has-post-thumbnail","6":"product_cat-kolyeler","7":"product_tag-mkl0000021-tr","9":"first","10":"instock","11":"sale","12":"shipping-taxable","13":"purchasable","14":"product-type-simple","15":"entry","16":"content-bg","17":"loop-entry"},"taxonomy_info":{"product_cat":[{"value":48,"label":"Kolyeler"}],"product_tag":[{"value":49,"label":"MKL0000021"}]},"featured_image_src_large":["https:\/\/zinetgold.com\/wp-content\/uploads\/2024\/08\/MKL0000021-14K-D-1.11-F-G-SI-36-4.08gr-5434-1024x1024.webp",1024,1024,true],"author_info":[],"comment_info":0,"_links":{"self":[{"href":"https:\/\/zinetgold.com\/tr\/wp-json\/wp\/v2\/product\/3690","targetHints":{"allow":["GET"]}}],"collection":[{"href":"https:\/\/zinetgold.com\/tr\/wp-json\/wp\/v2\/product"}],"about":[{"href":"https:\/\/zinetgold.com\/tr\/wp-json\/wp\/v2\/types\/product"}],"replies":[{"embeddable":true,"href":"https:\/\/zinetgold.com\/tr\/wp-json\/wp\/v2\/comments?post=3690"}],"wp:featuredmedia":[{"embeddable":true,"href":"https:\/\/zinetgold.com\/tr\/wp-json\/wp\/v2\/media\/3548"}],"wp:attachment":[{"href":"https:\/\/zinetgold.com\/tr\/wp-json\/wp\/v2\/media?parent=3690"}],"wp:term":[{"taxonomy":"product_brand","embeddable":true,"href":"https:\/\/zinetgold.com\/tr\/wp-json\/wp\/v2\/product_brand?post=3690"},{"taxonomy":"product_cat","embeddable":true,"href":"https:\/\/zinetgold.com\/tr\/wp-json\/wp\/v2\/product_cat?post=3690"},{"taxonomy":"product_tag","embeddable":true,"href":"https:\/\/zinetgold.com\/tr\/wp-json\/wp\/v2\/product_tag?post=3690"}],"curies":[{"name":"wp","href":"https:\/\/api.w.org\/{rel}","templated":true}]}}