{"id":3693,"date":"2024-08-16T13:59:30","date_gmt":"2024-08-16T10:59:30","guid":{"rendered":"https:\/\/zinetgold.com\/033-karat-pirlanta-altin-ufuk-kolye\/"},"modified":"2024-09-06T13:17:42","modified_gmt":"2024-09-06T10:17:42","slug":"033-karat-pirlanta-altin-ufuk-kolye","status":"publish","type":"product","link":"https:\/\/zinetgold.com\/tr\/033-karat-pirlanta-altin-ufuk-kolye\/","title":{"rendered":"0,33 Karat P\u0131rlanta Alt\u0131n Ufuk Kolye"},"content":{"rendered":"<p>Bu zarif par\u00e7a, 14 ayar beyaz alt\u0131n zincir \u00fczerine yerle\u015ftirilmi\u015f, bir s\u0131ra daha k\u00fc\u00e7\u00fck pav\u00e9-set p\u0131rlanta ile \u00e7er\u00e7evelenmi\u015f, m\u00fckemmel \u015fekilde hizalanm\u0131\u015f baget kesim p\u0131rlantalardan olu\u015fan kavisli bir \u00e7ubu\u011fa sahiptir.<br \/>\n\u00c7ubu\u011fun hafif kavisi y\u00fckselen bir ufku sembolize ederek kolyeye \u015f\u0131k ve modern bir estetik kazand\u0131r\u0131yor.   &nbsp;<\/p>\n","protected":false},"excerpt":{"rendered":"<p><strong>SKU-BKL00009620<\/strong><strong>.33 Karat<\/strong> P\u0131rlanta Kolye <strong>14 ayar Beyaz Alt\u0131n<\/strong> <strong>,<\/strong> <strong> <\/strong><strong> 2.79 gram<\/strong> a\u011f\u0131rl\u0131\u011f\u0131nda y\u00fcksek kaliteli do\u011fal p\u0131rlanta<\/p>\n","protected":false},"featured_media":3541,"comment_status":"open","ping_status":"closed","template":"","meta":{"_kad_blocks_custom_css":"","_kad_blocks_head_custom_js":"","_kad_blocks_body_custom_js":"","_kad_blocks_footer_custom_js":"","_kadence_starter_templates_imported_post":false,"_kad_post_transparent":"","_kad_post_title":"","_kad_post_layout":"","_kad_post_sidebar_id":"","_kad_post_content_style":"","_kad_post_vertical_padding":"","_kad_post_feature":"","_kad_post_feature_position":"","_kad_post_header":false,"_kad_post_footer":false,"_kad_post_classname":""},"product_brand":[],"product_cat":[48],"product_tag":[],"class_list":{"0":"post-3693","1":"product","2":"type-product","3":"status-publish","4":"has-post-thumbnail","6":"product_cat-kolyeler","8":"first","9":"instock","10":"sale","11":"shipping-taxable","12":"purchasable","13":"product-type-simple","14":"entry","15":"content-bg","16":"loop-entry"},"taxonomy_info":{"product_cat":[{"value":48,"label":"Kolyeler"}]},"featured_image_src_large":["https:\/\/zinetgold.com\/wp-content\/uploads\/2024\/08\/BKL0000962-14K-D-0.29-F-G-SI-56-BD-0.33-F-G-SI-26-2.79-gr.-3135-1024x1024.webp",1024,1024,true],"author_info":[],"comment_info":0,"_links":{"self":[{"href":"https:\/\/zinetgold.com\/tr\/wp-json\/wp\/v2\/product\/3693","targetHints":{"allow":["GET"]}}],"collection":[{"href":"https:\/\/zinetgold.com\/tr\/wp-json\/wp\/v2\/product"}],"about":[{"href":"https:\/\/zinetgold.com\/tr\/wp-json\/wp\/v2\/types\/product"}],"replies":[{"embeddable":true,"href":"https:\/\/zinetgold.com\/tr\/wp-json\/wp\/v2\/comments?post=3693"}],"wp:featuredmedia":[{"embeddable":true,"href":"https:\/\/zinetgold.com\/tr\/wp-json\/wp\/v2\/media\/3541"}],"wp:attachment":[{"href":"https:\/\/zinetgold.com\/tr\/wp-json\/wp\/v2\/media?parent=3693"}],"wp:term":[{"taxonomy":"product_brand","embeddable":true,"href":"https:\/\/zinetgold.com\/tr\/wp-json\/wp\/v2\/product_brand?post=3693"},{"taxonomy":"product_cat","embeddable":true,"href":"https:\/\/zinetgold.com\/tr\/wp-json\/wp\/v2\/product_cat?post=3693"},{"taxonomy":"product_tag","embeddable":true,"href":"https:\/\/zinetgold.com\/tr\/wp-json\/wp\/v2\/product_tag?post=3693"}],"curies":[{"name":"wp","href":"https:\/\/api.w.org\/{rel}","templated":true}]}}