{"id":3694,"date":"2024-08-16T16:08:33","date_gmt":"2024-08-16T13:08:33","guid":{"rendered":"https:\/\/zinetgold.com\/028-karat-pirlanta-bezel-istasyon-kolye\/"},"modified":"2024-09-06T13:17:43","modified_gmt":"2024-09-06T10:17:43","slug":"028-karat-pirlanta-bezel-istasyon-kolye","status":"publish","type":"product","link":"https:\/\/zinetgold.com\/tr\/028-karat-pirlanta-bezel-istasyon-kolye\/","title":{"rendered":"0,28 Karat P\u0131rlanta Bezel \u0130stasyon Kolye"},"content":{"rendered":"<div class=\"markdown markdown-main-panel\" dir=\"ltr\">\n<p class=\"first-token\" data-sourcepos=\"1:1-1:10\">Bu zarif 14 ayar beyaz alt\u0131n kolye, e\u015fit aral\u0131klarla dizilmi\u015f yedi adet yuvarlak \u00e7i\u00e7ek tarz\u0131 p\u0131rlanta ile s\u00fcslenmi\u015f zarif bir zincire sahiptir.<br \/>\nHer bir p\u0131rlanta, temiz ve modern bir g\u00f6r\u00fcn\u00fcm yaratan bir \u00e7er\u00e7eve ayar\u0131na g\u00fcvenli bir \u015fekilde yerle\u015ftirilmi\u015ftir.<br \/>\nGenel tasar\u0131m\u0131 sade ama sofistike oldu\u011fundan, ister a\u015fa\u011f\u0131 ister yukar\u0131 tak\u0131labilecek \u00e7ok y\u00f6nl\u00fc bir par\u00e7ad\u0131r.  <\/p>\n<p data-sourcepos=\"5:1-5:58\">\n<\/div>\n","protected":false},"excerpt":{"rendered":"<p><strong>SKU-MKL00000190<\/strong><strong>.28 Karat<\/strong> P\u0131rlanta Kolye <strong>14 ayar Beyaz Alt\u0131n<\/strong>, <strong> <\/strong><strong> 2.77 gram<\/strong> a\u011f\u0131rl\u0131\u011f\u0131nda y\u00fcksek kalite do\u011fal p\u0131rlanta<\/p>\n","protected":false},"featured_media":3546,"comment_status":"open","ping_status":"closed","template":"","meta":{"_kad_blocks_custom_css":"","_kad_blocks_head_custom_js":"","_kad_blocks_body_custom_js":"","_kad_blocks_footer_custom_js":"","_kadence_starter_templates_imported_post":false,"_kad_post_transparent":"","_kad_post_title":"","_kad_post_layout":"","_kad_post_sidebar_id":"","_kad_post_content_style":"","_kad_post_vertical_padding":"","_kad_post_feature":"","_kad_post_feature_position":"","_kad_post_header":false,"_kad_post_footer":false,"_kad_post_classname":""},"product_brand":[],"product_cat":[48],"product_tag":[51],"class_list":{"0":"post-3694","1":"product","2":"type-product","3":"status-publish","4":"has-post-thumbnail","6":"product_cat-kolyeler","7":"product_tag-mkl0000019-tr","9":"first","10":"instock","11":"sale","12":"shipping-taxable","13":"purchasable","14":"product-type-simple","15":"entry","16":"content-bg","17":"loop-entry"},"taxonomy_info":{"product_cat":[{"value":48,"label":"Kolyeler"}],"product_tag":[{"value":51,"label":"MKL0000019"}]},"featured_image_src_large":["https:\/\/zinetgold.com\/wp-content\/uploads\/2024\/08\/MKL0000019-14K-D-0.28-F-G-SI-49-2.77gr-2046-1024x1024.webp",1024,1024,true],"author_info":[],"comment_info":0,"_links":{"self":[{"href":"https:\/\/zinetgold.com\/tr\/wp-json\/wp\/v2\/product\/3694","targetHints":{"allow":["GET"]}}],"collection":[{"href":"https:\/\/zinetgold.com\/tr\/wp-json\/wp\/v2\/product"}],"about":[{"href":"https:\/\/zinetgold.com\/tr\/wp-json\/wp\/v2\/types\/product"}],"replies":[{"embeddable":true,"href":"https:\/\/zinetgold.com\/tr\/wp-json\/wp\/v2\/comments?post=3694"}],"wp:featuredmedia":[{"embeddable":true,"href":"https:\/\/zinetgold.com\/tr\/wp-json\/wp\/v2\/media\/3546"}],"wp:attachment":[{"href":"https:\/\/zinetgold.com\/tr\/wp-json\/wp\/v2\/media?parent=3694"}],"wp:term":[{"taxonomy":"product_brand","embeddable":true,"href":"https:\/\/zinetgold.com\/tr\/wp-json\/wp\/v2\/product_brand?post=3694"},{"taxonomy":"product_cat","embeddable":true,"href":"https:\/\/zinetgold.com\/tr\/wp-json\/wp\/v2\/product_cat?post=3694"},{"taxonomy":"product_tag","embeddable":true,"href":"https:\/\/zinetgold.com\/tr\/wp-json\/wp\/v2\/product_tag?post=3694"}],"curies":[{"name":"wp","href":"https:\/\/api.w.org\/{rel}","templated":true}]}}