{"id":3695,"date":"2024-08-16T13:38:21","date_gmt":"2024-08-16T10:38:21","guid":{"rendered":"https:\/\/zinetgold.com\/0-08-pirlanta-ciy-damlasi-kolye\/"},"modified":"2024-09-06T13:17:44","modified_gmt":"2024-09-06T10:17:44","slug":"0-08-pirlanta-ciy-damlasi-kolye","status":"publish","type":"product","link":"https:\/\/zinetgold.com\/tr\/0-08-pirlanta-ciy-damlasi-kolye\/","title":{"rendered":"0.08 P\u0131rlanta \u00c7iy Damlas\u0131 Kolye"},"content":{"rendered":"<p>P\u0131rlanta \u00c7iy Damlas\u0131 Kolye, \u0131\u015f\u0131lt\u0131l\u0131 damlac\u0131klar gibi zarif\u00e7e sallanan armut bi\u00e7imli ve baget kesim p\u0131rlanta tak\u0131larla s\u00fcslenmi\u015f zarif bir 14 ayar beyaz alt\u0131n zincire sahiptir.<br \/>\nP\u0131rlantalar\u0131n d\u00f6n\u00fc\u015f\u00fcml\u00fc deseni tuhaf ama zarif bir g\u00f6r\u00fcn\u00fcm yarat\u0131rken, ortadaki armut bi\u00e7imli p\u0131rlanta tasar\u0131m\u0131n en \u00f6nemli par\u00e7as\u0131 olarak \u00f6ne \u00e7\u0131k\u0131yor.   &nbsp;<\/p>\n","protected":false},"excerpt":{"rendered":"<p><strong>SKU-BKL00009480<\/strong><strong>.08 Karat<\/strong> P\u0131rlanta Kolye <strong>14 ayar Beyaz Alt\u0131n<\/strong><strong>,<\/strong> <strong> <\/strong><strong> 2.60 gram<\/strong> a\u011f\u0131rl\u0131\u011f\u0131nda y\u00fcksek kaliteli do\u011fal p\u0131rlanta<\/p>\n","protected":false},"featured_media":3539,"comment_status":"open","ping_status":"closed","template":"","meta":{"_kad_blocks_custom_css":"","_kad_blocks_head_custom_js":"","_kad_blocks_body_custom_js":"","_kad_blocks_footer_custom_js":"","_kadence_starter_templates_imported_post":false,"_kad_post_transparent":"","_kad_post_title":"","_kad_post_layout":"","_kad_post_sidebar_id":"","_kad_post_content_style":"","_kad_post_vertical_padding":"","_kad_post_feature":"","_kad_post_feature_position":"","_kad_post_header":false,"_kad_post_footer":false,"_kad_post_classname":""},"product_brand":[],"product_cat":[48],"product_tag":[],"class_list":{"0":"post-3695","1":"product","2":"type-product","3":"status-publish","4":"has-post-thumbnail","6":"product_cat-kolyeler","8":"first","9":"instock","10":"sale","11":"shipping-taxable","12":"purchasable","13":"product-type-simple","14":"entry","15":"content-bg","16":"loop-entry"},"taxonomy_info":{"product_cat":[{"value":48,"label":"Kolyeler"}]},"featured_image_src_large":["https:\/\/zinetgold.com\/wp-content\/uploads\/2024\/08\/BKL0000948-14K-D-0.17-F-G-SI-3-BD-0.08-F-G-SI-4-2.60-gr.-1804-1024x1024.webp",1024,1024,true],"author_info":[],"comment_info":0,"_links":{"self":[{"href":"https:\/\/zinetgold.com\/tr\/wp-json\/wp\/v2\/product\/3695","targetHints":{"allow":["GET"]}}],"collection":[{"href":"https:\/\/zinetgold.com\/tr\/wp-json\/wp\/v2\/product"}],"about":[{"href":"https:\/\/zinetgold.com\/tr\/wp-json\/wp\/v2\/types\/product"}],"replies":[{"embeddable":true,"href":"https:\/\/zinetgold.com\/tr\/wp-json\/wp\/v2\/comments?post=3695"}],"wp:featuredmedia":[{"embeddable":true,"href":"https:\/\/zinetgold.com\/tr\/wp-json\/wp\/v2\/media\/3539"}],"wp:attachment":[{"href":"https:\/\/zinetgold.com\/tr\/wp-json\/wp\/v2\/media?parent=3695"}],"wp:term":[{"taxonomy":"product_brand","embeddable":true,"href":"https:\/\/zinetgold.com\/tr\/wp-json\/wp\/v2\/product_brand?post=3695"},{"taxonomy":"product_cat","embeddable":true,"href":"https:\/\/zinetgold.com\/tr\/wp-json\/wp\/v2\/product_cat?post=3695"},{"taxonomy":"product_tag","embeddable":true,"href":"https:\/\/zinetgold.com\/tr\/wp-json\/wp\/v2\/product_tag?post=3695"}],"curies":[{"name":"wp","href":"https:\/\/api.w.org\/{rel}","templated":true}]}}