{"id":3696,"date":"2024-08-16T15:19:16","date_gmt":"2024-08-16T12:19:16","guid":{"rendered":"https:\/\/zinetgold.com\/031-karat-pirlanta-goksel-egri-kolye\/"},"modified":"2024-09-06T13:17:45","modified_gmt":"2024-09-06T10:17:45","slug":"031-karat-pirlanta-goksel-egri-kolye","status":"publish","type":"product","link":"https:\/\/zinetgold.com\/tr\/031-karat-pirlanta-goksel-egri-kolye\/","title":{"rendered":"0,31 Karat P\u0131rlanta G\u00f6ksel E\u011fri Kolye"},"content":{"rendered":"<p><span style=\"font-family: var(--global-body-font-family);\">  Minimalist ve zarif 14 ayar beyaz alt\u0131n kolye, \u0131\u015f\u0131lt\u0131l\u0131 p\u0131rlantalar\u0131n zarif k\u0131vr\u0131mlar\u0131yla s\u00fcslenmi\u015f narin bir zincire sahiptir.<br \/>\nE\u015fit aral\u0131klarla yerle\u015ftirilmi\u015f p\u0131rlantalar tak\u0131my\u0131ld\u0131z\u0131 benzeri bir etki yaratarak par\u00e7aya g\u00f6ksel bir g\u00fczellik kat\u0131yor. <\/span><\/p>\n","protected":false},"excerpt":{"rendered":"<p><strong>SKU-MKL00000160<\/strong><strong>.31 Karat<\/strong> P\u0131rlanta Kolye <strong>14 ayar Beyaz Alt\u0131n<\/strong><strong>,<\/strong> <strong> <\/strong><strong> 2.48 gram<\/strong> a\u011f\u0131rl\u0131\u011f\u0131nda y\u00fcksek kalite do\u011fal p\u0131rlanta<\/p>\n","protected":false},"featured_media":3545,"comment_status":"open","ping_status":"closed","template":"","meta":{"_kad_blocks_custom_css":"","_kad_blocks_head_custom_js":"","_kad_blocks_body_custom_js":"","_kad_blocks_footer_custom_js":"","_kadence_starter_templates_imported_post":false,"_kad_post_transparent":"","_kad_post_title":"","_kad_post_layout":"","_kad_post_sidebar_id":"","_kad_post_content_style":"","_kad_post_vertical_padding":"","_kad_post_feature":"","_kad_post_feature_position":"","_kad_post_header":false,"_kad_post_footer":false,"_kad_post_classname":""},"product_brand":[],"product_cat":[48],"product_tag":[52],"class_list":{"0":"post-3696","1":"product","2":"type-product","3":"status-publish","4":"has-post-thumbnail","6":"product_cat-kolyeler","7":"product_tag-mkl0000016-tr","9":"first","10":"instock","11":"sale","12":"shipping-taxable","13":"purchasable","14":"product-type-simple","15":"entry","16":"content-bg","17":"loop-entry"},"taxonomy_info":{"product_cat":[{"value":48,"label":"Kolyeler"}],"product_tag":[{"value":52,"label":"MKL0000016"}]},"featured_image_src_large":["https:\/\/zinetgold.com\/wp-content\/uploads\/2024\/08\/MKL0000016-14K-D-0.31-F-G-SI-9-2.48gr-1911-1024x1024.webp",1024,1024,true],"author_info":[],"comment_info":0,"_links":{"self":[{"href":"https:\/\/zinetgold.com\/tr\/wp-json\/wp\/v2\/product\/3696","targetHints":{"allow":["GET"]}}],"collection":[{"href":"https:\/\/zinetgold.com\/tr\/wp-json\/wp\/v2\/product"}],"about":[{"href":"https:\/\/zinetgold.com\/tr\/wp-json\/wp\/v2\/types\/product"}],"replies":[{"embeddable":true,"href":"https:\/\/zinetgold.com\/tr\/wp-json\/wp\/v2\/comments?post=3696"}],"wp:featuredmedia":[{"embeddable":true,"href":"https:\/\/zinetgold.com\/tr\/wp-json\/wp\/v2\/media\/3545"}],"wp:attachment":[{"href":"https:\/\/zinetgold.com\/tr\/wp-json\/wp\/v2\/media?parent=3696"}],"wp:term":[{"taxonomy":"product_brand","embeddable":true,"href":"https:\/\/zinetgold.com\/tr\/wp-json\/wp\/v2\/product_brand?post=3696"},{"taxonomy":"product_cat","embeddable":true,"href":"https:\/\/zinetgold.com\/tr\/wp-json\/wp\/v2\/product_cat?post=3696"},{"taxonomy":"product_tag","embeddable":true,"href":"https:\/\/zinetgold.com\/tr\/wp-json\/wp\/v2\/product_tag?post=3696"}],"curies":[{"name":"wp","href":"https:\/\/api.w.org\/{rel}","templated":true}]}}