{"id":3697,"date":"2024-08-16T13:27:07","date_gmt":"2024-08-16T10:27:07","guid":{"rendered":"https:\/\/zinetgold.com\/012-karat-pirlanta-elegance-kolye\/"},"modified":"2024-09-06T13:17:45","modified_gmt":"2024-09-06T10:17:45","slug":"012-karat-pirlanta-elegance-kolye","status":"publish","type":"product","link":"https:\/\/zinetgold.com\/tr\/012-karat-pirlanta-elegance-kolye\/","title":{"rendered":"0,12 Karat P\u0131rlanta Elegance Kolye."},"content":{"rendered":"<p>Modern ve klasik tasar\u0131m unsurlar\u0131 aras\u0131nda ince bir denge kuran F\u0131s\u0131ldayan Zarafet Kolye, p\u0131rlanta kapl\u0131 parlak ba\u011flant\u0131larla birbirine ba\u011flanan narin pembe alt\u0131n \u00e7ubuklara sahiptir. Kolye boyunca serpi\u015ftirilmi\u015f g\u00f6z kama\u015ft\u0131r\u0131c\u0131 armut bi\u00e7imli ve baget kesim p\u0131rlantalar asimetrik bir cazibe kat\u0131yor. Merkezdeki armut bi\u00e7imli p\u0131rlanta damla, zamans\u0131z bir cazibe sunarak odak noktas\u0131 g\u00f6revi g\u00f6r\u00fcr. .<\/p>\n","protected":false},"excerpt":{"rendered":"<p><strong>SKU-BKL00009440<\/strong><strong>.12 Karat<\/strong> P\u0131rlanta Kolye <strong>14 ayar Beyaz Alt\u0131n<\/strong> <strong>,<\/strong> <strong> <\/strong><strong> 3,76 gram<\/strong> a\u011f\u0131rl\u0131\u011f\u0131nda y\u00fcksek kaliteli do\u011fal p\u0131rlanta<\/p>\n","protected":false},"featured_media":3540,"comment_status":"open","ping_status":"closed","template":"","meta":{"_kad_blocks_custom_css":"","_kad_blocks_head_custom_js":"","_kad_blocks_body_custom_js":"","_kad_blocks_footer_custom_js":"","_kadence_starter_templates_imported_post":false,"_kad_post_transparent":"","_kad_post_title":"","_kad_post_layout":"","_kad_post_sidebar_id":"","_kad_post_content_style":"","_kad_post_vertical_padding":"","_kad_post_feature":"","_kad_post_feature_position":"","_kad_post_header":false,"_kad_post_footer":false,"_kad_post_classname":""},"product_brand":[],"product_cat":[48],"product_tag":[],"class_list":{"0":"post-3697","1":"product","2":"type-product","3":"status-publish","4":"has-post-thumbnail","6":"product_cat-kolyeler","8":"first","9":"instock","10":"sale","11":"shipping-taxable","12":"purchasable","13":"product-type-simple","14":"entry","15":"content-bg","16":"loop-entry"},"taxonomy_info":{"product_cat":[{"value":48,"label":"Kolyeler"}]},"featured_image_src_large":["https:\/\/zinetgold.com\/wp-content\/uploads\/2024\/08\/BKL0000944-14K-D-0.12-F-G-SI-3-BD-0.12-F-G-SI-4-3.76-gr.-2288-1-1024x1024.webp",1024,1024,true],"author_info":[],"comment_info":0,"_links":{"self":[{"href":"https:\/\/zinetgold.com\/tr\/wp-json\/wp\/v2\/product\/3697","targetHints":{"allow":["GET"]}}],"collection":[{"href":"https:\/\/zinetgold.com\/tr\/wp-json\/wp\/v2\/product"}],"about":[{"href":"https:\/\/zinetgold.com\/tr\/wp-json\/wp\/v2\/types\/product"}],"replies":[{"embeddable":true,"href":"https:\/\/zinetgold.com\/tr\/wp-json\/wp\/v2\/comments?post=3697"}],"wp:featuredmedia":[{"embeddable":true,"href":"https:\/\/zinetgold.com\/tr\/wp-json\/wp\/v2\/media\/3540"}],"wp:attachment":[{"href":"https:\/\/zinetgold.com\/tr\/wp-json\/wp\/v2\/media?parent=3697"}],"wp:term":[{"taxonomy":"product_brand","embeddable":true,"href":"https:\/\/zinetgold.com\/tr\/wp-json\/wp\/v2\/product_brand?post=3697"},{"taxonomy":"product_cat","embeddable":true,"href":"https:\/\/zinetgold.com\/tr\/wp-json\/wp\/v2\/product_cat?post=3697"},{"taxonomy":"product_tag","embeddable":true,"href":"https:\/\/zinetgold.com\/tr\/wp-json\/wp\/v2\/product_tag?post=3697"}],"curies":[{"name":"wp","href":"https:\/\/api.w.org\/{rel}","templated":true}]}}