{"id":3698,"date":"2024-08-16T15:14:16","date_gmt":"2024-08-16T12:14:16","guid":{"rendered":"https:\/\/zinetgold.com\/2-00-karat-pirlanta-cicekli-kolye\/"},"modified":"2024-09-06T13:17:46","modified_gmt":"2024-09-06T10:17:46","slug":"2-00-karat-pirlanta-cicekli-kolye","status":"publish","type":"product","link":"https:\/\/zinetgold.com\/tr\/2-00-karat-pirlanta-cicekli-kolye\/","title":{"rendered":"2.00 Karat P\u0131rlanta \u00c7i\u00e7ekli Kolye"},"content":{"rendered":"<p><span style=\"font-family: var(--global-body-font-family);\">14 ayar beyaz alt\u0131ndan yap\u0131lm\u0131\u015f bu zarif kolye, Y \u015feklinde bir tasar\u0131ma ve s\u00fcrekli \u0131\u015f\u0131ldayan bir s\u0131ra p\u0131rlantaya sahiptir.<br \/>\nNarin zincir V \u015feklinde bir d\u00fczenlemeye ge\u00e7erek tek bir p\u0131rlanta kolye ucuyla son buluyor. <\/span><\/p>\n","protected":false},"excerpt":{"rendered":"<p><strong>SKU-GKL0000008 <\/strong><strong>2.00 Karat<\/strong> P\u0131rlanta Kolye <strong>14 ayar Beyaz Alt\u0131n<\/strong>, <strong> <\/strong><strong> 17.97gram<\/strong> a\u011f\u0131rl\u0131\u011f\u0131nda y\u00fcksek kaliteli do\u011fal p\u0131rlanta<\/p>\n","protected":false},"featured_media":3544,"comment_status":"open","ping_status":"closed","template":"","meta":{"_kad_blocks_custom_css":"","_kad_blocks_head_custom_js":"","_kad_blocks_body_custom_js":"","_kad_blocks_footer_custom_js":"","_kadence_starter_templates_imported_post":false,"_kad_post_transparent":"","_kad_post_title":"","_kad_post_layout":"","_kad_post_sidebar_id":"","_kad_post_content_style":"","_kad_post_vertical_padding":"","_kad_post_feature":"","_kad_post_feature_position":"","_kad_post_header":false,"_kad_post_footer":false,"_kad_post_classname":""},"product_brand":[],"product_cat":[48],"product_tag":[],"class_list":{"0":"post-3698","1":"product","2":"type-product","3":"status-publish","4":"has-post-thumbnail","6":"product_cat-kolyeler","8":"first","9":"instock","10":"sale","11":"shipping-taxable","12":"purchasable","13":"product-type-simple","14":"entry","15":"content-bg","16":"loop-entry"},"taxonomy_info":{"product_cat":[{"value":48,"label":"Kolyeler"}]},"featured_image_src_large":["https:\/\/zinetgold.com\/wp-content\/uploads\/2024\/08\/GKL0000008-14K-D-2.00-F-G-SI-294-17.97gr-13298-1024x1024.webp",1024,1024,true],"author_info":[],"comment_info":0,"_links":{"self":[{"href":"https:\/\/zinetgold.com\/tr\/wp-json\/wp\/v2\/product\/3698","targetHints":{"allow":["GET"]}}],"collection":[{"href":"https:\/\/zinetgold.com\/tr\/wp-json\/wp\/v2\/product"}],"about":[{"href":"https:\/\/zinetgold.com\/tr\/wp-json\/wp\/v2\/types\/product"}],"replies":[{"embeddable":true,"href":"https:\/\/zinetgold.com\/tr\/wp-json\/wp\/v2\/comments?post=3698"}],"wp:featuredmedia":[{"embeddable":true,"href":"https:\/\/zinetgold.com\/tr\/wp-json\/wp\/v2\/media\/3544"}],"wp:attachment":[{"href":"https:\/\/zinetgold.com\/tr\/wp-json\/wp\/v2\/media?parent=3698"}],"wp:term":[{"taxonomy":"product_brand","embeddable":true,"href":"https:\/\/zinetgold.com\/tr\/wp-json\/wp\/v2\/product_brand?post=3698"},{"taxonomy":"product_cat","embeddable":true,"href":"https:\/\/zinetgold.com\/tr\/wp-json\/wp\/v2\/product_cat?post=3698"},{"taxonomy":"product_tag","embeddable":true,"href":"https:\/\/zinetgold.com\/tr\/wp-json\/wp\/v2\/product_tag?post=3698"}],"curies":[{"name":"wp","href":"https:\/\/api.w.org\/{rel}","templated":true}]}}