{"id":3699,"date":"2024-08-16T13:20:36","date_gmt":"2024-08-16T10:20:36","guid":{"rendered":"https:\/\/zinetgold.com\/034-karat-pirlanta-altin-kolye\/"},"modified":"2024-09-06T13:17:47","modified_gmt":"2024-09-06T10:17:47","slug":"034-karat-pirlanta-altin-kolye","status":"publish","type":"product","link":"https:\/\/zinetgold.com\/tr\/034-karat-pirlanta-altin-kolye\/","title":{"rendered":"0,34 Karat P\u0131rlanta Alt\u0131n Kolye"},"content":{"rendered":"<p>Bu par\u00e7an\u0131n ad\u0131 Elmas Alt\u0131n Kolye.<br \/>\n14 ayar beyaz alt\u0131ndan yap\u0131lm\u0131\u015f \u015f\u0131k bir zincire sahip olan bu kolye, k\u0131vr\u0131ml\u0131, p\u0131rlanta kapl\u0131 bir \u00e7ubuktan narin bir \u015fekilde sarkan baget kesim p\u0131rlanta tak\u0131larla s\u00fcslenmi\u015ftir.<br \/>\nKolyelerin de\u011fi\u015fen uzunluklar\u0131, \u015fafak vakti g\u00fcne\u015f \u0131\u015f\u0131nlar\u0131n\u0131 an\u0131msatan dinamik, \u0131\u015f\u0131lt\u0131l\u0131 bir etki yarat\u0131yor.    &nbsp;<\/p>\n","protected":false},"excerpt":{"rendered":"<p><strong>SKU-BKL00009340<\/strong><strong>.34 Karat<\/strong> P\u0131rlanta Kolye <strong>14 ayar Beyaz Alt\u0131n<\/strong><strong>,<\/strong> <strong> <\/strong><strong> 5.20 gram<\/strong> a\u011f\u0131rl\u0131\u011f\u0131nda y\u00fcksek kaliteli do\u011fal p\u0131rlanta<\/p>\n","protected":false},"featured_media":3537,"comment_status":"open","ping_status":"closed","template":"","meta":{"_kad_blocks_custom_css":"","_kad_blocks_head_custom_js":"","_kad_blocks_body_custom_js":"","_kad_blocks_footer_custom_js":"","_kadence_starter_templates_imported_post":false,"_kad_post_transparent":"","_kad_post_title":"","_kad_post_layout":"","_kad_post_sidebar_id":"","_kad_post_content_style":"","_kad_post_vertical_padding":"","_kad_post_feature":"","_kad_post_feature_position":"","_kad_post_header":false,"_kad_post_footer":false,"_kad_post_classname":""},"product_brand":[],"product_cat":[48],"product_tag":[],"class_list":{"0":"post-3699","1":"product","2":"type-product","3":"status-publish","4":"has-post-thumbnail","6":"product_cat-kolyeler","8":"first","9":"instock","10":"sale","11":"shipping-taxable","12":"purchasable","13":"product-type-simple","14":"entry","15":"content-bg","16":"loop-entry"},"taxonomy_info":{"product_cat":[{"value":48,"label":"Kolyeler"}]},"featured_image_src_large":["https:\/\/zinetgold.com\/wp-content\/uploads\/2024\/08\/BKL0000934-14K-D-0.41-F-G-SI-41-BD-0.34-F-G-SI-11-5.20-gr.-4565-1024x1024.webp",1024,1024,true],"author_info":[],"comment_info":0,"_links":{"self":[{"href":"https:\/\/zinetgold.com\/tr\/wp-json\/wp\/v2\/product\/3699","targetHints":{"allow":["GET"]}}],"collection":[{"href":"https:\/\/zinetgold.com\/tr\/wp-json\/wp\/v2\/product"}],"about":[{"href":"https:\/\/zinetgold.com\/tr\/wp-json\/wp\/v2\/types\/product"}],"replies":[{"embeddable":true,"href":"https:\/\/zinetgold.com\/tr\/wp-json\/wp\/v2\/comments?post=3699"}],"wp:featuredmedia":[{"embeddable":true,"href":"https:\/\/zinetgold.com\/tr\/wp-json\/wp\/v2\/media\/3537"}],"wp:attachment":[{"href":"https:\/\/zinetgold.com\/tr\/wp-json\/wp\/v2\/media?parent=3699"}],"wp:term":[{"taxonomy":"product_brand","embeddable":true,"href":"https:\/\/zinetgold.com\/tr\/wp-json\/wp\/v2\/product_brand?post=3699"},{"taxonomy":"product_cat","embeddable":true,"href":"https:\/\/zinetgold.com\/tr\/wp-json\/wp\/v2\/product_cat?post=3699"},{"taxonomy":"product_tag","embeddable":true,"href":"https:\/\/zinetgold.com\/tr\/wp-json\/wp\/v2\/product_tag?post=3699"}],"curies":[{"name":"wp","href":"https:\/\/api.w.org\/{rel}","templated":true}]}}