{"id":3700,"date":"2024-08-16T15:03:38","date_gmt":"2024-08-16T12:03:38","guid":{"rendered":"https:\/\/zinetgold.com\/343-karat-pirlanta-isiltili-kademeli-kolye\/"},"modified":"2024-09-06T13:17:48","modified_gmt":"2024-09-06T10:17:48","slug":"343-karat-pirlanta-isiltili-kademeli-kolye","status":"publish","type":"product","link":"https:\/\/zinetgold.com\/tr\/343-karat-pirlanta-isiltili-kademeli-kolye\/","title":{"rendered":"3,43 Karat P\u0131rlanta I\u015f\u0131lt\u0131l\u0131 Kademeli Kolye"},"content":{"rendered":"<p><span style=\"font-family: var(--global-body-font-family);\">I\u015f\u0131lt\u0131l\u0131 ta\u015flarla bezenmi\u015f 14 ayar beyaz alt\u0131n tasar\u0131ma sahip g\u00f6z kama\u015ft\u0131r\u0131c\u0131 bir p\u0131rlanta kolye.<br \/>\nNarin zincir, p\u0131r\u0131lt\u0131l\u0131 vurgulardan olu\u015fan bir \u00e7a\u011flayana d\u00f6n\u00fc\u015ferek zarif bir damla kolye ucuyla son bulur. <\/span><\/p>\n","protected":false},"excerpt":{"rendered":"<p><strong>SKU-BKL00003593<\/strong><strong>.43 Karat<\/strong> P\u0131rlanta Kolye <strong>14 ayar Beyaz Alt\u0131n<\/strong><strong>,<\/strong> <strong> <\/strong><strong> 15.92 gram<\/strong> a\u011f\u0131rl\u0131\u011f\u0131nda y\u00fcksek kaliteli do\u011fal p\u0131rlanta<\/p>\n","protected":false},"featured_media":3543,"comment_status":"open","ping_status":"closed","template":"","meta":{"_kad_blocks_custom_css":"","_kad_blocks_head_custom_js":"","_kad_blocks_body_custom_js":"","_kad_blocks_footer_custom_js":"","_kadence_starter_templates_imported_post":false,"_kad_post_transparent":"","_kad_post_title":"","_kad_post_layout":"","_kad_post_sidebar_id":"","_kad_post_content_style":"","_kad_post_vertical_padding":"","_kad_post_feature":"","_kad_post_feature_position":"","_kad_post_header":false,"_kad_post_footer":false,"_kad_post_classname":""},"product_brand":[],"product_cat":[48],"product_tag":[],"class_list":{"0":"post-3700","1":"product","2":"type-product","3":"status-publish","4":"has-post-thumbnail","6":"product_cat-kolyeler","8":"first","9":"instock","10":"sale","11":"shipping-taxable","12":"purchasable","13":"product-type-simple","14":"entry","15":"content-bg","16":"loop-entry"},"taxonomy_info":{"product_cat":[{"value":48,"label":"Kolyeler"}]},"featured_image_src_large":["https:\/\/zinetgold.com\/wp-content\/uploads\/2024\/08\/BKLO000359D-0.35-F-G-SI-10-BD-3.43-F-G-SI-132-15.92-gr-16027-1024x1024.webp",1024,1024,true],"author_info":[],"comment_info":0,"_links":{"self":[{"href":"https:\/\/zinetgold.com\/tr\/wp-json\/wp\/v2\/product\/3700","targetHints":{"allow":["GET"]}}],"collection":[{"href":"https:\/\/zinetgold.com\/tr\/wp-json\/wp\/v2\/product"}],"about":[{"href":"https:\/\/zinetgold.com\/tr\/wp-json\/wp\/v2\/types\/product"}],"replies":[{"embeddable":true,"href":"https:\/\/zinetgold.com\/tr\/wp-json\/wp\/v2\/comments?post=3700"}],"wp:featuredmedia":[{"embeddable":true,"href":"https:\/\/zinetgold.com\/tr\/wp-json\/wp\/v2\/media\/3543"}],"wp:attachment":[{"href":"https:\/\/zinetgold.com\/tr\/wp-json\/wp\/v2\/media?parent=3700"}],"wp:term":[{"taxonomy":"product_brand","embeddable":true,"href":"https:\/\/zinetgold.com\/tr\/wp-json\/wp\/v2\/product_brand?post=3700"},{"taxonomy":"product_cat","embeddable":true,"href":"https:\/\/zinetgold.com\/tr\/wp-json\/wp\/v2\/product_cat?post=3700"},{"taxonomy":"product_tag","embeddable":true,"href":"https:\/\/zinetgold.com\/tr\/wp-json\/wp\/v2\/product_tag?post=3700"}],"curies":[{"name":"wp","href":"https:\/\/api.w.org\/{rel}","templated":true}]}}