{"id":3701,"date":"2024-08-16T05:25:07","date_gmt":"2024-08-16T02:25:07","guid":{"rendered":"https:\/\/zinetgold.com\/404-karat-baget-pirlanta-kolye\/"},"modified":"2024-09-06T13:17:55","modified_gmt":"2024-09-06T10:17:55","slug":"404-karat-baget-pirlanta-kolye","status":"publish","type":"product","link":"https:\/\/zinetgold.com\/tr\/404-karat-baget-pirlanta-kolye\/","title":{"rendered":"4,04 Karat Baget P\u0131rlanta Kolye"},"content":{"rendered":"<p>Bu bir Baget P\u0131rlanta Kolyedir.<br \/>\n14 ayar alt\u0131n kolye, \u015f\u0131k ve kusursuz bir g\u00f6r\u00fcn\u00fcm veren, birbirine yak\u0131n yerle\u015ftirilmi\u015f baget kesim p\u0131rlantalarla yap\u0131land\u0131r\u0131lm\u0131\u015f, yaka benzeri bir tasar\u0131ma sahiptir.<br \/>\nOrtas\u0131 yine baget ve yuvarlak p\u0131rlantalarla s\u00fcslenmi\u015f sekizgen \u015fekilli bir damla kolye ucu ile vurgulanarak par\u00e7an\u0131n zarafetini art\u0131ran bir odak noktas\u0131 olu\u015fturuyor.<br \/>\nKolyenin temiz hatlar\u0131 ve geometrik simetrisi modern ve sofistike bir estetik sunarken, resmi etkinlikler i\u00e7in veya g\u00f6ze \u00e7arpan l\u00fcks bir aksesuar olarak m\u00fckemmeldir.   <\/p>\n","protected":false},"excerpt":{"rendered":"<p><strong>SKU-BKL00003884<\/strong><strong>.04 Karat<\/strong> P\u0131rlanta Kolye <strong>14 ayar Beyaz Alt\u0131n<\/strong><strong>,<\/strong> <strong> <\/strong><strong> 23.98 gram<\/strong> a\u011f\u0131rl\u0131\u011f\u0131nda y\u00fcksek kalite do\u011fal p\u0131rlanta<\/p>\n","protected":false},"featured_media":3531,"comment_status":"open","ping_status":"closed","template":"","meta":{"_kad_blocks_custom_css":"","_kad_blocks_head_custom_js":"","_kad_blocks_body_custom_js":"","_kad_blocks_footer_custom_js":"","_kadence_starter_templates_imported_post":false,"_kad_post_transparent":"","_kad_post_title":"","_kad_post_layout":"","_kad_post_sidebar_id":"","_kad_post_content_style":"","_kad_post_vertical_padding":"","_kad_post_feature":"","_kad_post_feature_position":"","_kad_post_header":false,"_kad_post_footer":false,"_kad_post_classname":""},"product_brand":[],"product_cat":[48],"product_tag":[],"class_list":{"0":"post-3701","1":"product","2":"type-product","3":"status-publish","4":"has-post-thumbnail","6":"product_cat-kolyeler","8":"first","9":"instock","10":"sale","11":"shipping-taxable","12":"purchasable","13":"product-type-simple","14":"entry","15":"content-bg","16":"loop-entry"},"taxonomy_info":{"product_cat":[{"value":48,"label":"Kolyeler"}]},"featured_image_src_large":["https:\/\/zinetgold.com\/wp-content\/uploads\/2024\/08\/BKL0000388-14K-D-1.69-F-G-SI-347-BD-4.04-F-G-SI-142-23.98-gr.-29535-1024x1024.webp",1024,1024,true],"author_info":[],"comment_info":0,"_links":{"self":[{"href":"https:\/\/zinetgold.com\/tr\/wp-json\/wp\/v2\/product\/3701","targetHints":{"allow":["GET"]}}],"collection":[{"href":"https:\/\/zinetgold.com\/tr\/wp-json\/wp\/v2\/product"}],"about":[{"href":"https:\/\/zinetgold.com\/tr\/wp-json\/wp\/v2\/types\/product"}],"replies":[{"embeddable":true,"href":"https:\/\/zinetgold.com\/tr\/wp-json\/wp\/v2\/comments?post=3701"}],"wp:featuredmedia":[{"embeddable":true,"href":"https:\/\/zinetgold.com\/tr\/wp-json\/wp\/v2\/media\/3531"}],"wp:attachment":[{"href":"https:\/\/zinetgold.com\/tr\/wp-json\/wp\/v2\/media?parent=3701"}],"wp:term":[{"taxonomy":"product_brand","embeddable":true,"href":"https:\/\/zinetgold.com\/tr\/wp-json\/wp\/v2\/product_brand?post=3701"},{"taxonomy":"product_cat","embeddable":true,"href":"https:\/\/zinetgold.com\/tr\/wp-json\/wp\/v2\/product_cat?post=3701"},{"taxonomy":"product_tag","embeddable":true,"href":"https:\/\/zinetgold.com\/tr\/wp-json\/wp\/v2\/product_tag?post=3701"}],"curies":[{"name":"wp","href":"https:\/\/api.w.org\/{rel}","templated":true}]}}