{"id":3702,"date":"2024-08-16T13:01:35","date_gmt":"2024-08-16T10:01:35","guid":{"rendered":"https:\/\/zinetgold.com\/025-karat-pirlanta-yildiz-isikli-zarafet-kolye\/"},"modified":"2024-09-06T13:17:55","modified_gmt":"2024-09-06T10:17:55","slug":"025-karat-pirlanta-yildiz-isikli-zarafet-kolye","status":"publish","type":"product","link":"https:\/\/zinetgold.com\/tr\/025-karat-pirlanta-yildiz-isikli-zarafet-kolye\/","title":{"rendered":"0,25 Karat P\u0131rlanta Y\u0131ld\u0131z I\u015f\u0131kl\u0131 Zarafet Kolye."},"content":{"rendered":"<p>14 ayar beyaz alt\u0131n Starlit Elegance Kolye, zincir boyunca e\u015fit aral\u0131klarla yerle\u015ftirilmi\u015f be\u015f adet \u0131\u015f\u0131lt\u0131l\u0131 p\u0131rlanta kolye ucuna sahip narin bir boncuk dizisine sahiptir.<br \/>\nHer bir kolye ucu, par\u0131ldayan y\u0131ld\u0131zlar\u0131 an\u0131msatan b\u00fcy\u00fcleyici bir \u0131\u015f\u0131lt\u0131 yaratan, daha k\u00fc\u00e7\u00fck ta\u015flardan olu\u015fan bir haleyle \u00e7evrili, g\u00fczel kesimli z\u00fcmr\u00fct \u015feklinde bir p\u0131rlanta sergiliyor.   &nbsp;<\/p>\n","protected":false},"excerpt":{"rendered":"<p><strong>SKU-BKL00009120<\/strong><strong>.25 Karat<\/strong> P\u0131rlanta Kolye <strong>14 ayar Beyaz Alt\u0131n<\/strong> <strong>,<\/strong> <strong> <\/strong><strong> 3.84 gram<\/strong> a\u011f\u0131rl\u0131\u011f\u0131nda y\u00fcksek kaliteli do\u011fal p\u0131rlanta<\/p>\n<p>&nbsp;<\/p>\n","protected":false},"featured_media":3536,"comment_status":"open","ping_status":"closed","template":"","meta":{"_kad_blocks_custom_css":"","_kad_blocks_head_custom_js":"","_kad_blocks_body_custom_js":"","_kad_blocks_footer_custom_js":"","_kadence_starter_templates_imported_post":false,"_kad_post_transparent":"","_kad_post_title":"","_kad_post_layout":"","_kad_post_sidebar_id":"","_kad_post_content_style":"","_kad_post_vertical_padding":"","_kad_post_feature":"","_kad_post_feature_position":"","_kad_post_header":false,"_kad_post_footer":false,"_kad_post_classname":""},"product_brand":[],"product_cat":[48],"product_tag":[],"class_list":{"0":"post-3702","1":"product","2":"type-product","3":"status-publish","4":"has-post-thumbnail","6":"product_cat-kolyeler","8":"first","9":"instock","10":"sale","11":"shipping-taxable","12":"purchasable","13":"product-type-simple","14":"entry","15":"content-bg","16":"loop-entry"},"taxonomy_info":{"product_cat":[{"value":48,"label":"Kolyeler"}]},"featured_image_src_large":["https:\/\/zinetgold.com\/wp-content\/uploads\/2024\/08\/BKL0000912-14K-D-0.22-F-G-SI-30-BD-0.25-F-G-SI-15-3.84-gr.-3080-1024x1024.webp",1024,1024,true],"author_info":[],"comment_info":0,"_links":{"self":[{"href":"https:\/\/zinetgold.com\/tr\/wp-json\/wp\/v2\/product\/3702","targetHints":{"allow":["GET"]}}],"collection":[{"href":"https:\/\/zinetgold.com\/tr\/wp-json\/wp\/v2\/product"}],"about":[{"href":"https:\/\/zinetgold.com\/tr\/wp-json\/wp\/v2\/types\/product"}],"replies":[{"embeddable":true,"href":"https:\/\/zinetgold.com\/tr\/wp-json\/wp\/v2\/comments?post=3702"}],"wp:featuredmedia":[{"embeddable":true,"href":"https:\/\/zinetgold.com\/tr\/wp-json\/wp\/v2\/media\/3536"}],"wp:attachment":[{"href":"https:\/\/zinetgold.com\/tr\/wp-json\/wp\/v2\/media?parent=3702"}],"wp:term":[{"taxonomy":"product_brand","embeddable":true,"href":"https:\/\/zinetgold.com\/tr\/wp-json\/wp\/v2\/product_brand?post=3702"},{"taxonomy":"product_cat","embeddable":true,"href":"https:\/\/zinetgold.com\/tr\/wp-json\/wp\/v2\/product_cat?post=3702"},{"taxonomy":"product_tag","embeddable":true,"href":"https:\/\/zinetgold.com\/tr\/wp-json\/wp\/v2\/product_tag?post=3702"}],"curies":[{"name":"wp","href":"https:\/\/api.w.org\/{rel}","templated":true}]}}