{"id":3703,"date":"2024-08-16T05:19:06","date_gmt":"2024-08-16T02:19:06","guid":{"rendered":"https:\/\/zinetgold.com\/319-karat-pirlanta-damla-kolye\/"},"modified":"2024-09-06T13:17:56","modified_gmt":"2024-09-06T10:17:56","slug":"319-karat-pirlanta-damla-kolye","status":"publish","type":"product","link":"https:\/\/zinetgold.com\/tr\/319-karat-pirlanta-damla-kolye\/","title":{"rendered":"3,19 Karat P\u0131rlanta Damla Kolye"},"content":{"rendered":"<p>Bu 14 ayar beyaz alt\u0131n P\u0131rlanta Damla Kolye.<br \/>\nKolye, zincir boyunca \u00e7arp\u0131c\u0131 bir desen olu\u015fturan yuvarlak ve baget kesim p\u0131rlantalar\u0131n simetrik bir d\u00fczenlemesine sahiptir.<br \/>\nTasar\u0131m merkeze do\u011fru daralarak bir k\u00fcme p\u0131rlanta ile dolu cesur sekizgen bir kolye ucuna ula\u015f\u0131r.<br \/>\nDaha k\u00fc\u00e7\u00fck bir p\u0131rlanta halka zinciri kolyeye ba\u011flayarak par\u00e7an\u0131n ak\u0131\u015f\u0131na ve zarafetine katk\u0131da bulunur.<br \/>\nGeometrik \u015fekiller ve \u00e7e\u015fitli p\u0131rlanta kesimleri bu kolyeye modern ama zamans\u0131z bir \u00e7ekicilik kat\u0131yor ve resmi etkinliklerde bir a\u00e7\u0131klama yapmak i\u00e7in m\u00fckemmel.      &nbsp;<\/p>\n","protected":false},"excerpt":{"rendered":"<p><strong>SKU-BKL00003833<\/strong><strong>.19 Karat<\/strong> P\u0131rlanta Kolye <strong>14 ayar Beyaz Alt\u0131n<\/strong>, <strong> 19,22 gram<\/strong> a\u011f\u0131rl\u0131\u011f\u0131nda <strong> <\/strong>y\u00fcksek kalite do\u011fal p\u0131rlanta<\/p>\n","protected":false},"featured_media":3530,"comment_status":"open","ping_status":"closed","template":"","meta":{"_kad_blocks_custom_css":"","_kad_blocks_head_custom_js":"","_kad_blocks_body_custom_js":"","_kad_blocks_footer_custom_js":"","_kadence_starter_templates_imported_post":false,"_kad_post_transparent":"","_kad_post_title":"","_kad_post_layout":"","_kad_post_sidebar_id":"","_kad_post_content_style":"","_kad_post_vertical_padding":"","_kad_post_feature":"","_kad_post_feature_position":"","_kad_post_header":false,"_kad_post_footer":false,"_kad_post_classname":""},"product_brand":[],"product_cat":[48],"product_tag":[],"class_list":{"0":"post-3703","1":"product","2":"type-product","3":"status-publish","4":"has-post-thumbnail","6":"product_cat-kolyeler","8":"first","9":"instock","10":"sale","11":"shipping-taxable","12":"purchasable","13":"product-type-simple","14":"entry","15":"content-bg","16":"loop-entry"},"taxonomy_info":{"product_cat":[{"value":48,"label":"Kolyeler"}]},"featured_image_src_large":["https:\/\/zinetgold.com\/wp-content\/uploads\/2024\/08\/BKL0000383-14K-D-0.98-F-G-SI-166-BD-3.19-F-G-SI-116-19.22-gr.-22055-1024x1024.webp",1024,1024,true],"author_info":[],"comment_info":0,"_links":{"self":[{"href":"https:\/\/zinetgold.com\/tr\/wp-json\/wp\/v2\/product\/3703","targetHints":{"allow":["GET"]}}],"collection":[{"href":"https:\/\/zinetgold.com\/tr\/wp-json\/wp\/v2\/product"}],"about":[{"href":"https:\/\/zinetgold.com\/tr\/wp-json\/wp\/v2\/types\/product"}],"replies":[{"embeddable":true,"href":"https:\/\/zinetgold.com\/tr\/wp-json\/wp\/v2\/comments?post=3703"}],"wp:featuredmedia":[{"embeddable":true,"href":"https:\/\/zinetgold.com\/tr\/wp-json\/wp\/v2\/media\/3530"}],"wp:attachment":[{"href":"https:\/\/zinetgold.com\/tr\/wp-json\/wp\/v2\/media?parent=3703"}],"wp:term":[{"taxonomy":"product_brand","embeddable":true,"href":"https:\/\/zinetgold.com\/tr\/wp-json\/wp\/v2\/product_brand?post=3703"},{"taxonomy":"product_cat","embeddable":true,"href":"https:\/\/zinetgold.com\/tr\/wp-json\/wp\/v2\/product_cat?post=3703"},{"taxonomy":"product_tag","embeddable":true,"href":"https:\/\/zinetgold.com\/tr\/wp-json\/wp\/v2\/product_tag?post=3703"}],"curies":[{"name":"wp","href":"https:\/\/api.w.org\/{rel}","templated":true}]}}