{"id":3704,"date":"2024-08-16T05:50:50","date_gmt":"2024-08-16T02:50:50","guid":{"rendered":"https:\/\/zinetgold.com\/035-karat-pirlanta-gokkusagi-kaskad-kolye\/"},"modified":"2024-09-06T13:17:57","modified_gmt":"2024-09-06T10:17:57","slug":"035-karat-pirlanta-gokkusagi-kaskad-kolye","status":"publish","type":"product","link":"https:\/\/zinetgold.com\/tr\/035-karat-pirlanta-gokkusagi-kaskad-kolye\/","title":{"rendered":"0,35 Karat P\u0131rlanta G\u00f6kku\u015fa\u011f\u0131 Kaskad Kolye"},"content":{"rendered":"<p>P\u0131rlanta G\u00f6ksel \u00c7a\u011flayan 14 ayar beyaz alt\u0131n kolye, modern zarafeti e\u011flenceli bir tasar\u0131mla birle\u015ftiriyor.<br \/>\nKolyede, her biri minik \u0131\u015f\u0131k huzmeleri gibi as\u0131l\u0131 duran ve zarif bir \u00e7a\u011flayan etkisi yaratan bir s\u0131ra \u0131\u015f\u0131lt\u0131l\u0131 baget kesim p\u0131rlanta bulunuyor.<br \/>\nP\u0131rlantalar, pav\u00e9-set ta\u015flardan olu\u015fan hafif kavisli bir \u00e7ubu\u011fa yerle\u015ftirilerek par\u00e7aya doku ve parlakl\u0131k kat\u0131yor.    &nbsp;<\/p>\n","protected":false},"excerpt":{"rendered":"<p><strong>SKU-BKL00009080<\/strong><strong>.35 Karat<\/strong> P\u0131rlanta Kolye <strong>14 ayar Beyaz Alt\u0131n<\/strong><strong>,<\/strong> <strong> <\/strong><strong> 5.50 gram<\/strong> a\u011f\u0131rl\u0131\u011f\u0131nda y\u00fcksek kalite do\u011fal p\u0131rlanta<\/p>\n","protected":false},"featured_media":3535,"comment_status":"open","ping_status":"closed","template":"","meta":{"_kad_blocks_custom_css":"","_kad_blocks_head_custom_js":"","_kad_blocks_body_custom_js":"","_kad_blocks_footer_custom_js":"","_kadence_starter_templates_imported_post":false,"_kad_post_transparent":"","_kad_post_title":"","_kad_post_layout":"","_kad_post_sidebar_id":"","_kad_post_content_style":"","_kad_post_vertical_padding":"","_kad_post_feature":"","_kad_post_feature_position":"","_kad_post_header":false,"_kad_post_footer":false,"_kad_post_classname":""},"product_brand":[],"product_cat":[48],"product_tag":[],"class_list":{"0":"post-3704","1":"product","2":"type-product","3":"status-publish","4":"has-post-thumbnail","6":"product_cat-kolyeler","8":"first","9":"instock","10":"sale","11":"shipping-taxable","12":"purchasable","13":"product-type-simple","14":"entry","15":"content-bg","16":"loop-entry"},"taxonomy_info":{"product_cat":[{"value":48,"label":"Kolyeler"}]},"featured_image_src_large":["https:\/\/zinetgold.com\/wp-content\/uploads\/2024\/08\/BKL0000908-14K-D-0.41-F-G-SI-41-BD-0.35-F-G-SI-11-5.50-gr.-4668-1024x1024.webp",1024,1024,true],"author_info":[],"comment_info":0,"_links":{"self":[{"href":"https:\/\/zinetgold.com\/tr\/wp-json\/wp\/v2\/product\/3704","targetHints":{"allow":["GET"]}}],"collection":[{"href":"https:\/\/zinetgold.com\/tr\/wp-json\/wp\/v2\/product"}],"about":[{"href":"https:\/\/zinetgold.com\/tr\/wp-json\/wp\/v2\/types\/product"}],"replies":[{"embeddable":true,"href":"https:\/\/zinetgold.com\/tr\/wp-json\/wp\/v2\/comments?post=3704"}],"wp:featuredmedia":[{"embeddable":true,"href":"https:\/\/zinetgold.com\/tr\/wp-json\/wp\/v2\/media\/3535"}],"wp:attachment":[{"href":"https:\/\/zinetgold.com\/tr\/wp-json\/wp\/v2\/media?parent=3704"}],"wp:term":[{"taxonomy":"product_brand","embeddable":true,"href":"https:\/\/zinetgold.com\/tr\/wp-json\/wp\/v2\/product_brand?post=3704"},{"taxonomy":"product_cat","embeddable":true,"href":"https:\/\/zinetgold.com\/tr\/wp-json\/wp\/v2\/product_cat?post=3704"},{"taxonomy":"product_tag","embeddable":true,"href":"https:\/\/zinetgold.com\/tr\/wp-json\/wp\/v2\/product_tag?post=3704"}],"curies":[{"name":"wp","href":"https:\/\/api.w.org\/{rel}","templated":true}]}}