{"id":3705,"date":"2024-08-16T04:02:39","date_gmt":"2024-08-16T01:02:39","guid":{"rendered":"https:\/\/zinetgold.com\/065-karat-modern-pirlanta-kolye-ucu\/"},"modified":"2024-09-06T13:17:58","modified_gmt":"2024-09-06T10:17:58","slug":"065-karat-modern-pirlanta-kolye-ucu","status":"publish","type":"product","link":"https:\/\/zinetgold.com\/tr\/065-karat-modern-pirlanta-kolye-ucu\/","title":{"rendered":"0,65 Karat Modern P\u0131rlanta Kolye Ucu"},"content":{"rendered":"<p>14 ayar beyaz alt\u0131n Modern P\u0131rlanta Kolye Ucu.<br \/>\nKolyenin merkezinde baget kesim p\u0131rlantalardan olu\u015fan dikd\u00f6rtgen bir d\u00fczenleme yer al\u0131r ve yuvarlak p\u0131rlantalardan olu\u015fan benzersiz, ofset kare bir \u00e7er\u00e7eve ile \u00e7evrelenmi\u015ftir.<br \/>\nTasar\u0131m, keskin hatlar ve \u0131\u015f\u0131lt\u0131l\u0131 parlakl\u0131k aras\u0131nda \u00e7arp\u0131c\u0131 bir etkile\u015fim yaratarak par\u00e7aya \u00e7a\u011fda\u015f ve sanatsal bir his veriyor.<br \/>\nKolye ucu, geometrik \u015fekillerin ve p\u0131rlantalar\u0131n \u00f6ne \u00e7\u0131kmas\u0131n\u0131 sa\u011flayan \u015f\u0131k bir kefaletten sarkar.<br \/>\nBu kolye, l\u00fcks bir dokunu\u015fla modern tasar\u0131m\u0131 takdir eden biri i\u00e7in m\u00fckemmeldir.    <\/p>\n","protected":false},"excerpt":{"rendered":"<p><strong>SKU-BKL00002980<\/strong><strong>.65 Karat<\/strong> P\u0131rlanta Kolye <strong>14 ayar Beyaz Alt\u0131n<\/strong><strong>,<\/strong> <strong> <\/strong><strong> 3.54 gram<\/strong> a\u011f\u0131rl\u0131\u011f\u0131nda y\u00fcksek kaliteli do\u011fal p\u0131rlanta<\/p>\n","protected":false},"featured_media":3529,"comment_status":"open","ping_status":"closed","template":"","meta":{"_kad_blocks_custom_css":"","_kad_blocks_head_custom_js":"","_kad_blocks_body_custom_js":"","_kad_blocks_footer_custom_js":"","_kadence_starter_templates_imported_post":false,"_kad_post_transparent":"","_kad_post_title":"","_kad_post_layout":"","_kad_post_sidebar_id":"","_kad_post_content_style":"","_kad_post_vertical_padding":"","_kad_post_feature":"","_kad_post_feature_position":"","_kad_post_header":false,"_kad_post_footer":false,"_kad_post_classname":""},"product_brand":[],"product_cat":[48],"product_tag":[],"class_list":{"0":"post-3705","1":"product","2":"type-product","3":"status-publish","4":"has-post-thumbnail","6":"product_cat-kolyeler","8":"first","9":"instock","10":"sale","11":"shipping-taxable","12":"purchasable","13":"product-type-simple","14":"entry","15":"content-bg","16":"loop-entry"},"taxonomy_info":{"product_cat":[{"value":48,"label":"Kolyeler"}]},"featured_image_src_large":["https:\/\/zinetgold.com\/wp-content\/uploads\/2024\/08\/BKL0000298-14K-BD-0.38-F-G-SI-4-D-0.65-F-G-SI-56-3.54-gr.-5247-1024x1024.webp",1024,1024,true],"author_info":[],"comment_info":0,"_links":{"self":[{"href":"https:\/\/zinetgold.com\/tr\/wp-json\/wp\/v2\/product\/3705","targetHints":{"allow":["GET"]}}],"collection":[{"href":"https:\/\/zinetgold.com\/tr\/wp-json\/wp\/v2\/product"}],"about":[{"href":"https:\/\/zinetgold.com\/tr\/wp-json\/wp\/v2\/types\/product"}],"replies":[{"embeddable":true,"href":"https:\/\/zinetgold.com\/tr\/wp-json\/wp\/v2\/comments?post=3705"}],"wp:featuredmedia":[{"embeddable":true,"href":"https:\/\/zinetgold.com\/tr\/wp-json\/wp\/v2\/media\/3529"}],"wp:attachment":[{"href":"https:\/\/zinetgold.com\/tr\/wp-json\/wp\/v2\/media?parent=3705"}],"wp:term":[{"taxonomy":"product_brand","embeddable":true,"href":"https:\/\/zinetgold.com\/tr\/wp-json\/wp\/v2\/product_brand?post=3705"},{"taxonomy":"product_cat","embeddable":true,"href":"https:\/\/zinetgold.com\/tr\/wp-json\/wp\/v2\/product_cat?post=3705"},{"taxonomy":"product_tag","embeddable":true,"href":"https:\/\/zinetgold.com\/tr\/wp-json\/wp\/v2\/product_tag?post=3705"}],"curies":[{"name":"wp","href":"https:\/\/api.w.org\/{rel}","templated":true}]}}