{"id":3706,"date":"2024-08-16T05:45:12","date_gmt":"2024-08-16T02:45:12","guid":{"rendered":"https:\/\/zinetgold.com\/1-01-karat-parlak-defne-kolye\/"},"modified":"2024-09-06T13:17:58","modified_gmt":"2024-09-06T10:17:58","slug":"1-01-karat-parlak-defne-kolye","status":"publish","type":"product","link":"https:\/\/zinetgold.com\/tr\/1-01-karat-parlak-defne-kolye\/","title":{"rendered":"1.01 Karat Parlak Defne Kolye"},"content":{"rendered":"<p>&#8220;I\u015f\u0131ldayan Defne Kolye&#8221; adl\u0131 bu \u00e7arp\u0131c\u0131 14 ayar beyaz alt\u0131n par\u00e7a, zarafet ve sofistike bir g\u00f6r\u00fcn\u00fcm sergiliyor.<br \/>\nZarif silueti, her hareketiyle \u0131\u015f\u0131k sa\u00e7an daha k\u00fc\u00e7\u00fck p\u0131rlantalarla \u00e7er\u00e7evelenmi\u015f parlak z\u00fcmr\u00fct kesim merkezi p\u0131rlanta kolye ucuyla hassasiyetle i\u015flenmi\u015ftir.<br \/>\nKolyenin zinciri, b\u00fcy\u00fcmeyi ve refah\u0131 simgeleyen karma\u015f\u0131k, yaprak benzeri elmas k\u00fcmeleriyle tasarlanm\u0131\u015ft\u0131r ve par\u00e7aya organik ama muhte\u015fem bir his verir.    &nbsp;<\/p>\n","protected":false},"excerpt":{"rendered":"<p><strong>SKU-BKL0000523 <\/strong><strong>1.01 Karat<\/strong> P\u0131rlanta Kolye <strong>14 ayar Beyaz Alt\u0131n<\/strong><strong>,<\/strong> <strong> <\/strong><strong> 27.16 gram<\/strong> a\u011f\u0131rl\u0131\u011f\u0131nda y\u00fcksek kalite do\u011fal p\u0131rlanta<\/p>\n","protected":false},"featured_media":3534,"comment_status":"open","ping_status":"closed","template":"","meta":{"_kad_blocks_custom_css":"","_kad_blocks_head_custom_js":"","_kad_blocks_body_custom_js":"","_kad_blocks_footer_custom_js":"","_kadence_starter_templates_imported_post":false,"_kad_post_transparent":"","_kad_post_title":"","_kad_post_layout":"","_kad_post_sidebar_id":"","_kad_post_content_style":"","_kad_post_vertical_padding":"","_kad_post_feature":"","_kad_post_feature_position":"","_kad_post_header":false,"_kad_post_footer":false,"_kad_post_classname":""},"product_brand":[],"product_cat":[48],"product_tag":[],"class_list":{"0":"post-3706","1":"product","2":"type-product","3":"status-publish","4":"has-post-thumbnail","6":"product_cat-kolyeler","8":"first","9":"instock","10":"sale","11":"shipping-taxable","12":"purchasable","13":"product-type-simple","14":"entry","15":"content-bg","16":"loop-entry"},"taxonomy_info":{"product_cat":[{"value":48,"label":"Kolyeler"}]},"featured_image_src_large":["https:\/\/zinetgold.com\/wp-content\/uploads\/2024\/08\/BKL0000523-D-3.71-F-G-SI-384-BD-1.01-F-G-SI-48-27.16-gr-23452-1024x1024.webp",1024,1024,true],"author_info":[],"comment_info":0,"_links":{"self":[{"href":"https:\/\/zinetgold.com\/tr\/wp-json\/wp\/v2\/product\/3706","targetHints":{"allow":["GET"]}}],"collection":[{"href":"https:\/\/zinetgold.com\/tr\/wp-json\/wp\/v2\/product"}],"about":[{"href":"https:\/\/zinetgold.com\/tr\/wp-json\/wp\/v2\/types\/product"}],"replies":[{"embeddable":true,"href":"https:\/\/zinetgold.com\/tr\/wp-json\/wp\/v2\/comments?post=3706"}],"wp:featuredmedia":[{"embeddable":true,"href":"https:\/\/zinetgold.com\/tr\/wp-json\/wp\/v2\/media\/3534"}],"wp:attachment":[{"href":"https:\/\/zinetgold.com\/tr\/wp-json\/wp\/v2\/media?parent=3706"}],"wp:term":[{"taxonomy":"product_brand","embeddable":true,"href":"https:\/\/zinetgold.com\/tr\/wp-json\/wp\/v2\/product_brand?post=3706"},{"taxonomy":"product_cat","embeddable":true,"href":"https:\/\/zinetgold.com\/tr\/wp-json\/wp\/v2\/product_cat?post=3706"},{"taxonomy":"product_tag","embeddable":true,"href":"https:\/\/zinetgold.com\/tr\/wp-json\/wp\/v2\/product_tag?post=3706"}],"curies":[{"name":"wp","href":"https:\/\/api.w.org\/{rel}","templated":true}]}}