{"id":3707,"date":"2024-08-16T03:58:27","date_gmt":"2024-08-16T00:58:27","guid":{"rendered":"https:\/\/zinetgold.com\/171-karat-safir-ve-pirlanta-halo-kolye\/"},"modified":"2024-09-06T13:18:00","modified_gmt":"2024-09-06T10:18:00","slug":"171-karat-safir-ve-pirlanta-halo-kolye","status":"publish","type":"product","link":"https:\/\/zinetgold.com\/tr\/171-karat-safir-ve-pirlanta-halo-kolye\/","title":{"rendered":"1,71 Karat Safir ve P\u0131rlanta Halo Kolye"},"content":{"rendered":"<p>14 ayar beyaz alt\u0131n Safir ve 1,71 Karat P\u0131rlanta Halo Kolye.<br \/>\nKolyenin merkezinde dikd\u00f6rtgen z\u00fcmr\u00fct kesim bir p\u0131rlanta bulunur ve bu p\u0131rlanta canl\u0131 mavi safirlerden olu\u015fan \u00e7arp\u0131c\u0131 bir katmanla \u00e7er\u00e7evelenmi\u015ftir.<br \/>\nSafirleri \u00e7evreleyen k\u00fc\u00e7\u00fck, yuvarlak p\u0131rlantalardan olu\u015fan hale, so\u011fuk mavi tonlar ile p\u0131rlantalar\u0131n \u0131\u015f\u0131lt\u0131s\u0131 aras\u0131nda parlak bir kontrast yarat\u0131yor.<br \/>\nKolye ucu, genel tasar\u0131ma zarafet katan p\u0131rlanta \u00e7ivili V \u015fekilli bir kefaletten sark\u0131yor.<br \/>\nBu l\u00fcks ve cesur par\u00e7a, p\u0131rlantan\u0131n zamans\u0131z \u00e7ekicili\u011fini safirin muhte\u015fem cazibesiyle bir araya getirerek dikkat \u00e7ekici bir aksesuar i\u00e7in m\u00fckemmel bir se\u00e7imdir.    <\/p>\n","protected":false},"excerpt":{"rendered":"<p><strong>SKU-BKL00002921<\/strong><strong>.71 Karat<\/strong> P\u0131rlanta Kolye <strong>14 ayar Beyaz Alt\u0131n<\/strong> <strong>,<\/strong> <strong> <\/strong><strong> 5.76 gram<\/strong> a\u011f\u0131rl\u0131\u011f\u0131nda y\u00fcksek kaliteli do\u011fal p\u0131rlanta<\/p>\n","protected":false},"featured_media":3528,"comment_status":"open","ping_status":"closed","template":"","meta":{"_kad_blocks_custom_css":"","_kad_blocks_head_custom_js":"","_kad_blocks_body_custom_js":"","_kad_blocks_footer_custom_js":"","_kadence_starter_templates_imported_post":false,"_kad_post_transparent":"","_kad_post_title":"","_kad_post_layout":"","_kad_post_sidebar_id":"","_kad_post_content_style":"","_kad_post_vertical_padding":"","_kad_post_feature":"","_kad_post_feature_position":"","_kad_post_header":false,"_kad_post_footer":false,"_kad_post_classname":""},"product_brand":[],"product_cat":[48],"product_tag":[],"class_list":{"0":"post-3707","1":"product","2":"type-product","3":"status-publish","4":"has-post-thumbnail","6":"product_cat-kolyeler","8":"first","9":"instock","10":"sale","11":"shipping-taxable","12":"purchasable","13":"product-type-simple","14":"entry","15":"content-bg","16":"loop-entry"},"taxonomy_info":{"product_cat":[{"value":48,"label":"Kolyeler"}]},"featured_image_src_large":["https:\/\/zinetgold.com\/wp-content\/uploads\/2024\/08\/BKL0000292-14K-D-0.50-F-G-SI-53-BD-0.12-F-G-SI-3-SP-1.71-14-5.76-gr.-4829-1024x1024.webp",1024,1024,true],"author_info":[],"comment_info":0,"_links":{"self":[{"href":"https:\/\/zinetgold.com\/tr\/wp-json\/wp\/v2\/product\/3707","targetHints":{"allow":["GET"]}}],"collection":[{"href":"https:\/\/zinetgold.com\/tr\/wp-json\/wp\/v2\/product"}],"about":[{"href":"https:\/\/zinetgold.com\/tr\/wp-json\/wp\/v2\/types\/product"}],"replies":[{"embeddable":true,"href":"https:\/\/zinetgold.com\/tr\/wp-json\/wp\/v2\/comments?post=3707"}],"wp:featuredmedia":[{"embeddable":true,"href":"https:\/\/zinetgold.com\/tr\/wp-json\/wp\/v2\/media\/3528"}],"wp:attachment":[{"href":"https:\/\/zinetgold.com\/tr\/wp-json\/wp\/v2\/media?parent=3707"}],"wp:term":[{"taxonomy":"product_brand","embeddable":true,"href":"https:\/\/zinetgold.com\/tr\/wp-json\/wp\/v2\/product_brand?post=3707"},{"taxonomy":"product_cat","embeddable":true,"href":"https:\/\/zinetgold.com\/tr\/wp-json\/wp\/v2\/product_cat?post=3707"},{"taxonomy":"product_tag","embeddable":true,"href":"https:\/\/zinetgold.com\/tr\/wp-json\/wp\/v2\/product_tag?post=3707"}],"curies":[{"name":"wp","href":"https:\/\/api.w.org\/{rel}","templated":true}]}}