{"id":3708,"date":"2024-08-16T05:38:30","date_gmt":"2024-08-16T02:38:30","guid":{"rendered":"https:\/\/zinetgold.com\/039-karat-pirlanta-majestic-salkim-kolye\/"},"modified":"2024-09-06T13:18:01","modified_gmt":"2024-09-06T10:18:01","slug":"039-karat-pirlanta-majestic-salkim-kolye","status":"publish","type":"product","link":"https:\/\/zinetgold.com\/tr\/039-karat-pirlanta-majestic-salkim-kolye\/","title":{"rendered":"0,39 Karat P\u0131rlanta Majestic Salk\u0131m Kolye"},"content":{"rendered":"<p>14 ayar beyaz alt\u0131n kolye, zincir boyunca uzanan ve her biri daha k\u00fc\u00e7\u00fck yuvarlak p\u0131rlantalarla \u00e7er\u00e7evelenmi\u015f yast\u0131k kesim p\u0131rlantalardan olu\u015fan karma\u015f\u0131k bir d\u00fczenlemeye sahiptir.<br \/>\nKolye ucu baget kesim ve yuvarlak p\u0131rlantalarla s\u00fcslenerek katmanl\u0131 ve \u0131\u015f\u0131lt\u0131l\u0131 bir tasar\u0131m yarat\u0131lm\u0131\u015ft\u0131r.<br \/>\nZincir \u00fczerindeki p\u0131rlantalar merkeze do\u011fru kademeli olarak b\u00fcy\u00fcyerek kolyenin ihti\u015fam\u0131n\u0131 vurguluyor.<br \/>\n\u015eekillerin ve kesimlerin l\u00fcks kombinasyonu bu par\u00e7aya muhte\u015fem ve sofistike bir g\u00f6r\u00fcn\u00fcm kazand\u0131rarak onu \u00f6zel g\u00fcnler i\u00e7in veya zarafet ifadesi olarak m\u00fckemmel k\u0131lar.   <\/p>\n","protected":false},"excerpt":{"rendered":"<p><strong>SKU-BKL00004820<\/strong><strong>.39 Karat<\/strong> P\u0131rlanta Kolye <strong>14 ayar Beyaz Alt\u0131n<\/strong> <strong>,<\/strong> <strong> 17.48 gram<\/strong> a\u011f\u0131rl\u0131\u011f\u0131nda <strong> <\/strong>y\u00fcksek kalite do\u011fal p\u0131rlanta<\/p>\n","protected":false},"featured_media":3533,"comment_status":"open","ping_status":"closed","template":"","meta":{"_kad_blocks_custom_css":"","_kad_blocks_head_custom_js":"","_kad_blocks_body_custom_js":"","_kad_blocks_footer_custom_js":"","_kadence_starter_templates_imported_post":false,"_kad_post_transparent":"","_kad_post_title":"","_kad_post_layout":"","_kad_post_sidebar_id":"","_kad_post_content_style":"","_kad_post_vertical_padding":"","_kad_post_feature":"","_kad_post_feature_position":"","_kad_post_header":false,"_kad_post_footer":false,"_kad_post_classname":""},"product_brand":[],"product_cat":[48],"product_tag":[],"class_list":{"0":"post-3708","1":"product","2":"type-product","3":"status-publish","4":"has-post-thumbnail","6":"product_cat-kolyeler","8":"first","9":"instock","10":"sale","11":"shipping-taxable","12":"purchasable","13":"product-type-simple","14":"entry","15":"content-bg","16":"loop-entry"},"taxonomy_info":{"product_cat":[{"value":48,"label":"Kolyeler"}]},"featured_image_src_large":["https:\/\/zinetgold.com\/wp-content\/uploads\/2024\/08\/BKL0000482-D-3.12-F-G-SI-203-BD-0.39-F-G-SI-15-17.48-gr-17149-1024x1024.webp",1024,1024,true],"author_info":[],"comment_info":0,"_links":{"self":[{"href":"https:\/\/zinetgold.com\/tr\/wp-json\/wp\/v2\/product\/3708","targetHints":{"allow":["GET"]}}],"collection":[{"href":"https:\/\/zinetgold.com\/tr\/wp-json\/wp\/v2\/product"}],"about":[{"href":"https:\/\/zinetgold.com\/tr\/wp-json\/wp\/v2\/types\/product"}],"replies":[{"embeddable":true,"href":"https:\/\/zinetgold.com\/tr\/wp-json\/wp\/v2\/comments?post=3708"}],"wp:featuredmedia":[{"embeddable":true,"href":"https:\/\/zinetgold.com\/tr\/wp-json\/wp\/v2\/media\/3533"}],"wp:attachment":[{"href":"https:\/\/zinetgold.com\/tr\/wp-json\/wp\/v2\/media?parent=3708"}],"wp:term":[{"taxonomy":"product_brand","embeddable":true,"href":"https:\/\/zinetgold.com\/tr\/wp-json\/wp\/v2\/product_brand?post=3708"},{"taxonomy":"product_cat","embeddable":true,"href":"https:\/\/zinetgold.com\/tr\/wp-json\/wp\/v2\/product_cat?post=3708"},{"taxonomy":"product_tag","embeddable":true,"href":"https:\/\/zinetgold.com\/tr\/wp-json\/wp\/v2\/product_tag?post=3708"}],"curies":[{"name":"wp","href":"https:\/\/api.w.org\/{rel}","templated":true}]}}