{"id":3709,"date":"2024-08-16T03:53:40","date_gmt":"2024-08-16T00:53:40","guid":{"rendered":"https:\/\/zinetgold.com\/027-karat-yuvarlak-halo-pirlanta-kolye\/"},"modified":"2024-09-06T13:18:02","modified_gmt":"2024-09-06T10:18:02","slug":"027-karat-yuvarlak-halo-pirlanta-kolye","status":"publish","type":"product","link":"https:\/\/zinetgold.com\/tr\/027-karat-yuvarlak-halo-pirlanta-kolye\/","title":{"rendered":"0,27 Karat Yuvarlak Halo P\u0131rlanta Kolye"},"content":{"rendered":"<p>Bu bir Yuvarlak Halo P\u0131rlanta Kolye.<br \/>\n14 ayar beyaz alt\u0131ndan \u00fcretilen kolyenin merkezinde, daha k\u00fc\u00e7\u00fck yuvarlak p\u0131rlantalardan olu\u015fan bir hale ile \u00e7er\u00e7evelenmi\u015f kare bir z\u00fcmr\u00fct kesim p\u0131rlanta k\u00fcmesi yer al\u0131yor.<br \/>\nBu i\u00e7 haleyi \u00e7evreleyen bir s\u0131ra baget kesim p\u0131rlanta, derinlik ve \u0131\u015f\u0131lt\u0131 katan parlak dairesel bir desende d\u00fczenlenmi\u015ftir.<br \/>\nKolyenin tamam\u0131, genel parlakl\u0131\u011f\u0131n\u0131 art\u0131ran p\u0131rlanta \u00e7ivili V \u015fekilli bir kefaletten as\u0131l\u0131d\u0131r.<br \/>\nBu zarif ve zamans\u0131z tasar\u0131m, sofistike ancak g\u00f6z kama\u015ft\u0131r\u0131c\u0131 bir estetik sunarak resmi durumlar i\u00e7in m\u00fckemmeldir.    <\/p>\n","protected":false},"excerpt":{"rendered":"<p><strong>SKU-BKL00002640<\/strong><strong>.27 Karat<\/strong> P\u0131rlanta Kolye <strong>14 ayar Beyaz Alt\u0131n<\/strong>, <strong> <\/strong><strong> 4.09 gram<\/strong> a\u011f\u0131rl\u0131\u011f\u0131nda y\u00fcksek kaliteli do\u011fal p\u0131rlanta<\/p>\n","protected":false},"featured_media":3527,"comment_status":"open","ping_status":"closed","template":"","meta":{"_kad_blocks_custom_css":"","_kad_blocks_head_custom_js":"","_kad_blocks_body_custom_js":"","_kad_blocks_footer_custom_js":"","_kadence_starter_templates_imported_post":false,"_kad_post_transparent":"","_kad_post_title":"","_kad_post_layout":"","_kad_post_sidebar_id":"","_kad_post_content_style":"","_kad_post_vertical_padding":"","_kad_post_feature":"","_kad_post_feature_position":"","_kad_post_header":false,"_kad_post_footer":false,"_kad_post_classname":""},"product_brand":[],"product_cat":[48],"product_tag":[],"class_list":{"0":"post-3709","1":"product","2":"type-product","3":"status-publish","4":"has-post-thumbnail","6":"product_cat-kolyeler","8":"first","9":"instock","10":"sale","11":"shipping-taxable","12":"purchasable","13":"product-type-simple","14":"entry","15":"content-bg","16":"loop-entry"},"taxonomy_info":{"product_cat":[{"value":48,"label":"Kolyeler"}]},"featured_image_src_large":["https:\/\/zinetgold.com\/wp-content\/uploads\/2024\/08\/BKL0000264-14K-BD-0.47-F-G-SI-22-D-0.27-F-G-SI-58-4.09-gr.-3773-1024x1024.webp",1024,1024,true],"author_info":[],"comment_info":0,"_links":{"self":[{"href":"https:\/\/zinetgold.com\/tr\/wp-json\/wp\/v2\/product\/3709","targetHints":{"allow":["GET"]}}],"collection":[{"href":"https:\/\/zinetgold.com\/tr\/wp-json\/wp\/v2\/product"}],"about":[{"href":"https:\/\/zinetgold.com\/tr\/wp-json\/wp\/v2\/types\/product"}],"replies":[{"embeddable":true,"href":"https:\/\/zinetgold.com\/tr\/wp-json\/wp\/v2\/comments?post=3709"}],"wp:featuredmedia":[{"embeddable":true,"href":"https:\/\/zinetgold.com\/tr\/wp-json\/wp\/v2\/media\/3527"}],"wp:attachment":[{"href":"https:\/\/zinetgold.com\/tr\/wp-json\/wp\/v2\/media?parent=3709"}],"wp:term":[{"taxonomy":"product_brand","embeddable":true,"href":"https:\/\/zinetgold.com\/tr\/wp-json\/wp\/v2\/product_brand?post=3709"},{"taxonomy":"product_cat","embeddable":true,"href":"https:\/\/zinetgold.com\/tr\/wp-json\/wp\/v2\/product_cat?post=3709"},{"taxonomy":"product_tag","embeddable":true,"href":"https:\/\/zinetgold.com\/tr\/wp-json\/wp\/v2\/product_tag?post=3709"}],"curies":[{"name":"wp","href":"https:\/\/api.w.org\/{rel}","templated":true}]}}