{"id":3710,"date":"2024-08-16T05:32:16","date_gmt":"2024-08-16T02:32:16","guid":{"rendered":"https:\/\/zinetgold.com\/270-karat-cift-sekizgen-pirlanta-kolye\/"},"modified":"2024-09-06T13:18:03","modified_gmt":"2024-09-06T10:18:03","slug":"270-karat-cift-sekizgen-pirlanta-kolye","status":"publish","type":"product","link":"https:\/\/zinetgold.com\/tr\/270-karat-cift-sekizgen-pirlanta-kolye\/","title":{"rendered":"2,70 Karat \u00c7ift Sekizgen P\u0131rlanta Kolye"},"content":{"rendered":"<p>Bu bir \u00c7ift Sekizgen P\u0131rlanta Kolye Kolyedir.<br \/>\n14 ayar beyaz alt\u0131n kolye, geometrik bir desende d\u00fczenlenmi\u015f zarif bir baget ve yuvarlak elmas \u00e7izgisine sahiptir ve merkezi bir sekizgen elmas k\u00fcmesine yol a\u00e7ar.<br \/>\nMerkezin alt\u0131nda, \u00e7arp\u0131c\u0131 bir \u00e7ift damla efekti yaratan ikinci, daha b\u00fcy\u00fck bir sekizgen p\u0131rlanta kolye as\u0131l\u0131d\u0131r.<br \/>\nHer bir sekizgen kolye ucu \u00e7ok say\u0131da baget ve yuvarlak p\u0131rlanta ile karma\u015f\u0131k bir \u015fekilde i\u015flenerek g\u00f6z kama\u015ft\u0131r\u0131c\u0131 bir parlakl\u0131k sergiliyor.<br \/>\nTasar\u0131m\u0131n temiz hatlar\u0131 ve simetrisi, bu kolyeyi modern l\u00fcks ve zamans\u0131z zarafetin m\u00fckemmel bir kar\u0131\u015f\u0131m\u0131 haline getirerek cesur bir ifade i\u00e7in ideal k\u0131lar.    <\/p>\n","protected":false},"excerpt":{"rendered":"<p><strong>SKU-BKL0000393 <\/strong><strong>2,70 Karat<\/strong> P\u0131rlanta Kolye <strong>14 ayar Beyaz Alt\u0131n<\/strong>, <strong> <\/strong><strong> 19,80 gram<\/strong> a\u011f\u0131rl\u0131\u011f\u0131nda y\u00fcksek kaliteli do\u011fal p\u0131rlanta<\/p>\n","protected":false},"featured_media":3532,"comment_status":"open","ping_status":"closed","template":"","meta":{"_kad_blocks_custom_css":"","_kad_blocks_head_custom_js":"","_kad_blocks_body_custom_js":"","_kad_blocks_footer_custom_js":"","_kadence_starter_templates_imported_post":false,"_kad_post_transparent":"","_kad_post_title":"","_kad_post_layout":"","_kad_post_sidebar_id":"","_kad_post_content_style":"","_kad_post_vertical_padding":"","_kad_post_feature":"","_kad_post_feature_position":"","_kad_post_header":false,"_kad_post_footer":false,"_kad_post_classname":""},"product_brand":[],"product_cat":[48],"product_tag":[],"class_list":{"0":"post-3710","1":"product","2":"type-product","3":"status-publish","4":"has-post-thumbnail","6":"product_cat-kolyeler","8":"first","9":"instock","10":"sale","11":"shipping-taxable","12":"purchasable","13":"product-type-simple","14":"entry","15":"content-bg","16":"loop-entry"},"taxonomy_info":{"product_cat":[{"value":48,"label":"Kolyeler"}]},"featured_image_src_large":["https:\/\/zinetgold.com\/wp-content\/uploads\/2024\/08\/BKL0000393-D-1.05-F-G-SI-224-BD-2.70-F-G-SI-89-19.80-gr-19756-1024x1024.webp",1024,1024,true],"author_info":[],"comment_info":0,"_links":{"self":[{"href":"https:\/\/zinetgold.com\/tr\/wp-json\/wp\/v2\/product\/3710","targetHints":{"allow":["GET"]}}],"collection":[{"href":"https:\/\/zinetgold.com\/tr\/wp-json\/wp\/v2\/product"}],"about":[{"href":"https:\/\/zinetgold.com\/tr\/wp-json\/wp\/v2\/types\/product"}],"replies":[{"embeddable":true,"href":"https:\/\/zinetgold.com\/tr\/wp-json\/wp\/v2\/comments?post=3710"}],"wp:featuredmedia":[{"embeddable":true,"href":"https:\/\/zinetgold.com\/tr\/wp-json\/wp\/v2\/media\/3532"}],"wp:attachment":[{"href":"https:\/\/zinetgold.com\/tr\/wp-json\/wp\/v2\/media?parent=3710"}],"wp:term":[{"taxonomy":"product_brand","embeddable":true,"href":"https:\/\/zinetgold.com\/tr\/wp-json\/wp\/v2\/product_brand?post=3710"},{"taxonomy":"product_cat","embeddable":true,"href":"https:\/\/zinetgold.com\/tr\/wp-json\/wp\/v2\/product_cat?post=3710"},{"taxonomy":"product_tag","embeddable":true,"href":"https:\/\/zinetgold.com\/tr\/wp-json\/wp\/v2\/product_tag?post=3710"}],"curies":[{"name":"wp","href":"https:\/\/api.w.org\/{rel}","templated":true}]}}