{"id":3711,"date":"2024-08-16T03:48:33","date_gmt":"2024-08-16T00:48:33","guid":{"rendered":"https:\/\/zinetgold.com\/108-karat-pirlanta-basamakli-kolye\/"},"modified":"2024-09-06T13:18:09","modified_gmt":"2024-09-06T10:18:09","slug":"108-karat-pirlanta-basamakli-kolye","status":"publish","type":"product","link":"https:\/\/zinetgold.com\/tr\/108-karat-pirlanta-basamakli-kolye\/","title":{"rendered":"1,08 Karat P\u0131rlanta Basamakl\u0131 Kolye"},"content":{"rendered":"<p>Sekizgen Kolyeli P\u0131rlanta Basamakl\u0131 Kolye.<br \/>\n14 ayar beyaz alt\u0131n kolye, yuvarlak ve markiz kesim p\u0131rlantalar\u0131n kombinasyonuyla s\u00fcslenmi\u015f V \u015feklinde l\u00fcks bir tasar\u0131ma sahiptir.<br \/>\nKolyenin merkezinde, alt k\u0131s\u0131mda zarif bir \u015fekilde sallanan ve daha k\u00fc\u00e7\u00fck p\u0131rlantalarla \u00e7er\u00e7evelenmi\u015f \u00e7arp\u0131c\u0131 bir sekizgen p\u0131rlanta kolye ucu yer al\u0131yor.<br \/>\nZincir boyunca uzanan p\u0131rlantalar daha k\u00fc\u00e7\u00fck ta\u015flardan olu\u015fan bir kademeye d\u00f6n\u00fc\u015ferek kolyeye do\u011fru zarif bir ak\u0131\u015f olu\u015fturur.<br \/>\nKarma\u015f\u0131k i\u015f\u00e7ili\u011fi ve parlak \u0131\u015f\u0131lt\u0131s\u0131, bu kolyeyi \u00fcst d\u00fczey etkinlikler veya \u00f6zel g\u00fcnler i\u00e7in zarif bir se\u00e7im haline getirerek hem zarafet hem de zenginlik yayar.    <\/p>\n","protected":false},"excerpt":{"rendered":"<p><strong>SKU-BKL00002631<\/strong><strong>.08 Karat<\/strong> P\u0131rlanta Kolye <strong>14 ayar Beyaz Alt\u0131n<\/strong><strong>,<\/strong> <strong> 24.64 gram<\/strong> a\u011f\u0131rl\u0131\u011f\u0131nda <strong> <\/strong>y\u00fcksek kalite do\u011fal p\u0131rlanta<\/p>\n","protected":false},"featured_media":3526,"comment_status":"open","ping_status":"closed","template":"","meta":{"_kad_blocks_custom_css":"","_kad_blocks_head_custom_js":"","_kad_blocks_body_custom_js":"","_kad_blocks_footer_custom_js":"","_kadence_starter_templates_imported_post":false,"_kad_post_transparent":"","_kad_post_title":"","_kad_post_layout":"","_kad_post_sidebar_id":"","_kad_post_content_style":"","_kad_post_vertical_padding":"","_kad_post_feature":"","_kad_post_feature_position":"","_kad_post_header":false,"_kad_post_footer":false,"_kad_post_classname":""},"product_brand":[],"product_cat":[48],"product_tag":[],"class_list":{"0":"post-3711","1":"product","2":"type-product","3":"status-publish","4":"has-post-thumbnail","6":"product_cat-kolyeler","8":"first","9":"instock","10":"sale","11":"shipping-taxable","12":"purchasable","13":"product-type-simple","14":"entry","15":"content-bg","16":"loop-entry"},"taxonomy_info":{"product_cat":[{"value":48,"label":"Kolyeler"}]},"featured_image_src_large":["https:\/\/zinetgold.com\/wp-content\/uploads\/2024\/08\/BKL0000263-14K-BD_-1.22-F-G-SI-38-D1_-3.43-F-G-SI-138-D2_-1.08-F-G-SI-208-24.64-gr.-25850-1024x1024.webp",1024,1024,true],"author_info":[],"comment_info":0,"_links":{"self":[{"href":"https:\/\/zinetgold.com\/tr\/wp-json\/wp\/v2\/product\/3711","targetHints":{"allow":["GET"]}}],"collection":[{"href":"https:\/\/zinetgold.com\/tr\/wp-json\/wp\/v2\/product"}],"about":[{"href":"https:\/\/zinetgold.com\/tr\/wp-json\/wp\/v2\/types\/product"}],"replies":[{"embeddable":true,"href":"https:\/\/zinetgold.com\/tr\/wp-json\/wp\/v2\/comments?post=3711"}],"wp:featuredmedia":[{"embeddable":true,"href":"https:\/\/zinetgold.com\/tr\/wp-json\/wp\/v2\/media\/3526"}],"wp:attachment":[{"href":"https:\/\/zinetgold.com\/tr\/wp-json\/wp\/v2\/media?parent=3711"}],"wp:term":[{"taxonomy":"product_brand","embeddable":true,"href":"https:\/\/zinetgold.com\/tr\/wp-json\/wp\/v2\/product_brand?post=3711"},{"taxonomy":"product_cat","embeddable":true,"href":"https:\/\/zinetgold.com\/tr\/wp-json\/wp\/v2\/product_cat?post=3711"},{"taxonomy":"product_tag","embeddable":true,"href":"https:\/\/zinetgold.com\/tr\/wp-json\/wp\/v2\/product_tag?post=3711"}],"curies":[{"name":"wp","href":"https:\/\/api.w.org\/{rel}","templated":true}]}}