{"id":3712,"date":"2024-08-15T17:34:55","date_gmt":"2024-08-15T14:34:55","guid":{"rendered":"https:\/\/zinetgold.com\/046-karat-sunburst-pirlanta-kolye-ucu\/"},"modified":"2024-09-06T13:18:09","modified_gmt":"2024-09-06T10:18:09","slug":"046-karat-sunburst-pirlanta-kolye-ucu","status":"publish","type":"product","link":"https:\/\/zinetgold.com\/tr\/046-karat-sunburst-pirlanta-kolye-ucu\/","title":{"rendered":"0,46 Karat Sunburst P\u0131rlanta Kolye Ucu"},"content":{"rendered":"<p>Kolye ucu, \u015f\u0131k bir yatay \u00e7izgi olu\u015fturan baget kesim p\u0131rlantalardan olu\u015fan merkezi bir s\u0131ra ile tasarlanm\u0131\u015ft\u0131r.<br \/>\nBu \u00e7ekirde\u011fi \u00e7evreleyen yuvarlak p\u0131rlantalar, baget p\u0131rlantalarla serpi\u015ftirilmi\u015f bir g\u00fcne\u015f patlamas\u0131 deseninde d\u0131\u015fa do\u011fru yay\u0131larak dinamik ve g\u00f6z al\u0131c\u0131 bir yap\u0131 olu\u015fturur.<br \/>\n\u015eekil ve kesimlerin benzersiz kar\u0131\u015f\u0131m\u0131 14 beyaz alt\u0131n kolyeye modern ve cesur bir g\u00f6r\u00fcn\u00fcm kazand\u0131r\u0131rken, ince zincir kolyenin odak noktas\u0131 olarak parlamas\u0131n\u0131 sa\u011flar.<br \/>\n\u00c7arp\u0131c\u0131 bir par\u00e7a olan bu kolye, cesur ama zarif bir ifade yaratmak isteyenler i\u00e7in idealdir.   <\/p>\n","protected":false},"excerpt":{"rendered":"<p><strong>SKU-BKL0002240<\/strong><strong>.46 Karat<\/strong> P\u0131rlanta Kolye <strong>14 ayar Beyaz Alt\u0131n<\/strong>, <strong> <\/strong><strong> 5.79 gram<\/strong> a\u011f\u0131rl\u0131\u011f\u0131nda y\u00fcksek kaliteli do\u011fal p\u0131rlanta<\/p>\n","protected":false},"featured_media":3521,"comment_status":"open","ping_status":"closed","template":"","meta":{"_kad_blocks_custom_css":"","_kad_blocks_head_custom_js":"","_kad_blocks_body_custom_js":"","_kad_blocks_footer_custom_js":"","_kadence_starter_templates_imported_post":false,"_kad_post_transparent":"","_kad_post_title":"","_kad_post_layout":"","_kad_post_sidebar_id":"","_kad_post_content_style":"","_kad_post_vertical_padding":"","_kad_post_feature":"","_kad_post_feature_position":"","_kad_post_header":false,"_kad_post_footer":false,"_kad_post_classname":""},"product_brand":[],"product_cat":[48],"product_tag":[],"class_list":{"0":"post-3712","1":"product","2":"type-product","3":"status-publish","4":"has-post-thumbnail","6":"product_cat-kolyeler","8":"first","9":"instock","10":"sale","11":"shipping-taxable","12":"purchasable","13":"product-type-simple","14":"entry","15":"content-bg","16":"loop-entry"},"taxonomy_info":{"product_cat":[{"value":48,"label":"Kolyeler"}]},"featured_image_src_large":["https:\/\/zinetgold.com\/wp-content\/uploads\/2024\/08\/BKL000224-14K-BD-0.15-F-G-SI-D-0.46-F-G-SI-3.92-gr.-3113-1024x1024.webp",1024,1024,true],"author_info":[],"comment_info":0,"_links":{"self":[{"href":"https:\/\/zinetgold.com\/tr\/wp-json\/wp\/v2\/product\/3712","targetHints":{"allow":["GET"]}}],"collection":[{"href":"https:\/\/zinetgold.com\/tr\/wp-json\/wp\/v2\/product"}],"about":[{"href":"https:\/\/zinetgold.com\/tr\/wp-json\/wp\/v2\/types\/product"}],"replies":[{"embeddable":true,"href":"https:\/\/zinetgold.com\/tr\/wp-json\/wp\/v2\/comments?post=3712"}],"wp:featuredmedia":[{"embeddable":true,"href":"https:\/\/zinetgold.com\/tr\/wp-json\/wp\/v2\/media\/3521"}],"wp:attachment":[{"href":"https:\/\/zinetgold.com\/tr\/wp-json\/wp\/v2\/media?parent=3712"}],"wp:term":[{"taxonomy":"product_brand","embeddable":true,"href":"https:\/\/zinetgold.com\/tr\/wp-json\/wp\/v2\/product_brand?post=3712"},{"taxonomy":"product_cat","embeddable":true,"href":"https:\/\/zinetgold.com\/tr\/wp-json\/wp\/v2\/product_cat?post=3712"},{"taxonomy":"product_tag","embeddable":true,"href":"https:\/\/zinetgold.com\/tr\/wp-json\/wp\/v2\/product_tag?post=3712"}],"curies":[{"name":"wp","href":"https:\/\/api.w.org\/{rel}","templated":true}]}}