{"id":3713,"date":"2024-08-15T17:06:15","date_gmt":"2024-08-15T14:06:15","guid":{"rendered":"https:\/\/zinetgold.com\/116-karat-pirlanta-salkim-kolye\/"},"modified":"2024-09-06T13:18:11","modified_gmt":"2024-09-06T10:18:11","slug":"116-karat-pirlanta-salkim-kolye","status":"publish","type":"product","link":"https:\/\/zinetgold.com\/tr\/116-karat-pirlanta-salkim-kolye\/","title":{"rendered":"1,16 Karat P\u0131rlanta Salk\u0131m Kolye"},"content":{"rendered":"<p>Kolye ucunun merkezinde dikd\u00f6rtgen bir odak noktas\u0131 olu\u015fturan baget kesim p\u0131rlantalar yer al\u0131r.<br \/>\nBunu \u00e7evreleyen \u0131\u015f\u0131lt\u0131l\u0131 yuvarlak p\u0131rlantalardan olu\u015fan iki e\u015fmerkezli hale, kolyeye \u0131\u015f\u0131lt\u0131l\u0131, \u00e7i\u00e7ek benzeri bir g\u00f6r\u00fcn\u00fcm kazand\u0131r\u0131yor.<br \/>\nKarma\u015f\u0131k 14 ayar beyaz alt\u0131n ayar\u0131 her bir p\u0131rlantan\u0131n parlakl\u0131\u011f\u0131n\u0131 ve berrakl\u0131\u011f\u0131n\u0131 vurgularken, ince zincir kolyenin par\u00e7an\u0131n y\u0131ld\u0131z\u0131 olmas\u0131n\u0131 sa\u011flar.<br \/>\nBu kolye, her k\u0131yafete \u015f\u0131kl\u0131k ve sofistike bir dokunu\u015f katmak i\u00e7in m\u00fckemmel bir se\u00e7imdir.   <\/p>\n","protected":false},"excerpt":{"rendered":"<p><strong>SKU-BKL00002221<\/strong><strong>.16 Karat<\/strong> P\u0131rlanta Kolye <strong>14 ayar Beyaz Alt\u0131n<\/strong><strong>,<\/strong> <strong> <\/strong><strong> 5,79 gram<\/strong> a\u011f\u0131rl\u0131\u011f\u0131nda y\u00fcksek kaliteli do\u011fal p\u0131rlanta<\/p>\n","protected":false},"featured_media":3520,"comment_status":"open","ping_status":"closed","template":"","meta":{"_kad_blocks_custom_css":"","_kad_blocks_head_custom_js":"","_kad_blocks_body_custom_js":"","_kad_blocks_footer_custom_js":"","_kadence_starter_templates_imported_post":false,"_kad_post_transparent":"","_kad_post_title":"","_kad_post_layout":"","_kad_post_sidebar_id":"","_kad_post_content_style":"","_kad_post_vertical_padding":"","_kad_post_feature":"","_kad_post_feature_position":"","_kad_post_header":false,"_kad_post_footer":false,"_kad_post_classname":""},"product_brand":[],"product_cat":[48],"product_tag":[],"class_list":{"0":"post-3713","1":"product","2":"type-product","3":"status-publish","4":"has-post-thumbnail","6":"product_cat-kolyeler","8":"first","9":"instock","10":"sale","11":"shipping-taxable","12":"purchasable","13":"product-type-simple","14":"entry","15":"content-bg","16":"loop-entry"},"taxonomy_info":{"product_cat":[{"value":48,"label":"Kolyeler"}]},"featured_image_src_large":["https:\/\/zinetgold.com\/wp-content\/uploads\/2024\/08\/BKL0000222-14K-BD-0.23-F-G-SI-6-D-1.16-F-G-SI-90-5.79-gr.-5940-1024x1024.webp",1024,1024,true],"author_info":[],"comment_info":0,"_links":{"self":[{"href":"https:\/\/zinetgold.com\/tr\/wp-json\/wp\/v2\/product\/3713","targetHints":{"allow":["GET"]}}],"collection":[{"href":"https:\/\/zinetgold.com\/tr\/wp-json\/wp\/v2\/product"}],"about":[{"href":"https:\/\/zinetgold.com\/tr\/wp-json\/wp\/v2\/types\/product"}],"replies":[{"embeddable":true,"href":"https:\/\/zinetgold.com\/tr\/wp-json\/wp\/v2\/comments?post=3713"}],"wp:featuredmedia":[{"embeddable":true,"href":"https:\/\/zinetgold.com\/tr\/wp-json\/wp\/v2\/media\/3520"}],"wp:attachment":[{"href":"https:\/\/zinetgold.com\/tr\/wp-json\/wp\/v2\/media?parent=3713"}],"wp:term":[{"taxonomy":"product_brand","embeddable":true,"href":"https:\/\/zinetgold.com\/tr\/wp-json\/wp\/v2\/product_brand?post=3713"},{"taxonomy":"product_cat","embeddable":true,"href":"https:\/\/zinetgold.com\/tr\/wp-json\/wp\/v2\/product_cat?post=3713"},{"taxonomy":"product_tag","embeddable":true,"href":"https:\/\/zinetgold.com\/tr\/wp-json\/wp\/v2\/product_tag?post=3713"}],"curies":[{"name":"wp","href":"https:\/\/api.w.org\/{rel}","templated":true}]}}