{"id":3714,"date":"2024-08-15T22:30:23","date_gmt":"2024-08-15T19:30:23","guid":{"rendered":"https:\/\/zinetgold.com\/057-karat-pirlanta-kolye-ucu\/"},"modified":"2024-09-06T13:18:11","modified_gmt":"2024-09-06T10:18:11","slug":"057-karat-pirlanta-kolye-ucu","status":"publish","type":"product","link":"https:\/\/zinetgold.com\/tr\/057-karat-pirlanta-kolye-ucu\/","title":{"rendered":"0,57 Karat P\u0131rlanta Kolye Ucu"},"content":{"rendered":"<p>Bu bir Geometrik P\u0131rlanta Kolye Ucu Kolyesidir.<br \/>\nKolye ucu, e\u015fkenar d\u00f6rtgen \u015feklindeki bir elmas \u00e7er\u00e7eve i\u00e7ine yerle\u015ftirilmi\u015f baget ve yuvarlak elmaslardan olu\u015fan kare bir d\u00fczenlemeye sahiptir.<br \/>\nKarma\u015f\u0131k merkez tasar\u0131m\u0131, simetrik ve zarif bir g\u00f6r\u00fcn\u00fcm yaratan hassas kesimli p\u0131rlantalar\u0131n d\u00f6rt \u00e7eyre\u011fini sergiliyor.<br \/>\nDaha k\u00fc\u00e7\u00fck elmaslarla bezenmi\u015f d\u0131\u015f e\u015fkenar d\u00f6rtgen \u00e7er\u00e7eve, par\u00e7aya modern bir dokunu\u015f kat\u0131yor.<br \/>\nKolye ucu, genel \u0131\u015f\u0131lt\u0131s\u0131n\u0131 art\u0131ran p\u0131rlanta \u00e7ivili bir k\u00fcpeden sark\u0131yor.<br \/>\nBu kolye, l\u00fcks bir yetene\u011fe sahip \u00e7a\u011fda\u015f tasar\u0131m\u0131 takdir eden biri i\u00e7in m\u00fckemmeldir.     <\/p>\n","protected":false},"excerpt":{"rendered":"<p><strong>SKU-BKL00002600<\/strong><strong>.57 Karat<\/strong> P\u0131rlanta Kolye <strong>14 ayar Beyaz Alt\u0131n<\/strong><strong>,<\/strong> <strong> <\/strong><strong> 6.93 gram<\/strong> a\u011f\u0131rl\u0131\u011f\u0131nda y\u00fcksek kaliteli do\u011fal p\u0131rlanta<\/p>\n","protected":false},"featured_media":3525,"comment_status":"open","ping_status":"closed","template":"","meta":{"_kad_blocks_custom_css":"","_kad_blocks_head_custom_js":"","_kad_blocks_body_custom_js":"","_kad_blocks_footer_custom_js":"","_kadence_starter_templates_imported_post":false,"_kad_post_transparent":"","_kad_post_title":"","_kad_post_layout":"","_kad_post_sidebar_id":"","_kad_post_content_style":"","_kad_post_vertical_padding":"","_kad_post_feature":"","_kad_post_feature_position":"","_kad_post_header":false,"_kad_post_footer":false,"_kad_post_classname":""},"product_brand":[],"product_cat":[48],"product_tag":[],"class_list":{"0":"post-3714","1":"product","2":"type-product","3":"status-publish","4":"has-post-thumbnail","6":"product_cat-kolyeler","8":"first","9":"instock","10":"sale","11":"shipping-taxable","12":"purchasable","13":"product-type-simple","14":"entry","15":"content-bg","16":"loop-entry"},"taxonomy_info":{"product_cat":[{"value":48,"label":"Kolyeler"}]},"featured_image_src_large":["https:\/\/zinetgold.com\/wp-content\/uploads\/2024\/08\/BKL0000260-14K-BD-0.46-F-G-SI-12-D-0.57-F-G-SI-81-6.93-gr.-5643-1024x1024.webp",1024,1024,true],"author_info":[],"comment_info":0,"_links":{"self":[{"href":"https:\/\/zinetgold.com\/tr\/wp-json\/wp\/v2\/product\/3714","targetHints":{"allow":["GET"]}}],"collection":[{"href":"https:\/\/zinetgold.com\/tr\/wp-json\/wp\/v2\/product"}],"about":[{"href":"https:\/\/zinetgold.com\/tr\/wp-json\/wp\/v2\/types\/product"}],"replies":[{"embeddable":true,"href":"https:\/\/zinetgold.com\/tr\/wp-json\/wp\/v2\/comments?post=3714"}],"wp:featuredmedia":[{"embeddable":true,"href":"https:\/\/zinetgold.com\/tr\/wp-json\/wp\/v2\/media\/3525"}],"wp:attachment":[{"href":"https:\/\/zinetgold.com\/tr\/wp-json\/wp\/v2\/media?parent=3714"}],"wp:term":[{"taxonomy":"product_brand","embeddable":true,"href":"https:\/\/zinetgold.com\/tr\/wp-json\/wp\/v2\/product_brand?post=3714"},{"taxonomy":"product_cat","embeddable":true,"href":"https:\/\/zinetgold.com\/tr\/wp-json\/wp\/v2\/product_cat?post=3714"},{"taxonomy":"product_tag","embeddable":true,"href":"https:\/\/zinetgold.com\/tr\/wp-json\/wp\/v2\/product_tag?post=3714"}],"curies":[{"name":"wp","href":"https:\/\/api.w.org\/{rel}","templated":true}]}}