{"id":3715,"date":"2024-08-15T22:24:11","date_gmt":"2024-08-15T19:24:11","guid":{"rendered":"https:\/\/zinetgold.com\/023-karat-parlak-pirlanta-kolye\/"},"modified":"2024-09-06T13:18:12","modified_gmt":"2024-09-06T10:18:12","slug":"023-karat-parlak-pirlanta-kolye","status":"publish","type":"product","link":"https:\/\/zinetgold.com\/tr\/023-karat-parlak-pirlanta-kolye\/","title":{"rendered":"0,23 Karat Parlak P\u0131rlanta Kolye"},"content":{"rendered":"<p>Bu bir I\u015f\u0131lt\u0131l\u0131 Sunburst P\u0131rlanta Kolye.<br \/>\nKolyenin merkezinde b\u00fcy\u00fck bir yuvarlak p\u0131rlanta yer al\u0131r ve etraf\u0131 iki e\u015f merkezli baget kesim p\u0131rlanta \u00e7emberiyle \u00e7evrelenerek katmanl\u0131, g\u00fcne\u015f patlamas\u0131 benzeri bir etki yarat\u0131r.<br \/>\nD\u0131\u015ftaki 14 ayar beyaz alt\u0131n katman, tasar\u0131m\u0131n parlakl\u0131\u011f\u0131n\u0131 ve simetrisini art\u0131ran baget ve yuvarlak p\u0131rlantalardan olu\u015fuyor.<br \/>\nKolye ucu, \u0131\u015f\u0131lt\u0131s\u0131n\u0131 ve zarafetini art\u0131ran p\u0131rlanta \u00e7ivili bir k\u00fcpeden sark\u0131yor.<br \/>\nBu kolye, klasik sofistike bir dokunu\u015fa sahip cesur, \u0131\u015f\u0131lt\u0131l\u0131 tasar\u0131mlar\u0131 takdir edenler i\u00e7in m\u00fckemmeldir.    <\/p>\n","protected":false},"excerpt":{"rendered":"<p><strong>SKU-BKL00002540<\/strong><strong>.23 Karat<\/strong> P\u0131rlanta Kolye <strong>14 ayar Beyaz Alt\u0131n<\/strong>, <strong> <\/strong><strong> 5.13 gram<\/strong> a\u011f\u0131rl\u0131\u011f\u0131nda y\u00fcksek kaliteli do\u011fal p\u0131rlanta<\/p>\n","protected":false},"featured_media":3524,"comment_status":"open","ping_status":"closed","template":"","meta":{"_kad_blocks_custom_css":"","_kad_blocks_head_custom_js":"","_kad_blocks_body_custom_js":"","_kad_blocks_footer_custom_js":"","_kadence_starter_templates_imported_post":false,"_kad_post_transparent":"","_kad_post_title":"","_kad_post_layout":"","_kad_post_sidebar_id":"","_kad_post_content_style":"","_kad_post_vertical_padding":"","_kad_post_feature":"","_kad_post_feature_position":"","_kad_post_header":false,"_kad_post_footer":false,"_kad_post_classname":""},"product_brand":[],"product_cat":[48],"product_tag":[],"class_list":{"0":"post-3715","1":"product","2":"type-product","3":"status-publish","4":"has-post-thumbnail","6":"product_cat-kolyeler","8":"first","9":"instock","10":"sale","11":"shipping-taxable","12":"purchasable","13":"product-type-simple","14":"entry","15":"content-bg","16":"loop-entry"},"taxonomy_info":{"product_cat":[{"value":48,"label":"Kolyeler"}]},"featured_image_src_large":["https:\/\/zinetgold.com\/wp-content\/uploads\/2024\/08\/BKL0000254-14K-BD-0.80-F-G-SI-D-1_-0.25-F-G-SI-D-2_-0.23-F-G-SI-5.13-gr.-5929-1024x1024.webp",1024,1024,true],"author_info":[],"comment_info":0,"_links":{"self":[{"href":"https:\/\/zinetgold.com\/tr\/wp-json\/wp\/v2\/product\/3715","targetHints":{"allow":["GET"]}}],"collection":[{"href":"https:\/\/zinetgold.com\/tr\/wp-json\/wp\/v2\/product"}],"about":[{"href":"https:\/\/zinetgold.com\/tr\/wp-json\/wp\/v2\/types\/product"}],"replies":[{"embeddable":true,"href":"https:\/\/zinetgold.com\/tr\/wp-json\/wp\/v2\/comments?post=3715"}],"wp:featuredmedia":[{"embeddable":true,"href":"https:\/\/zinetgold.com\/tr\/wp-json\/wp\/v2\/media\/3524"}],"wp:attachment":[{"href":"https:\/\/zinetgold.com\/tr\/wp-json\/wp\/v2\/media?parent=3715"}],"wp:term":[{"taxonomy":"product_brand","embeddable":true,"href":"https:\/\/zinetgold.com\/tr\/wp-json\/wp\/v2\/product_brand?post=3715"},{"taxonomy":"product_cat","embeddable":true,"href":"https:\/\/zinetgold.com\/tr\/wp-json\/wp\/v2\/product_cat?post=3715"},{"taxonomy":"product_tag","embeddable":true,"href":"https:\/\/zinetgold.com\/tr\/wp-json\/wp\/v2\/product_tag?post=3715"}],"curies":[{"name":"wp","href":"https:\/\/api.w.org\/{rel}","templated":true}]}}