{"id":3716,"date":"2024-08-15T16:59:59","date_gmt":"2024-08-15T13:59:59","guid":{"rendered":"https:\/\/zinetgold.com\/165-karat-pirlanta-damla-kolye\/"},"modified":"2024-09-06T13:18:13","modified_gmt":"2024-09-06T10:18:13","slug":"165-karat-pirlanta-damla-kolye","status":"publish","type":"product","link":"https:\/\/zinetgold.com\/tr\/165-karat-pirlanta-damla-kolye\/","title":{"rendered":"1,65 Karat P\u0131rlanta Damla Kolye"},"content":{"rendered":"<p>14 ayar beyaz alt\u0131n tasar\u0131m, kolyenin \u00fcst k\u0131sm\u0131n\u0131 kaplayan yuvarlak p\u0131rlantalarla ba\u015flar ve kare z\u00fcmr\u00fct kesim p\u0131rlantalar\u0131n d\u00f6n\u00fc\u015f\u00fcml\u00fc olarak yer ald\u0131\u011f\u0131 V \u015feklinde bir desene ge\u00e7i\u015f yapar.<br \/>\nOrtada, m\u00fckemmel bir \u015fekilde hizalanm\u0131\u015f p\u0131rlantalardan olu\u015fan bir damla a\u015fa\u011f\u0131ya do\u011fru inerek parlak dairesel bir kolyeye ula\u015f\u0131yor.<br \/>\nKolye ucunun merkezinde, daha k\u00fc\u00e7\u00fck elmaslarla \u00e7er\u00e7evelenmi\u015f parlak bir z\u00fcmr\u00fct kesim p\u0131rlanta yer al\u0131yor.<br \/>\nZarif ve simetrik tasar\u0131m hem \u0131\u015f\u0131lt\u0131y\u0131 hem de yap\u0131y\u0131 vurgulayarak resmi etkinlikler i\u00e7in veya l\u00fcks bir ifade par\u00e7as\u0131 olarak idealdir.     &nbsp;<\/p>\n","protected":false},"excerpt":{"rendered":"<p><strong>SKU-BKL00002151<\/strong><strong>.65 Karat<\/strong> P\u0131rlanta Kolye <strong>14 ayar Beyaz Alt\u0131n<\/strong><strong>,<\/strong> <strong> 17.68 gram<\/strong> a\u011f\u0131rl\u0131\u011f\u0131nda <strong> <\/strong>y\u00fcksek kalite do\u011fal p\u0131rlanta<\/p>\n","protected":false},"featured_media":3519,"comment_status":"open","ping_status":"closed","template":"","meta":{"_kad_blocks_custom_css":"","_kad_blocks_head_custom_js":"","_kad_blocks_body_custom_js":"","_kad_blocks_footer_custom_js":"","_kadence_starter_templates_imported_post":false,"_kad_post_transparent":"","_kad_post_title":"","_kad_post_layout":"","_kad_post_sidebar_id":"","_kad_post_content_style":"","_kad_post_vertical_padding":"","_kad_post_feature":"","_kad_post_feature_position":"","_kad_post_header":false,"_kad_post_footer":false,"_kad_post_classname":""},"product_brand":[],"product_cat":[48],"product_tag":[],"class_list":{"0":"post-3716","1":"product","2":"type-product","3":"status-publish","4":"has-post-thumbnail","6":"product_cat-kolyeler","8":"first","9":"instock","10":"sale","11":"shipping-taxable","12":"purchasable","13":"product-type-simple","14":"entry","15":"content-bg","16":"loop-entry"},"taxonomy_info":{"product_cat":[{"value":48,"label":"Kolyeler"}]},"featured_image_src_large":["https:\/\/zinetgold.com\/wp-content\/uploads\/2024\/08\/BKL0000215-BD-1.64-F-G-SI-57-D-1.65-F-G-SI-270-17.68-gr-17127-1024x1024.webp",1024,1024,true],"author_info":[],"comment_info":0,"_links":{"self":[{"href":"https:\/\/zinetgold.com\/tr\/wp-json\/wp\/v2\/product\/3716","targetHints":{"allow":["GET"]}}],"collection":[{"href":"https:\/\/zinetgold.com\/tr\/wp-json\/wp\/v2\/product"}],"about":[{"href":"https:\/\/zinetgold.com\/tr\/wp-json\/wp\/v2\/types\/product"}],"replies":[{"embeddable":true,"href":"https:\/\/zinetgold.com\/tr\/wp-json\/wp\/v2\/comments?post=3716"}],"wp:featuredmedia":[{"embeddable":true,"href":"https:\/\/zinetgold.com\/tr\/wp-json\/wp\/v2\/media\/3519"}],"wp:attachment":[{"href":"https:\/\/zinetgold.com\/tr\/wp-json\/wp\/v2\/media?parent=3716"}],"wp:term":[{"taxonomy":"product_brand","embeddable":true,"href":"https:\/\/zinetgold.com\/tr\/wp-json\/wp\/v2\/product_brand?post=3716"},{"taxonomy":"product_cat","embeddable":true,"href":"https:\/\/zinetgold.com\/tr\/wp-json\/wp\/v2\/product_cat?post=3716"},{"taxonomy":"product_tag","embeddable":true,"href":"https:\/\/zinetgold.com\/tr\/wp-json\/wp\/v2\/product_tag?post=3716"}],"curies":[{"name":"wp","href":"https:\/\/api.w.org\/{rel}","templated":true}]}}