{"id":3717,"date":"2024-08-15T22:16:27","date_gmt":"2024-08-15T19:16:27","guid":{"rendered":"https:\/\/zinetgold.com\/023-karat-pirlanta-yakut-kolye-ucu-kolye\/"},"modified":"2024-09-06T13:18:14","modified_gmt":"2024-09-06T10:18:14","slug":"023-karat-pirlanta-yakut-kolye-ucu-kolye","status":"publish","type":"product","link":"https:\/\/zinetgold.com\/tr\/023-karat-pirlanta-yakut-kolye-ucu-kolye\/","title":{"rendered":"0,23 Karat P\u0131rlanta &amp; Yakut Kolye Ucu Kolye"},"content":{"rendered":"<p>Kolyenin merkezinde, canl\u0131 k\u0131rm\u0131z\u0131 yakutlardan olu\u015fan bir haleyle \u00e7evrili \u00e7arp\u0131c\u0131 bir z\u00fcmr\u00fct kesim p\u0131rlanta yer al\u0131yor.<br \/>\nBu yakutlar daha k\u00fc\u00e7\u00fck yuvarlak elmaslardan olu\u015fan zarif bir \u00e7er\u00e7eve ile \u00e7evrelenerek beyaz elmaslar ve zengin k\u0131rm\u0131z\u0131 yakutlar aras\u0131nda l\u00fcks bir kontrast yarat\u0131yor.<br \/>\n14 ayar beyaz alt\u0131n zincir, kolyeye p\u0131rlanta \u00e7ivili bir k\u00fcpe ile ba\u011flanarak genel \u0131\u015f\u0131lt\u0131y\u0131 art\u0131r\u0131yor.<br \/>\nKlasik unsurlar\u0131 canl\u0131 renklerle birle\u015ftiren bu zarif par\u00e7a, cesur ama zamans\u0131z bir aksesuar arayanlar i\u00e7in m\u00fckemmeldir.   <\/p>\n","protected":false},"excerpt":{"rendered":"<p><strong>SKU-BKL00002530<\/strong><strong>.23 Karat<\/strong> P\u0131rlanta Kolye <strong>14 ayar Beyaz Alt\u0131n<\/strong>, <strong> <\/strong><strong> 4.04 gram<\/strong> a\u011f\u0131rl\u0131\u011f\u0131nda y\u00fcksek kalite do\u011fal p\u0131rlanta<\/p>\n","protected":false},"featured_media":3523,"comment_status":"open","ping_status":"closed","template":"","meta":{"_kad_blocks_custom_css":"","_kad_blocks_head_custom_js":"","_kad_blocks_body_custom_js":"","_kad_blocks_footer_custom_js":"","_kadence_starter_templates_imported_post":false,"_kad_post_transparent":"","_kad_post_title":"","_kad_post_layout":"","_kad_post_sidebar_id":"","_kad_post_content_style":"","_kad_post_vertical_padding":"","_kad_post_feature":"","_kad_post_feature_position":"","_kad_post_header":false,"_kad_post_footer":false,"_kad_post_classname":""},"product_brand":[],"product_cat":[48],"product_tag":[],"class_list":{"0":"post-3717","1":"product","2":"type-product","3":"status-publish","4":"has-post-thumbnail","6":"product_cat-kolyeler","8":"first","9":"instock","10":"sale","11":"shipping-taxable","12":"purchasable","13":"product-type-simple","14":"entry","15":"content-bg","16":"loop-entry"},"taxonomy_info":{"product_cat":[{"value":48,"label":"Kolyeler"}]},"featured_image_src_large":["https:\/\/zinetgold.com\/wp-content\/uploads\/2024\/08\/BKL0000253-14K-BD-0.08-F-G-SI-3-D-0.23-F-G-SI-51-RB-1.00-14-4.04-gr.-3091-1024x1024.webp",1024,1024,true],"author_info":[],"comment_info":0,"_links":{"self":[{"href":"https:\/\/zinetgold.com\/tr\/wp-json\/wp\/v2\/product\/3717","targetHints":{"allow":["GET"]}}],"collection":[{"href":"https:\/\/zinetgold.com\/tr\/wp-json\/wp\/v2\/product"}],"about":[{"href":"https:\/\/zinetgold.com\/tr\/wp-json\/wp\/v2\/types\/product"}],"replies":[{"embeddable":true,"href":"https:\/\/zinetgold.com\/tr\/wp-json\/wp\/v2\/comments?post=3717"}],"wp:featuredmedia":[{"embeddable":true,"href":"https:\/\/zinetgold.com\/tr\/wp-json\/wp\/v2\/media\/3523"}],"wp:attachment":[{"href":"https:\/\/zinetgold.com\/tr\/wp-json\/wp\/v2\/media?parent=3717"}],"wp:term":[{"taxonomy":"product_brand","embeddable":true,"href":"https:\/\/zinetgold.com\/tr\/wp-json\/wp\/v2\/product_brand?post=3717"},{"taxonomy":"product_cat","embeddable":true,"href":"https:\/\/zinetgold.com\/tr\/wp-json\/wp\/v2\/product_cat?post=3717"},{"taxonomy":"product_tag","embeddable":true,"href":"https:\/\/zinetgold.com\/tr\/wp-json\/wp\/v2\/product_tag?post=3717"}],"curies":[{"name":"wp","href":"https:\/\/api.w.org\/{rel}","templated":true}]}}