{"id":3718,"date":"2024-08-15T16:53:14","date_gmt":"2024-08-15T13:53:14","guid":{"rendered":"https:\/\/zinetgold.com\/021-karat-pirlanta-zumrut-kesimli-kolye\/"},"modified":"2024-09-06T13:18:14","modified_gmt":"2024-09-06T10:18:14","slug":"021-karat-pirlanta-zumrut-kesimli-kolye","status":"publish","type":"product","link":"https:\/\/zinetgold.com\/tr\/021-karat-pirlanta-zumrut-kesimli-kolye\/","title":{"rendered":"0,21 Karat P\u0131rlanta Z\u00fcmr\u00fct Kesimli Kolye"},"content":{"rendered":"<p>Bu \u00e7arp\u0131c\u0131 p\u0131rlanta kolye, boyunda merkezi bir k\u00fcmeye sorunsuzca akan karma\u015f\u0131k tasar\u0131ml\u0131 markiz bi\u00e7imli p\u0131rlantalardan olu\u015fur.<br \/>\nKolyenin odak noktas\u0131, \u00e7ok say\u0131da k\u00fc\u00e7\u00fck p\u0131rlanta s\u0131ras\u0131yla \u00e7evrelenmi\u015f b\u00fcy\u00fck, dikd\u00f6rtgen, z\u00fcmr\u00fct kesim bir p\u0131rlanta kolyedir.<br \/>\nBu 14 ayar beyaz alt\u0131n par\u00e7a, \u015f\u0131kl\u0131\u011f\u0131 ve l\u00fcks\u00fc yans\u0131t\u0131r, \u00fcst d\u00fczey etkinlikler veya \u00f6zel g\u00fcnler i\u00e7in m\u00fckemmeldir.<br \/>\nParlak tasar\u0131m\u0131 onu zamans\u0131z bir sofistikelik ifadesi haline getirir.   <\/p>\n","protected":false},"excerpt":{"rendered":"<p><strong>SKU-BKL00000740<\/strong><strong>.21 Karat<\/strong> P\u0131rlanta Kolye <strong>14 ayar Beyaz Alt\u0131n<\/strong> <strong>,<\/strong> <strong> <\/strong><strong> 16,98 gram<\/strong> a\u011f\u0131rl\u0131\u011f\u0131nda y\u00fcksek kaliteli do\u011fal p\u0131rlanta<\/p>\n","protected":false},"featured_media":3518,"comment_status":"open","ping_status":"closed","template":"","meta":{"_kad_blocks_custom_css":"","_kad_blocks_head_custom_js":"","_kad_blocks_body_custom_js":"","_kad_blocks_footer_custom_js":"","_kadence_starter_templates_imported_post":false,"_kad_post_transparent":"","_kad_post_title":"","_kad_post_layout":"","_kad_post_sidebar_id":"","_kad_post_content_style":"","_kad_post_vertical_padding":"","_kad_post_feature":"","_kad_post_feature_position":"","_kad_post_header":false,"_kad_post_footer":false,"_kad_post_classname":""},"product_brand":[],"product_cat":[48],"product_tag":[],"class_list":{"0":"post-3718","1":"product","2":"type-product","3":"status-publish","4":"has-post-thumbnail","6":"product_cat-kolyeler","8":"first","9":"instock","10":"sale","11":"shipping-taxable","12":"purchasable","13":"product-type-simple","14":"entry","15":"content-bg","16":"loop-entry"},"taxonomy_info":{"product_cat":[{"value":48,"label":"Kolyeler"}]},"featured_image_src_large":["https:\/\/zinetgold.com\/wp-content\/uploads\/2024\/08\/BKL0000074-14K-D-1.50-F-G-SI-225-BD-0.21-F-G-VS-SI-5-16.98-gr.-11572-1024x1024.webp",1024,1024,true],"author_info":[],"comment_info":0,"_links":{"self":[{"href":"https:\/\/zinetgold.com\/tr\/wp-json\/wp\/v2\/product\/3718","targetHints":{"allow":["GET"]}}],"collection":[{"href":"https:\/\/zinetgold.com\/tr\/wp-json\/wp\/v2\/product"}],"about":[{"href":"https:\/\/zinetgold.com\/tr\/wp-json\/wp\/v2\/types\/product"}],"replies":[{"embeddable":true,"href":"https:\/\/zinetgold.com\/tr\/wp-json\/wp\/v2\/comments?post=3718"}],"wp:featuredmedia":[{"embeddable":true,"href":"https:\/\/zinetgold.com\/tr\/wp-json\/wp\/v2\/media\/3518"}],"wp:attachment":[{"href":"https:\/\/zinetgold.com\/tr\/wp-json\/wp\/v2\/media?parent=3718"}],"wp:term":[{"taxonomy":"product_brand","embeddable":true,"href":"https:\/\/zinetgold.com\/tr\/wp-json\/wp\/v2\/product_brand?post=3718"},{"taxonomy":"product_cat","embeddable":true,"href":"https:\/\/zinetgold.com\/tr\/wp-json\/wp\/v2\/product_cat?post=3718"},{"taxonomy":"product_tag","embeddable":true,"href":"https:\/\/zinetgold.com\/tr\/wp-json\/wp\/v2\/product_tag?post=3718"}],"curies":[{"name":"wp","href":"https:\/\/api.w.org\/{rel}","templated":true}]}}