{"id":3719,"date":"2024-08-15T17:42:04","date_gmt":"2024-08-15T14:42:04","guid":{"rendered":"https:\/\/zinetgold.com\/104-karat-parlak-pirlanta-kolye\/"},"modified":"2024-09-06T13:18:16","modified_gmt":"2024-09-06T10:18:16","slug":"104-karat-parlak-pirlanta-kolye","status":"publish","type":"product","link":"https:\/\/zinetgold.com\/tr\/104-karat-parlak-pirlanta-kolye\/","title":{"rendered":"1,04 Karat Parlak P\u0131rlanta Kolye"},"content":{"rendered":"<p>Kolye ucunun ortas\u0131nda dikd\u00f6rtgen bir \u015fekil olu\u015fturan baget kesim p\u0131rlantalar\u0131n merkezi bir d\u00fczenlemesi bulunur.<br \/>\nMerkezin etraf\u0131nda y\u0131ld\u0131z patlamas\u0131 veya g\u00fcne\u015f benzeri bir \u015fekil olu\u015fturan g\u00f6z kama\u015ft\u0131r\u0131c\u0131 bir dizi markiz ve yuvarlak p\u0131rlanta yer al\u0131yor.<br \/>\n14 ayar beyaz alt\u0131n\u0131n \u0131\u015f\u0131lt\u0131l\u0131 tasar\u0131m\u0131, karma\u015f\u0131k detaylar\u0131 ve parlak \u0131\u015f\u0131lt\u0131s\u0131yla dikkat \u00e7ekiyor.<br \/>\nHem cesur hem de zarif olan bu kolye ucu, \u0131\u015f\u0131lt\u0131l\u0131 ve l\u00fcks bir aksesuarla fark\u0131n\u0131 ortaya koymak isteyenler i\u00e7in idealdir.   <\/p>\n","protected":false},"excerpt":{"rendered":"<p><strong>SKU-BKL00002431<\/strong><strong>.04 Karat<\/strong> P\u0131rlanta Kolye <strong>14 ayar Beyaz Alt\u0131n<\/strong><strong>,<\/strong> <strong> <\/strong><strong> 5.43 gram<\/strong> a\u011f\u0131rl\u0131\u011f\u0131nda y\u00fcksek kaliteli do\u011fal p\u0131rlanta<\/p>\n","protected":false},"featured_media":3522,"comment_status":"open","ping_status":"closed","template":"","meta":{"_kad_blocks_custom_css":"","_kad_blocks_head_custom_js":"","_kad_blocks_body_custom_js":"","_kad_blocks_footer_custom_js":"","_kadence_starter_templates_imported_post":false,"_kad_post_transparent":"","_kad_post_title":"","_kad_post_layout":"","_kad_post_sidebar_id":"","_kad_post_content_style":"","_kad_post_vertical_padding":"","_kad_post_feature":"","_kad_post_feature_position":"","_kad_post_header":false,"_kad_post_footer":false,"_kad_post_classname":""},"product_brand":[],"product_cat":[48],"product_tag":[],"class_list":{"0":"post-3719","1":"product","2":"type-product","3":"status-publish","4":"has-post-thumbnail","6":"product_cat-kolyeler","8":"first","9":"instock","10":"sale","11":"shipping-taxable","12":"purchasable","13":"product-type-simple","14":"entry","15":"content-bg","16":"loop-entry"},"taxonomy_info":{"product_cat":[{"value":48,"label":"Kolyeler"}]},"featured_image_src_large":["https:\/\/zinetgold.com\/wp-content\/uploads\/2024\/08\/BKL0000243-14K-BD-0.24-F-G-SI-D-1.04-F-G-SI-5.43-gr.-5665-1024x1024.webp",1024,1024,true],"author_info":[],"comment_info":0,"_links":{"self":[{"href":"https:\/\/zinetgold.com\/tr\/wp-json\/wp\/v2\/product\/3719","targetHints":{"allow":["GET"]}}],"collection":[{"href":"https:\/\/zinetgold.com\/tr\/wp-json\/wp\/v2\/product"}],"about":[{"href":"https:\/\/zinetgold.com\/tr\/wp-json\/wp\/v2\/types\/product"}],"replies":[{"embeddable":true,"href":"https:\/\/zinetgold.com\/tr\/wp-json\/wp\/v2\/comments?post=3719"}],"wp:featuredmedia":[{"embeddable":true,"href":"https:\/\/zinetgold.com\/tr\/wp-json\/wp\/v2\/media\/3522"}],"wp:attachment":[{"href":"https:\/\/zinetgold.com\/tr\/wp-json\/wp\/v2\/media?parent=3719"}],"wp:term":[{"taxonomy":"product_brand","embeddable":true,"href":"https:\/\/zinetgold.com\/tr\/wp-json\/wp\/v2\/product_brand?post=3719"},{"taxonomy":"product_cat","embeddable":true,"href":"https:\/\/zinetgold.com\/tr\/wp-json\/wp\/v2\/product_cat?post=3719"},{"taxonomy":"product_tag","embeddable":true,"href":"https:\/\/zinetgold.com\/tr\/wp-json\/wp\/v2\/product_tag?post=3719"}],"curies":[{"name":"wp","href":"https:\/\/api.w.org\/{rel}","templated":true}]}}