{"id":3720,"date":"2024-08-13T06:31:24","date_gmt":"2024-08-13T03:31:24","guid":{"rendered":"https:\/\/zinetgold.com\/007-karat-pirlanta-isiltili-oval-spark-bileklik\/"},"modified":"2024-09-06T13:18:16","modified_gmt":"2024-09-06T10:18:16","slug":"007-karat-pirlanta-isiltili-oval-spark-bileklik","status":"publish","type":"product","link":"https:\/\/zinetgold.com\/tr\/007-karat-pirlanta-isiltili-oval-spark-bileklik\/","title":{"rendered":"0,07 Karat P\u0131rlanta I\u015f\u0131lt\u0131l\u0131 Oval Spark Bileklik"},"content":{"rendered":"<p>Bu bileklik, ekstra bir \u0131\u015f\u0131lt\u0131 katman\u0131 ekleyen, incelikle ayarlanm\u0131\u015f p\u0131rlantalar\u0131n halesiyle \u00e7evrelenmi\u015f b\u00fcy\u00fcleyici oval \u015fekilli bir merkez par\u00e7as\u0131 sergiliyor.<br \/>\n14 ayar beyaz alt\u0131ndan ince bir zincir \u00fczerine yerle\u015ftirilen tasar\u0131m, zarafeti modern bir dokunu\u015fla dengeliyor.<br \/>\nMerkezi p\u0131rlanta, \u0131\u015f\u0131\u011f\u0131 yakalay\u0131p yans\u0131tarak do\u011fal parlakl\u0131\u011f\u0131n\u0131 artt\u0131rmak i\u00e7in \u00f6zenle yontulmu\u015ftur.<br \/>\nBu par\u00e7a, \u00e7a\u011fda\u015f stil ve klasik cazibenin bir kar\u0131\u015f\u0131m\u0131n\u0131 arayanlar i\u00e7in m\u00fckemmeldir ve g\u00fcnl\u00fck kullan\u0131m i\u00e7in veya gece k\u0131yafetlerinin ince bir tamamlay\u0131c\u0131s\u0131 olarak uygundur.<br \/>\nAyarlanabilir toka rahat ve g\u00fcvenli bir uyum sa\u011flayarak Luminous Oval Spark Bilezi\u011fin her m\u00fccevher koleksiyonunda favori olarak kalmas\u0131n\u0131 sa\u011flar.    <\/p>\n","protected":false},"excerpt":{"rendered":"<p><strong>SKU-KBL0000010 <\/strong><strong>0.07 Karat<\/strong> P\u0131rlanta Bileklik <strong>14 ayar Beyaz Alt\u0131n<\/strong>, <strong> <\/strong><strong> 4.80 gram<\/strong> a\u011f\u0131rl\u0131\u011f\u0131nda y\u00fcksek kalite do\u011fal p\u0131rlanta<\/p>\n","protected":false},"featured_media":3516,"comment_status":"open","ping_status":"closed","template":"","meta":{"_kad_blocks_custom_css":"","_kad_blocks_head_custom_js":"","_kad_blocks_body_custom_js":"","_kad_blocks_footer_custom_js":"","_kadence_starter_templates_imported_post":false,"_kad_post_transparent":"","_kad_post_title":"","_kad_post_layout":"","_kad_post_sidebar_id":"","_kad_post_content_style":"","_kad_post_vertical_padding":"","_kad_post_feature":"","_kad_post_feature_position":"","_kad_post_header":false,"_kad_post_footer":false,"_kad_post_classname":""},"product_brand":[],"product_cat":[53],"product_tag":[],"class_list":{"0":"post-3720","1":"product","2":"type-product","3":"status-publish","4":"has-post-thumbnail","6":"product_cat-pirlanta-bilezikler","8":"first","9":"instock","10":"sale","11":"shipping-taxable","12":"purchasable","13":"product-type-simple","14":"entry","15":"content-bg","16":"loop-entry"},"taxonomy_info":{"product_cat":[{"value":53,"label":"P\u0131rlanta Bilezikler"}]},"featured_image_src_large":["https:\/\/zinetgold.com\/wp-content\/uploads\/2024\/08\/KBL0000010-14K-D-0.07-F-G-SI-9-4.80gr-2090-1024x1024.webp",1024,1024,true],"author_info":[],"comment_info":0,"_links":{"self":[{"href":"https:\/\/zinetgold.com\/tr\/wp-json\/wp\/v2\/product\/3720","targetHints":{"allow":["GET"]}}],"collection":[{"href":"https:\/\/zinetgold.com\/tr\/wp-json\/wp\/v2\/product"}],"about":[{"href":"https:\/\/zinetgold.com\/tr\/wp-json\/wp\/v2\/types\/product"}],"replies":[{"embeddable":true,"href":"https:\/\/zinetgold.com\/tr\/wp-json\/wp\/v2\/comments?post=3720"}],"wp:featuredmedia":[{"embeddable":true,"href":"https:\/\/zinetgold.com\/tr\/wp-json\/wp\/v2\/media\/3516"}],"wp:attachment":[{"href":"https:\/\/zinetgold.com\/tr\/wp-json\/wp\/v2\/media?parent=3720"}],"wp:term":[{"taxonomy":"product_brand","embeddable":true,"href":"https:\/\/zinetgold.com\/tr\/wp-json\/wp\/v2\/product_brand?post=3720"},{"taxonomy":"product_cat","embeddable":true,"href":"https:\/\/zinetgold.com\/tr\/wp-json\/wp\/v2\/product_cat?post=3720"},{"taxonomy":"product_tag","embeddable":true,"href":"https:\/\/zinetgold.com\/tr\/wp-json\/wp\/v2\/product_tag?post=3720"}],"curies":[{"name":"wp","href":"https:\/\/api.w.org\/{rel}","templated":true}]}}