{"id":3721,"date":"2024-08-13T06:27:51","date_gmt":"2024-08-13T03:27:51","guid":{"rendered":"https:\/\/zinetgold.com\/049-karat-pirlanta-kehribar-isilti-bileklik\/"},"modified":"2024-09-06T13:18:22","modified_gmt":"2024-09-06T10:18:22","slug":"049-karat-pirlanta-kehribar-isilti-bileklik","status":"publish","type":"product","link":"https:\/\/zinetgold.com\/tr\/049-karat-pirlanta-kehribar-isilti-bileklik\/","title":{"rendered":"0,49 Karat P\u0131rlanta Kehribar I\u015f\u0131lt\u0131 Bileklik"},"content":{"rendered":"<p>Bu narin 14 ayar beyaz alt\u0131n bilekli\u011fin kalbinde, merkez par\u00e7an\u0131n s\u0131cak, alt\u0131n tonlar\u0131n\u0131 zenginle\u015ftiren \u0131\u015f\u0131lt\u0131l\u0131 p\u0131rlantalar aras\u0131nda yer alan g\u00f6zya\u015f\u0131 damlas\u0131 \u015feklindeki \u00e7arp\u0131c\u0131 bir kehribar ta\u015f\u0131 bulunur.<br \/>\nP\u0131rlantalar ince beyaz alt\u0131n zincir boyunca simetrik bir d\u00fczende dizilerek derin kehribar rengiyle parlak bir kontrast olu\u015fturuyor.<br \/>\nKlasik zarafeti canl\u0131 renklerle birle\u015ftiren bu tasar\u0131m, Amber Radiance Bilezi\u011fi hem g\u00fcndelik hem de resmi davetler i\u00e7in m\u00fckemmel bir aksesuar haline getiriyor.<br \/>\nAyarlanabilir tokas\u0131 rahat bir uyum sa\u011flar, g\u00fcnl\u00fck kullan\u0131m i\u00e7in veya \u00f6zel etkinlikler i\u00e7in g\u00f6ze \u00e7arpan bir par\u00e7a olarak idealdir.   <\/p>\n","protected":false},"excerpt":{"rendered":"<p><strong>SKU-KBB0000617 <\/strong><strong>0,49 Karat<\/strong> P\u0131rlanta Bileklik <strong>14 ayar Beyaz Alt\u0131n<\/strong>, <strong> <\/strong><strong> 3,93 gram<\/strong> a\u011f\u0131rl\u0131\u011f\u0131nda y\u00fcksek kalite do\u011fal p\u0131rlanta<\/p>\n<p>&nbsp;<\/p>\n","protected":false},"featured_media":3515,"comment_status":"open","ping_status":"closed","template":"","meta":{"_kad_blocks_custom_css":"","_kad_blocks_head_custom_js":"","_kad_blocks_body_custom_js":"","_kad_blocks_footer_custom_js":"","_kadence_starter_templates_imported_post":false,"_kad_post_transparent":"","_kad_post_title":"","_kad_post_layout":"","_kad_post_sidebar_id":"","_kad_post_content_style":"","_kad_post_vertical_padding":"","_kad_post_feature":"","_kad_post_feature_position":"","_kad_post_header":false,"_kad_post_footer":false,"_kad_post_classname":""},"product_brand":[],"product_cat":[53],"product_tag":[],"class_list":{"0":"post-3721","1":"product","2":"type-product","3":"status-publish","4":"has-post-thumbnail","6":"product_cat-pirlanta-bilezikler","8":"first","9":"instock","10":"sale","11":"shipping-taxable","12":"purchasable","13":"product-type-simple","14":"entry","15":"content-bg","16":"loop-entry"},"taxonomy_info":{"product_cat":[{"value":53,"label":"P\u0131rlanta Bilezikler"}]},"featured_image_src_large":["https:\/\/zinetgold.com\/wp-content\/uploads\/2024\/08\/KBB0000617-14K-D-0.35-F-G-SI-13-SF-0.49-1-3.93gr-2761-1024x1024.webp",1024,1024,true],"author_info":[],"comment_info":0,"_links":{"self":[{"href":"https:\/\/zinetgold.com\/tr\/wp-json\/wp\/v2\/product\/3721","targetHints":{"allow":["GET"]}}],"collection":[{"href":"https:\/\/zinetgold.com\/tr\/wp-json\/wp\/v2\/product"}],"about":[{"href":"https:\/\/zinetgold.com\/tr\/wp-json\/wp\/v2\/types\/product"}],"replies":[{"embeddable":true,"href":"https:\/\/zinetgold.com\/tr\/wp-json\/wp\/v2\/comments?post=3721"}],"wp:featuredmedia":[{"embeddable":true,"href":"https:\/\/zinetgold.com\/tr\/wp-json\/wp\/v2\/media\/3515"}],"wp:attachment":[{"href":"https:\/\/zinetgold.com\/tr\/wp-json\/wp\/v2\/media?parent=3721"}],"wp:term":[{"taxonomy":"product_brand","embeddable":true,"href":"https:\/\/zinetgold.com\/tr\/wp-json\/wp\/v2\/product_brand?post=3721"},{"taxonomy":"product_cat","embeddable":true,"href":"https:\/\/zinetgold.com\/tr\/wp-json\/wp\/v2\/product_cat?post=3721"},{"taxonomy":"product_tag","embeddable":true,"href":"https:\/\/zinetgold.com\/tr\/wp-json\/wp\/v2\/product_tag?post=3721"}],"curies":[{"name":"wp","href":"https:\/\/api.w.org\/{rel}","templated":true}]}}