{"id":3722,"date":"2024-08-13T06:07:52","date_gmt":"2024-08-13T03:07:52","guid":{"rendered":"https:\/\/zinetgold.com\/084-karat-pirlanta-glitz-bar-bileklik\/"},"modified":"2024-09-06T13:18:22","modified_gmt":"2024-09-06T10:18:22","slug":"084-karat-pirlanta-glitz-bar-bileklik","status":"publish","type":"product","link":"https:\/\/zinetgold.com\/tr\/084-karat-pirlanta-glitz-bar-bileklik\/","title":{"rendered":"0,84 Karat P\u0131rlanta Glitz Bar Bileklik"},"content":{"rendered":"<p>Bu bilezik, 14 ayar beyaz alt\u0131ndan \u015f\u0131k ve aerodinamik bir bant i\u00e7ine yerle\u015ftirilmi\u015f, yo\u011fun \u015fekilde paketlenmi\u015f pav\u00e9 elmaslardan olu\u015fan l\u00fcks bir \u00e7ubu\u011fu sergiliyor.<br \/>\nI\u015f\u0131lt\u0131l\u0131 \u00e7ubuk, narin zincirle g\u00fczel bir kontrast olu\u015fturarak zarif ve sofistike bir aksesuar yarat\u0131yor.<br \/>\nTasar\u0131m, her bile\u011fe tam ve rahat bir \u015fekilde oturmas\u0131n\u0131 sa\u011flayan ayarlanabilir bir tokaya sahiptir.<br \/>\nHem g\u00fcnl\u00fck kullan\u0131m hem de \u00f6zel g\u00fcnler i\u00e7in m\u00fckemmel olan bu P\u0131rlanta Glitz Bar Bileklik, \u0131\u015f\u0131lt\u0131l\u0131 par\u0131lt\u0131s\u0131yla her kombini zahmetsizce y\u00fckselterek cazibe ve sofistike bir dokunu\u015f katar.   <\/p>\n","protected":false},"excerpt":{"rendered":"<p><strong>SKU-KBB0000011 <\/strong><strong>0,84 Karat<\/strong> P\u0131rlanta Bileklik <strong>14 ayar Beyaz Alt\u0131n<\/strong>, <strong> <\/strong><strong> 6,35 gram<\/strong> a\u011f\u0131rl\u0131\u011f\u0131nda y\u00fcksek kalite do\u011fal p\u0131rlanta<\/p>\n","protected":false},"featured_media":3510,"comment_status":"open","ping_status":"closed","template":"","meta":{"_kad_blocks_custom_css":"","_kad_blocks_head_custom_js":"","_kad_blocks_body_custom_js":"","_kad_blocks_footer_custom_js":"","_kadence_starter_templates_imported_post":false,"_kad_post_transparent":"","_kad_post_title":"","_kad_post_layout":"","_kad_post_sidebar_id":"","_kad_post_content_style":"","_kad_post_vertical_padding":"","_kad_post_feature":"","_kad_post_feature_position":"","_kad_post_header":false,"_kad_post_footer":false,"_kad_post_classname":""},"product_brand":[],"product_cat":[53],"product_tag":[],"class_list":{"0":"post-3722","1":"product","2":"type-product","3":"status-publish","4":"has-post-thumbnail","6":"product_cat-pirlanta-bilezikler","8":"first","9":"instock","10":"sale","11":"shipping-taxable","12":"purchasable","13":"product-type-simple","14":"entry","15":"content-bg","16":"loop-entry"},"taxonomy_info":{"product_cat":[{"value":53,"label":"P\u0131rlanta Bilezikler"}]},"featured_image_src_large":["https:\/\/zinetgold.com\/wp-content\/uploads\/2024\/08\/KBB0000011-14K-D-0.84-F-G-SI-164-6.35gr-5291-1024x1024.webp",1024,1024,true],"author_info":[],"comment_info":0,"_links":{"self":[{"href":"https:\/\/zinetgold.com\/tr\/wp-json\/wp\/v2\/product\/3722","targetHints":{"allow":["GET"]}}],"collection":[{"href":"https:\/\/zinetgold.com\/tr\/wp-json\/wp\/v2\/product"}],"about":[{"href":"https:\/\/zinetgold.com\/tr\/wp-json\/wp\/v2\/types\/product"}],"replies":[{"embeddable":true,"href":"https:\/\/zinetgold.com\/tr\/wp-json\/wp\/v2\/comments?post=3722"}],"wp:featuredmedia":[{"embeddable":true,"href":"https:\/\/zinetgold.com\/tr\/wp-json\/wp\/v2\/media\/3510"}],"wp:attachment":[{"href":"https:\/\/zinetgold.com\/tr\/wp-json\/wp\/v2\/media?parent=3722"}],"wp:term":[{"taxonomy":"product_brand","embeddable":true,"href":"https:\/\/zinetgold.com\/tr\/wp-json\/wp\/v2\/product_brand?post=3722"},{"taxonomy":"product_cat","embeddable":true,"href":"https:\/\/zinetgold.com\/tr\/wp-json\/wp\/v2\/product_cat?post=3722"},{"taxonomy":"product_tag","embeddable":true,"href":"https:\/\/zinetgold.com\/tr\/wp-json\/wp\/v2\/product_tag?post=3722"}],"curies":[{"name":"wp","href":"https:\/\/api.w.org\/{rel}","templated":true}]}}