{"id":3723,"date":"2024-08-13T06:24:08","date_gmt":"2024-08-13T03:24:08","guid":{"rendered":"https:\/\/zinetgold.com\/033-karat-pirlanta-safir-grace-bileklik\/"},"modified":"2024-09-06T13:18:24","modified_gmt":"2024-09-06T10:18:24","slug":"033-karat-pirlanta-safir-grace-bileklik","status":"publish","type":"product","link":"https:\/\/zinetgold.com\/tr\/033-karat-pirlanta-safir-grace-bileklik\/","title":{"rendered":"0,33 Karat P\u0131rlanta Safir Grace Bileklik"},"content":{"rendered":"<p>Bu bileklik, 14 ayar beyaz alt\u0131ndan narin bir zincir boyunca s\u0131ral\u0131 yuvarlak ve markiz kesim p\u0131rlantalar taraf\u0131ndan sar\u0131lm\u0131\u015f merkezi bir g\u00f6zya\u015f\u0131 damlas\u0131 safiri zarif bir \u015fekilde sergiliyor.<br \/>\nSafirin koyu mavisi, etraf\u0131ndaki p\u0131rlantalar\u0131n \u0131\u015f\u0131lt\u0131s\u0131yla g\u00fczel bir \u015fekilde tamamlanan \u00e7arp\u0131c\u0131 bir renk patlamas\u0131 kat\u0131yor.<br \/>\nSadeli\u011fi muhte\u015fem bir zarafet dokunu\u015fuyla dengeleyen bu par\u00e7a, hem g\u00fcnd\u00fcz hem de gece kullan\u0131m\u0131nda \u00e7ok y\u00f6nl\u00fcd\u00fcr.<br \/>\nSapphire Grace Bileklik, ince sofistike ve modern bir dokunu\u015fa sahip klasik bir tasar\u0131m\u0131 takdir edenler i\u00e7in m\u00fckemmeldir.   <\/p>\n","protected":false},"excerpt":{"rendered":"<p><strong>SKU-KBB0000616 <\/strong><strong>0,55 Karat<\/strong> P\u0131rlanta Bileklik <strong>14 ayar Beyaz Alt\u0131n<\/strong>, <strong> <\/strong><strong> 13,88 gram<\/strong> a\u011f\u0131rl\u0131\u011f\u0131nda y\u00fcksek kalite do\u011fal p\u0131rlanta<\/p>\n","protected":false},"featured_media":3514,"comment_status":"open","ping_status":"closed","template":"","meta":{"_kad_blocks_custom_css":"","_kad_blocks_head_custom_js":"","_kad_blocks_body_custom_js":"","_kad_blocks_footer_custom_js":"","_kadence_starter_templates_imported_post":false,"_kad_post_transparent":"","_kad_post_title":"","_kad_post_layout":"","_kad_post_sidebar_id":"","_kad_post_content_style":"","_kad_post_vertical_padding":"","_kad_post_feature":"","_kad_post_feature_position":"","_kad_post_header":false,"_kad_post_footer":false,"_kad_post_classname":""},"product_brand":[],"product_cat":[53],"product_tag":[],"class_list":{"0":"post-3723","1":"product","2":"type-product","3":"status-publish","4":"has-post-thumbnail","6":"product_cat-pirlanta-bilezikler","8":"first","9":"instock","10":"sale","11":"shipping-taxable","12":"purchasable","13":"product-type-simple","14":"entry","15":"content-bg","16":"loop-entry"},"taxonomy_info":{"product_cat":[{"value":53,"label":"P\u0131rlanta Bilezikler"}]},"featured_image_src_large":["https:\/\/zinetgold.com\/wp-content\/uploads\/2024\/08\/KBB0000616-14K-D-0.33-F-G-SI-18-SF-0.55-1-3.88gr-2529-1024x1024.webp",1024,1024,true],"author_info":[],"comment_info":0,"_links":{"self":[{"href":"https:\/\/zinetgold.com\/tr\/wp-json\/wp\/v2\/product\/3723","targetHints":{"allow":["GET"]}}],"collection":[{"href":"https:\/\/zinetgold.com\/tr\/wp-json\/wp\/v2\/product"}],"about":[{"href":"https:\/\/zinetgold.com\/tr\/wp-json\/wp\/v2\/types\/product"}],"replies":[{"embeddable":true,"href":"https:\/\/zinetgold.com\/tr\/wp-json\/wp\/v2\/comments?post=3723"}],"wp:featuredmedia":[{"embeddable":true,"href":"https:\/\/zinetgold.com\/tr\/wp-json\/wp\/v2\/media\/3514"}],"wp:attachment":[{"href":"https:\/\/zinetgold.com\/tr\/wp-json\/wp\/v2\/media?parent=3723"}],"wp:term":[{"taxonomy":"product_brand","embeddable":true,"href":"https:\/\/zinetgold.com\/tr\/wp-json\/wp\/v2\/product_brand?post=3723"},{"taxonomy":"product_cat","embeddable":true,"href":"https:\/\/zinetgold.com\/tr\/wp-json\/wp\/v2\/product_cat?post=3723"},{"taxonomy":"product_tag","embeddable":true,"href":"https:\/\/zinetgold.com\/tr\/wp-json\/wp\/v2\/product_tag?post=3723"}],"curies":[{"name":"wp","href":"https:\/\/api.w.org\/{rel}","templated":true}]}}