{"id":3724,"date":"2024-08-13T06:03:51","date_gmt":"2024-08-13T03:03:51","guid":{"rendered":"https:\/\/zinetgold.com\/017-karat-elegant-radiance-pirlanta-bileklik\/"},"modified":"2024-09-06T13:18:24","modified_gmt":"2024-09-06T10:18:24","slug":"017-karat-elegant-radiance-pirlanta-bileklik","status":"publish","type":"product","link":"https:\/\/zinetgold.com\/tr\/017-karat-elegant-radiance-pirlanta-bileklik\/","title":{"rendered":"0,17 Karat Elegant Radiance P\u0131rlanta Bileklik"},"content":{"rendered":"<p>Bu sofistike 14 ayar beyaz alt\u0131n bileklik, \u00e7arp\u0131c\u0131 bir dikd\u00f6rtgen merkeze, daha k\u00fc\u00e7\u00fck elmaslardan olu\u015fan hassas bir haleyle \u00e7evrili bezel setli bir elmasa sahiptir.<br \/>\nParlat\u0131lm\u0131\u015f beyaz alt\u0131ndan \u00fcretilen merkezi motif, rafine g\u00f6r\u00fcn\u00fcm\u00fcn\u00fc zenginle\u015ftiren ince, \u0131\u015f\u0131lt\u0131l\u0131 bir zincirle birbirine ba\u011flanm\u0131\u015ft\u0131r.<br \/>\nTasar\u0131m, modern bir dokunu\u015fla ince bir zarafeti tercih edenler i\u00e7in m\u00fckemmeldir.<br \/>\nAyarlanabilir zinciri her bile\u011fe m\u00fckemmel uyum sa\u011flayarak onu hem \u00f6zel etkinlikler hem de g\u00fcnl\u00fck \u015f\u0131kl\u0131k i\u00e7in ideal bir aksesuar haline getirir.<br \/>\nElegant Radiance P\u0131rlanta Bileklik, t\u00fcm m\u00fccevher koleksiyonlar\u0131na ihti\u015fam ve l\u00fcks bir dokunu\u015f getiriyor.    <\/p>\n","protected":false},"excerpt":{"rendered":"<p><strong>0,17 Karat<\/strong> P\u0131rlanta Bileklik <strong>14 ayar Beyaz Alt\u0131n<\/strong>, <strong> <\/strong><strong> 4,92 gram<\/strong> a\u011f\u0131rl\u0131\u011f\u0131nda y\u00fcksek kaliteli do\u011fal p\u0131rlanta<\/p>\n","protected":false},"featured_media":3509,"comment_status":"open","ping_status":"closed","template":"","meta":{"_kad_blocks_custom_css":"","_kad_blocks_head_custom_js":"","_kad_blocks_body_custom_js":"","_kad_blocks_footer_custom_js":"","_kadence_starter_templates_imported_post":false,"_kad_post_transparent":"","_kad_post_title":"","_kad_post_layout":"","_kad_post_sidebar_id":"","_kad_post_content_style":"","_kad_post_vertical_padding":"","_kad_post_feature":"","_kad_post_feature_position":"","_kad_post_header":false,"_kad_post_footer":false,"_kad_post_classname":""},"product_brand":[],"product_cat":[53],"product_tag":[],"class_list":{"0":"post-3724","1":"product","2":"type-product","3":"status-publish","4":"has-post-thumbnail","6":"product_cat-pirlanta-bilezikler","8":"first","9":"instock","10":"sale","11":"shipping-taxable","12":"purchasable","13":"product-type-simple","14":"entry","15":"content-bg","16":"loop-entry"},"taxonomy_info":{"product_cat":[{"value":53,"label":"P\u0131rlanta Bilezikler"}]},"featured_image_src_large":["https:\/\/zinetgold.com\/wp-content\/uploads\/2024\/08\/KBB0000002-14K-D-0.07-F-G-SI-6-BD-0.17-F-G-SI-3-4.92gr-2772-1024x1024.webp",1024,1024,true],"author_info":[],"comment_info":0,"_links":{"self":[{"href":"https:\/\/zinetgold.com\/tr\/wp-json\/wp\/v2\/product\/3724","targetHints":{"allow":["GET"]}}],"collection":[{"href":"https:\/\/zinetgold.com\/tr\/wp-json\/wp\/v2\/product"}],"about":[{"href":"https:\/\/zinetgold.com\/tr\/wp-json\/wp\/v2\/types\/product"}],"replies":[{"embeddable":true,"href":"https:\/\/zinetgold.com\/tr\/wp-json\/wp\/v2\/comments?post=3724"}],"wp:featuredmedia":[{"embeddable":true,"href":"https:\/\/zinetgold.com\/tr\/wp-json\/wp\/v2\/media\/3509"}],"wp:attachment":[{"href":"https:\/\/zinetgold.com\/tr\/wp-json\/wp\/v2\/media?parent=3724"}],"wp:term":[{"taxonomy":"product_brand","embeddable":true,"href":"https:\/\/zinetgold.com\/tr\/wp-json\/wp\/v2\/product_brand?post=3724"},{"taxonomy":"product_cat","embeddable":true,"href":"https:\/\/zinetgold.com\/tr\/wp-json\/wp\/v2\/product_cat?post=3724"},{"taxonomy":"product_tag","embeddable":true,"href":"https:\/\/zinetgold.com\/tr\/wp-json\/wp\/v2\/product_tag?post=3724"}],"curies":[{"name":"wp","href":"https:\/\/api.w.org\/{rel}","templated":true}]}}