{"id":3725,"date":"2024-08-13T06:20:35","date_gmt":"2024-08-13T03:20:35","guid":{"rendered":"https:\/\/zinetgold.com\/091-karat-pirlanta-isiltili-pave-bant-bileklik\/"},"modified":"2024-09-06T13:18:26","modified_gmt":"2024-09-06T10:18:26","slug":"091-karat-pirlanta-isiltili-pave-bant-bileklik","status":"publish","type":"product","link":"https:\/\/zinetgold.com\/tr\/091-karat-pirlanta-isiltili-pave-bant-bileklik\/","title":{"rendered":"0,91 Karat P\u0131rlanta I\u015f\u0131lt\u0131l\u0131 Pav\u00e9 Bant Bileklik"},"content":{"rendered":"<p>G\u00f6steri\u015fsiz l\u00fcks\u00fcn bir kan\u0131t\u0131 olan bu bilezik, parlat\u0131lm\u0131\u015f 14 ayar beyaz alt\u0131n \u00fczerine pav\u00e9 p\u0131rlantalarla tamamen kaplanm\u0131\u015f geni\u015f bir banda sahiptir.<br \/>\nP\u0131rlantalar\u0131n bant boyunca yo\u011fun bir \u015fekilde dizilmesi s\u00fcrekli bir \u0131\u015f\u0131lt\u0131 yaratarak bu par\u00e7ay\u0131 ger\u00e7ek bir zarafet ve incelik ifadesi haline getiriyor.<br \/>\n\u0130nce form fakt\u00f6r\u00fc, ayarlanabilir bir zincir ve toka ile tamamlanarak t\u00fcm bilek boyutlar\u0131 i\u00e7in m\u00fckemmel bir uyum sa\u011flar.<br \/>\nResmi etkinlikler i\u00e7in ideal olan veya g\u00fcnl\u00fck giyime \u0131\u015f\u0131lt\u0131l\u0131 bir dokunu\u015f katan Glistening Pav\u00e9 Band Bileklik, her m\u00fccevher koleksiyonuna \u00e7ok y\u00f6nl\u00fc bir ektir.   <\/p>\n","protected":false},"excerpt":{"rendered":"<p><strong>SKU-KBB00006060<\/strong><strong>.91 Karat<\/strong> P\u0131rlanta Bileklik <strong>14 ayar Beyaz Alt\u0131n<\/strong><strong>,<\/strong> <strong> <\/strong><strong> 6,28 gram<\/strong> a\u011f\u0131rl\u0131\u011f\u0131nda y\u00fcksek kalite do\u011fal p\u0131rlanta<\/p>\n","protected":false},"featured_media":3513,"comment_status":"open","ping_status":"closed","template":"","meta":{"_kad_blocks_custom_css":"","_kad_blocks_head_custom_js":"","_kad_blocks_body_custom_js":"","_kad_blocks_footer_custom_js":"","_kadence_starter_templates_imported_post":false,"_kad_post_transparent":"","_kad_post_title":"","_kad_post_layout":"","_kad_post_sidebar_id":"","_kad_post_content_style":"","_kad_post_vertical_padding":"","_kad_post_feature":"","_kad_post_feature_position":"","_kad_post_header":false,"_kad_post_footer":false,"_kad_post_classname":""},"product_brand":[],"product_cat":[53],"product_tag":[],"class_list":{"0":"post-3725","1":"product","2":"type-product","3":"status-publish","4":"has-post-thumbnail","6":"product_cat-pirlanta-bilezikler","8":"first","9":"instock","10":"sale","11":"shipping-taxable","12":"purchasable","13":"product-type-simple","14":"entry","15":"content-bg","16":"loop-entry"},"taxonomy_info":{"product_cat":[{"value":53,"label":"P\u0131rlanta Bilezikler"}]},"featured_image_src_large":["https:\/\/zinetgold.com\/wp-content\/uploads\/2024\/08\/KBB0000606-14K-D-0.91-F-G-SI-164-6.28gr-5478-1024x1024.webp",1024,1024,true],"author_info":[],"comment_info":0,"_links":{"self":[{"href":"https:\/\/zinetgold.com\/tr\/wp-json\/wp\/v2\/product\/3725","targetHints":{"allow":["GET"]}}],"collection":[{"href":"https:\/\/zinetgold.com\/tr\/wp-json\/wp\/v2\/product"}],"about":[{"href":"https:\/\/zinetgold.com\/tr\/wp-json\/wp\/v2\/types\/product"}],"replies":[{"embeddable":true,"href":"https:\/\/zinetgold.com\/tr\/wp-json\/wp\/v2\/comments?post=3725"}],"wp:featuredmedia":[{"embeddable":true,"href":"https:\/\/zinetgold.com\/tr\/wp-json\/wp\/v2\/media\/3513"}],"wp:attachment":[{"href":"https:\/\/zinetgold.com\/tr\/wp-json\/wp\/v2\/media?parent=3725"}],"wp:term":[{"taxonomy":"product_brand","embeddable":true,"href":"https:\/\/zinetgold.com\/tr\/wp-json\/wp\/v2\/product_brand?post=3725"},{"taxonomy":"product_cat","embeddable":true,"href":"https:\/\/zinetgold.com\/tr\/wp-json\/wp\/v2\/product_cat?post=3725"},{"taxonomy":"product_tag","embeddable":true,"href":"https:\/\/zinetgold.com\/tr\/wp-json\/wp\/v2\/product_tag?post=3725"}],"curies":[{"name":"wp","href":"https:\/\/api.w.org\/{rel}","templated":true}]}}