{"id":3726,"date":"2024-08-13T05:58:08","date_gmt":"2024-08-13T02:58:08","guid":{"rendered":"https:\/\/zinetgold.com\/053-karat-pirlanta-majestik-safir-gozyasi-bileklik\/"},"modified":"2024-09-06T13:18:27","modified_gmt":"2024-09-06T10:18:27","slug":"053-karat-pirlanta-majestik-safir-gozyasi-bileklik","status":"publish","type":"product","link":"https:\/\/zinetgold.com\/tr\/053-karat-pirlanta-majestik-safir-gozyasi-bileklik\/","title":{"rendered":"0,53 Karat P\u0131rlanta Majestik Safir G\u00f6zya\u015f\u0131 Bileklik"},"content":{"rendered":"<p>Bu 14 ayar beyaz alt\u0131n bilezi\u011fin merkezinde g\u00f6zya\u015f\u0131 damlas\u0131 \u015feklinde g\u00f6z al\u0131c\u0131 bir safir yer al\u0131yor ve p\u0131r\u0131lt\u0131l\u0131 elmaslardan olu\u015fan bir haleyle g\u00fczelce \u00e7er\u00e7eveleniyor.<br \/>\n\u015e\u0131k bir beyaz alt\u0131n bant i\u00e7ine yerle\u015ftirilmi\u015f olan masmavi safir, muhte\u015fem bir zarafet sergilerken etraf\u0131n\u0131 saran p\u0131rlantalar da parlakl\u0131\u011f\u0131n\u0131 art\u0131r\u0131yor.<br \/>\nTasar\u0131m hem klasik hem de \u00e7a\u011fda\u015ft\u0131r, bu da onu hem resmi durumlar hem de g\u00fcnl\u00fck l\u00fcks i\u00e7in \u00e7ok y\u00f6nl\u00fc bir par\u00e7a haline getirir.<br \/>\nAyarlanabilir toka rahat bir uyum sa\u011flar ve her tak\u0131ma sofistike ve renkli bir dokunu\u015f katmak i\u00e7in m\u00fckemmeldir.<br \/>\nBu Majestic Safir G\u00f6zya\u015f\u0131 Bilezi\u011fi, zamans\u0131z g\u00fczelli\u011fin ve zarif i\u015f\u00e7ili\u011fin bir kan\u0131t\u0131d\u0131r.      &nbsp;<\/p>\n","protected":false},"excerpt":{"rendered":"<p><strong>SKU-BL0000618 <\/strong><strong>0,53 Karat<\/strong> P\u0131rlanta Bileklik <strong>14 ayar Beyaz Alt\u0131n<\/strong>, <strong> <\/strong><strong> 14,70 gram<\/strong> a\u011f\u0131rl\u0131\u011f\u0131nda y\u00fcksek kalite do\u011fal p\u0131rlanta<\/p>\n","protected":false},"featured_media":3508,"comment_status":"open","ping_status":"closed","template":"","meta":{"_kad_blocks_custom_css":"","_kad_blocks_head_custom_js":"","_kad_blocks_body_custom_js":"","_kad_blocks_footer_custom_js":"","_kadence_starter_templates_imported_post":false,"_kad_post_transparent":"","_kad_post_title":"","_kad_post_layout":"","_kad_post_sidebar_id":"","_kad_post_content_style":"","_kad_post_vertical_padding":"","_kad_post_feature":"","_kad_post_feature_position":"","_kad_post_header":false,"_kad_post_footer":false,"_kad_post_classname":""},"product_brand":[],"product_cat":[53],"product_tag":[],"class_list":{"0":"post-3726","1":"product","2":"type-product","3":"status-publish","4":"has-post-thumbnail","6":"product_cat-pirlanta-bilezikler","8":"first","9":"instock","10":"sale","11":"shipping-taxable","12":"purchasable","13":"product-type-simple","14":"entry","15":"content-bg","16":"loop-entry"},"taxonomy_info":{"product_cat":[{"value":53,"label":"P\u0131rlanta Bilezikler"}]},"featured_image_src_large":["https:\/\/zinetgold.com\/wp-content\/uploads\/2024\/08\/BL0000618-14K-D-0.31-F-G-SI-48-SF-0.53-1-4.70gr-3036-1024x1024.webp",1024,1024,true],"author_info":[],"comment_info":0,"_links":{"self":[{"href":"https:\/\/zinetgold.com\/tr\/wp-json\/wp\/v2\/product\/3726","targetHints":{"allow":["GET"]}}],"collection":[{"href":"https:\/\/zinetgold.com\/tr\/wp-json\/wp\/v2\/product"}],"about":[{"href":"https:\/\/zinetgold.com\/tr\/wp-json\/wp\/v2\/types\/product"}],"replies":[{"embeddable":true,"href":"https:\/\/zinetgold.com\/tr\/wp-json\/wp\/v2\/comments?post=3726"}],"wp:featuredmedia":[{"embeddable":true,"href":"https:\/\/zinetgold.com\/tr\/wp-json\/wp\/v2\/media\/3508"}],"wp:attachment":[{"href":"https:\/\/zinetgold.com\/tr\/wp-json\/wp\/v2\/media?parent=3726"}],"wp:term":[{"taxonomy":"product_brand","embeddable":true,"href":"https:\/\/zinetgold.com\/tr\/wp-json\/wp\/v2\/product_brand?post=3726"},{"taxonomy":"product_cat","embeddable":true,"href":"https:\/\/zinetgold.com\/tr\/wp-json\/wp\/v2\/product_cat?post=3726"},{"taxonomy":"product_tag","embeddable":true,"href":"https:\/\/zinetgold.com\/tr\/wp-json\/wp\/v2\/product_tag?post=3726"}],"curies":[{"name":"wp","href":"https:\/\/api.w.org\/{rel}","templated":true}]}}