{"id":3727,"date":"2024-08-13T06:16:46","date_gmt":"2024-08-13T03:16:46","guid":{"rendered":"https:\/\/zinetgold.com\/006-karat-classic-elegance-pirlanta-bileklik\/"},"modified":"2024-09-06T13:18:28","modified_gmt":"2024-09-06T10:18:28","slug":"006-karat-classic-elegance-pirlanta-bileklik","status":"publish","type":"product","link":"https:\/\/zinetgold.com\/tr\/006-karat-classic-elegance-pirlanta-bileklik\/","title":{"rendered":"0,06 Karat Classic Elegance P\u0131rlanta Bileklik"},"content":{"rendered":"<p>Bu 14 ayar beyaz alt\u0131n bileklik, zamans\u0131z cazibesiyle tan\u0131mlan\u0131r ve daha k\u00fc\u00e7\u00fck elmaslardan olu\u015fan kare bir hale i\u00e7ine yerle\u015ftirilmi\u015f g\u00fczel kesimli bir merkezi elmas i\u00e7erir.<br \/>\nMerkez par\u00e7a, p\u0131rlantan\u0131n do\u011fal parlakl\u0131\u011f\u0131n\u0131 art\u0131ran ince bir beyaz alt\u0131n zincir \u00fczerine zarif bir \u015fekilde monte edilmi\u015ftir.<br \/>\nP\u0131rlantalar\u0131n hassas dizilimi her a\u00e7\u0131dan b\u00fcy\u00fcleyici bir \u0131\u015f\u0131lt\u0131 sa\u011flarken, ayarlanabilir toka rahat ve g\u00fcvenli bir uyum sa\u011flar.<br \/>\nBu Classic Elegance P\u0131rlanta Bileklik, hem g\u00fcnd\u00fcz hem de ak\u015fam g\u00f6r\u00fcn\u00fcmlerine sofistike bir cazibe katmak i\u00e7in m\u00fckemmeldir ve hem l\u00fcks\u00fc hem de zarif sadeli\u011fi somutla\u015ft\u0131r\u0131r.   <\/p>\n","protected":false},"excerpt":{"rendered":"<p><strong>SKU-KBB00000130<\/strong><strong>.06 Karat<\/strong> P\u0131rlanta Bileklik <strong>14 ayar Beyaz Alt\u0131n<\/strong>, <strong> <\/strong><strong> 4.66 gram<\/strong> a\u011f\u0131rl\u0131\u011f\u0131nda y\u00fcksek kalite do\u011fal p\u0131rlanta<\/p>\n","protected":false},"featured_media":3512,"comment_status":"open","ping_status":"closed","template":"","meta":{"_kad_blocks_custom_css":"","_kad_blocks_head_custom_js":"","_kad_blocks_body_custom_js":"","_kad_blocks_footer_custom_js":"","_kadence_starter_templates_imported_post":false,"_kad_post_transparent":"","_kad_post_title":"","_kad_post_layout":"","_kad_post_sidebar_id":"","_kad_post_content_style":"","_kad_post_vertical_padding":"","_kad_post_feature":"","_kad_post_feature_position":"","_kad_post_header":false,"_kad_post_footer":false,"_kad_post_classname":""},"product_brand":[],"product_cat":[53],"product_tag":[],"class_list":{"0":"post-3727","1":"product","2":"type-product","3":"status-publish","4":"has-post-thumbnail","6":"product_cat-pirlanta-bilezikler","8":"first","9":"instock","10":"sale","11":"shipping-taxable","12":"purchasable","13":"product-type-simple","14":"entry","15":"content-bg","16":"loop-entry"},"taxonomy_info":{"product_cat":[{"value":53,"label":"P\u0131rlanta Bilezikler"}]},"featured_image_src_large":["https:\/\/zinetgold.com\/wp-content\/uploads\/2024\/08\/KBB0000013-14K-D-0.06-F-G-SI-9-4.66gr-2244-1024x1024.webp",1024,1024,true],"author_info":[],"comment_info":0,"_links":{"self":[{"href":"https:\/\/zinetgold.com\/tr\/wp-json\/wp\/v2\/product\/3727","targetHints":{"allow":["GET"]}}],"collection":[{"href":"https:\/\/zinetgold.com\/tr\/wp-json\/wp\/v2\/product"}],"about":[{"href":"https:\/\/zinetgold.com\/tr\/wp-json\/wp\/v2\/types\/product"}],"replies":[{"embeddable":true,"href":"https:\/\/zinetgold.com\/tr\/wp-json\/wp\/v2\/comments?post=3727"}],"wp:featuredmedia":[{"embeddable":true,"href":"https:\/\/zinetgold.com\/tr\/wp-json\/wp\/v2\/media\/3512"}],"wp:attachment":[{"href":"https:\/\/zinetgold.com\/tr\/wp-json\/wp\/v2\/media?parent=3727"}],"wp:term":[{"taxonomy":"product_brand","embeddable":true,"href":"https:\/\/zinetgold.com\/tr\/wp-json\/wp\/v2\/product_brand?post=3727"},{"taxonomy":"product_cat","embeddable":true,"href":"https:\/\/zinetgold.com\/tr\/wp-json\/wp\/v2\/product_cat?post=3727"},{"taxonomy":"product_tag","embeddable":true,"href":"https:\/\/zinetgold.com\/tr\/wp-json\/wp\/v2\/product_tag?post=3727"}],"curies":[{"name":"wp","href":"https:\/\/api.w.org\/{rel}","templated":true}]}}