{"id":3728,"date":"2024-08-13T05:53:06","date_gmt":"2024-08-13T02:53:06","guid":{"rendered":"https:\/\/zinetgold.com\/026-karat-pirlanta-safir-serenity-bileklik\/"},"modified":"2024-09-06T13:18:28","modified_gmt":"2024-09-06T10:18:28","slug":"026-karat-pirlanta-safir-serenity-bileklik","status":"publish","type":"product","link":"https:\/\/zinetgold.com\/tr\/026-karat-pirlanta-safir-serenity-bileklik\/","title":{"rendered":"0,26 Karat P\u0131rlanta Safir Serenity Bileklik"},"content":{"rendered":"<p>Bu zarif 14 ayar beyaz alt\u0131n bileklik, her biri klasik oval kesime sahip ve narin beyaz alt\u0131n zincir boyunca e\u015fit aral\u0131klarla yerle\u015ftirilmi\u015f koyu mavi safir de\u011ferli ta\u015flar\u0131 g\u00fczel bir \u015fekilde sergiliyor.<br \/>\nSafirler, ince bir \u0131\u015f\u0131lt\u0131 katan ve safirlerin zengin mavi tonunu zenginle\u015ftiren k\u00fc\u00e7\u00fck p\u0131rlantalarla tamamlanmaktad\u0131r.<br \/>\nZamans\u0131z tasar\u0131m, hem g\u00fcnl\u00fck kullan\u0131m hem de \u00f6zel g\u00fcnler i\u00e7in uygun dingin bir sofistike dokunu\u015f sunuyor.<br \/>\nAyarlanabilir tokas\u0131 m\u00fckemmel bir uyum sa\u011flayarak bu Safir Serenity Bilezi\u011fi her m\u00fccevher koleksiyonuna \u00e7ok y\u00f6nl\u00fc ve de\u011ferli bir katk\u0131 haline getirir.     &nbsp;<\/p>\n","protected":false},"excerpt":{"rendered":"<p><strong>SKU-BL00006150<\/strong><strong>.26 Karat<\/strong> P\u0131rlanta Bileklik <strong>14 ayar Beyaz Alt\u0131n<\/strong> <strong>,<\/strong> <strong> <\/strong><strong> 4,01 gram<\/strong> a\u011f\u0131rl\u0131\u011f\u0131nda y\u00fcksek kalite do\u011fal p\u0131rlanta<\/p>\n","protected":false},"featured_media":3507,"comment_status":"open","ping_status":"closed","template":"","meta":{"_kad_blocks_custom_css":"","_kad_blocks_head_custom_js":"","_kad_blocks_body_custom_js":"","_kad_blocks_footer_custom_js":"","_kadence_starter_templates_imported_post":false,"_kad_post_transparent":"","_kad_post_title":"","_kad_post_layout":"","_kad_post_sidebar_id":"","_kad_post_content_style":"","_kad_post_vertical_padding":"","_kad_post_feature":"","_kad_post_feature_position":"","_kad_post_header":false,"_kad_post_footer":false,"_kad_post_classname":""},"product_brand":[],"product_cat":[53],"product_tag":[],"class_list":{"0":"post-3728","1":"product","2":"type-product","3":"status-publish","4":"has-post-thumbnail","6":"product_cat-pirlanta-bilezikler","8":"first","9":"instock","10":"sale","11":"shipping-taxable","12":"purchasable","13":"product-type-simple","14":"entry","15":"content-bg","16":"loop-entry"},"taxonomy_info":{"product_cat":[{"value":53,"label":"P\u0131rlanta Bilezikler"}]},"featured_image_src_large":["https:\/\/zinetgold.com\/wp-content\/uploads\/2024\/08\/BL0000615-14K-D-0.15-F-G-SI-34-SF-0.26-3-4.01gr-2233-1024x1024.webp",1024,1024,true],"author_info":[],"comment_info":0,"_links":{"self":[{"href":"https:\/\/zinetgold.com\/tr\/wp-json\/wp\/v2\/product\/3728","targetHints":{"allow":["GET"]}}],"collection":[{"href":"https:\/\/zinetgold.com\/tr\/wp-json\/wp\/v2\/product"}],"about":[{"href":"https:\/\/zinetgold.com\/tr\/wp-json\/wp\/v2\/types\/product"}],"replies":[{"embeddable":true,"href":"https:\/\/zinetgold.com\/tr\/wp-json\/wp\/v2\/comments?post=3728"}],"wp:featuredmedia":[{"embeddable":true,"href":"https:\/\/zinetgold.com\/tr\/wp-json\/wp\/v2\/media\/3507"}],"wp:attachment":[{"href":"https:\/\/zinetgold.com\/tr\/wp-json\/wp\/v2\/media?parent=3728"}],"wp:term":[{"taxonomy":"product_brand","embeddable":true,"href":"https:\/\/zinetgold.com\/tr\/wp-json\/wp\/v2\/product_brand?post=3728"},{"taxonomy":"product_cat","embeddable":true,"href":"https:\/\/zinetgold.com\/tr\/wp-json\/wp\/v2\/product_cat?post=3728"},{"taxonomy":"product_tag","embeddable":true,"href":"https:\/\/zinetgold.com\/tr\/wp-json\/wp\/v2\/product_tag?post=3728"}],"curies":[{"name":"wp","href":"https:\/\/api.w.org\/{rel}","templated":true}]}}