{"id":3729,"date":"2024-08-13T06:12:49","date_gmt":"2024-08-13T03:12:49","guid":{"rendered":"https:\/\/zinetgold.com\/013-karat-parlak-halo-pirlanta-bileklik\/"},"modified":"2024-09-06T13:18:29","modified_gmt":"2024-09-06T10:18:29","slug":"013-karat-parlak-halo-pirlanta-bileklik","status":"publish","type":"product","link":"https:\/\/zinetgold.com\/tr\/013-karat-parlak-halo-pirlanta-bileklik\/","title":{"rendered":"0,13 Karat Parlak Halo P\u0131rlanta Bileklik"},"content":{"rendered":"<p>Bu 14 ayar beyaz alt\u0131n bileklik, daha k\u00fc\u00e7\u00fck p\u0131rlantalardan olu\u015fan bir haleyle g\u00fczelce \u00e7er\u00e7evelenmi\u015f, g\u00f6z al\u0131c\u0131 bir parlakl\u0131k yaratan \u00e7arp\u0131c\u0131 bir merkezi p\u0131rlantaya sahiptir.<br \/>\nMerkez par\u00e7a, tasar\u0131ma zarafet ve incelik katan narin bir zincirle tamamlanan \u015f\u0131k bir beyaz alt\u0131n bant \u00fczerine monte edilmi\u015ftir.<br \/>\nHalo ayar\u0131 sadece merkezdeki p\u0131rlantan\u0131n \u0131\u015f\u0131lt\u0131s\u0131n\u0131 artt\u0131rmakla kalmaz, ayn\u0131 zamanda par\u00e7aya l\u00fcks ve geni\u015f bir g\u00f6r\u00fcn\u00fcm kazand\u0131r\u0131r.<br \/>\nAyarlanabilir tokas\u0131yla hem rahatl\u0131k hem de \u00e7ok y\u00f6nl\u00fcl\u00fck sunan bu bilezik, g\u00fcnl\u00fck k\u0131yafetleri y\u00fckseltmek veya gece k\u0131yafetlerine sofistike bir dokunu\u015f katmak i\u00e7in m\u00fckemmeldir.<br \/>\nRadiant Halo P\u0131rlanta Bileklik, klasik zarafeti modern bir yetenekle birle\u015ftiren zamans\u0131z bir par\u00e7ad\u0131r.    <\/p>\n","protected":false},"excerpt":{"rendered":"<p><strong>SKU-KBB0000012 <\/strong><strong>0,13 Karat<\/strong> P\u0131rlanta Bileklik <strong>14 ayar Beyaz Alt\u0131n<\/strong>, <strong> <\/strong><strong> 4,90 gram<\/strong> a\u011f\u0131rl\u0131\u011f\u0131nda y\u00fcksek kalite do\u011fal p\u0131rlanta<\/p>\n","protected":false},"featured_media":3511,"comment_status":"open","ping_status":"closed","template":"","meta":{"_kad_blocks_custom_css":"","_kad_blocks_head_custom_js":"","_kad_blocks_body_custom_js":"","_kad_blocks_footer_custom_js":"","_kadence_starter_templates_imported_post":false,"_kad_post_transparent":"","_kad_post_title":"","_kad_post_layout":"","_kad_post_sidebar_id":"","_kad_post_content_style":"","_kad_post_vertical_padding":"","_kad_post_feature":"","_kad_post_feature_position":"","_kad_post_header":false,"_kad_post_footer":false,"_kad_post_classname":""},"product_brand":[],"product_cat":[53],"product_tag":[],"class_list":{"0":"post-3729","1":"product","2":"type-product","3":"status-publish","4":"has-post-thumbnail","6":"product_cat-pirlanta-bilezikler","8":"first","9":"instock","10":"sale","11":"shipping-taxable","12":"purchasable","13":"product-type-simple","14":"entry","15":"content-bg","16":"loop-entry"},"taxonomy_info":{"product_cat":[{"value":53,"label":"P\u0131rlanta Bilezikler"}]},"featured_image_src_large":["https:\/\/zinetgold.com\/wp-content\/uploads\/2024\/08\/KBB0000012-14K-D-0.13-F-G-SI-9-4.90gr-2288-1024x1024.webp",1024,1024,true],"author_info":[],"comment_info":0,"_links":{"self":[{"href":"https:\/\/zinetgold.com\/tr\/wp-json\/wp\/v2\/product\/3729","targetHints":{"allow":["GET"]}}],"collection":[{"href":"https:\/\/zinetgold.com\/tr\/wp-json\/wp\/v2\/product"}],"about":[{"href":"https:\/\/zinetgold.com\/tr\/wp-json\/wp\/v2\/types\/product"}],"replies":[{"embeddable":true,"href":"https:\/\/zinetgold.com\/tr\/wp-json\/wp\/v2\/comments?post=3729"}],"wp:featuredmedia":[{"embeddable":true,"href":"https:\/\/zinetgold.com\/tr\/wp-json\/wp\/v2\/media\/3511"}],"wp:attachment":[{"href":"https:\/\/zinetgold.com\/tr\/wp-json\/wp\/v2\/media?parent=3729"}],"wp:term":[{"taxonomy":"product_brand","embeddable":true,"href":"https:\/\/zinetgold.com\/tr\/wp-json\/wp\/v2\/product_brand?post=3729"},{"taxonomy":"product_cat","embeddable":true,"href":"https:\/\/zinetgold.com\/tr\/wp-json\/wp\/v2\/product_cat?post=3729"},{"taxonomy":"product_tag","embeddable":true,"href":"https:\/\/zinetgold.com\/tr\/wp-json\/wp\/v2\/product_tag?post=3729"}],"curies":[{"name":"wp","href":"https:\/\/api.w.org\/{rel}","templated":true}]}}