{"id":3730,"date":"2024-08-13T05:49:17","date_gmt":"2024-08-13T02:49:17","guid":{"rendered":"https:\/\/zinetgold.com\/025-karat-pirlanta-zumrut-buyuleyici-bileklik\/"},"modified":"2024-09-06T13:18:30","modified_gmt":"2024-09-06T10:18:30","slug":"025-karat-pirlanta-zumrut-buyuleyici-bileklik","status":"publish","type":"product","link":"https:\/\/zinetgold.com\/tr\/025-karat-pirlanta-zumrut-buyuleyici-bileklik\/","title":{"rendered":"0,25 Karat P\u0131rlanta Z\u00fcmr\u00fct B\u00fcy\u00fcleyici Bileklik"},"content":{"rendered":"<p>Bu zarif14 beyaz alt\u0131n bileklik, her biri ince beyaz alt\u0131n zincir boyunca narin p\u0131rlantalar aras\u0131na yerle\u015ftirilmi\u015f bir dizi zengin, oval kesim z\u00fcmr\u00fct i\u00e7erir.<br \/>\nZ\u00fcmr\u00fctlerin canl\u0131 ye\u015fili, \u0131\u015f\u0131lt\u0131l\u0131 p\u0131rlantalar taraf\u0131ndan \u00e7arp\u0131c\u0131 bir \u015fekilde vurgulanarak sofistike bir zarafet g\u00f6r\u00fcn\u00fcm\u00fc yarat\u0131yor.<br \/>\nBilezik, her bilek \u00f6l\u00e7\u00fcs\u00fcne m\u00fckemmel uyum sa\u011flayan ayarlanabilir zincir ve g\u00fcvenli toka ile tasarlanm\u0131\u015ft\u0131r.<br \/>\nHem g\u00fcndelik \u015f\u0131kl\u0131k hem de resmi giyim i\u00e7in ideal olan Emerald Enchantment Bileklik, her kombine bereketli bir renk dokunu\u015fu ve zamans\u0131z bir \u00e7ekicilik katar.   <\/p>\n","protected":false},"excerpt":{"rendered":"<p><strong>0,25 Karat<\/strong> P\u0131rlanta Bileklik <strong>14 ayar Beyaz Alt\u0131n<\/strong>, <strong> <\/strong><strong> 4,04<\/strong><strong>gram<\/strong> a\u011f\u0131rl\u0131\u011f\u0131nda y\u00fcksek kaliteli do\u011fal <strong> p\u0131rlantaSKU-BL0000614<\/strong><\/p>\n","protected":false},"featured_media":3506,"comment_status":"open","ping_status":"closed","template":"","meta":{"_kad_blocks_custom_css":"","_kad_blocks_head_custom_js":"","_kad_blocks_body_custom_js":"","_kad_blocks_footer_custom_js":"","_kadence_starter_templates_imported_post":false,"_kad_post_transparent":"","_kad_post_title":"","_kad_post_layout":"","_kad_post_sidebar_id":"","_kad_post_content_style":"","_kad_post_vertical_padding":"","_kad_post_feature":"","_kad_post_feature_position":"","_kad_post_header":false,"_kad_post_footer":false,"_kad_post_classname":""},"product_brand":[],"product_cat":[53],"product_tag":[],"class_list":{"0":"post-3730","1":"product","2":"type-product","3":"status-publish","4":"has-post-thumbnail","6":"product_cat-pirlanta-bilezikler","8":"first","9":"instock","10":"sale","11":"shipping-taxable","12":"purchasable","13":"product-type-simple","14":"entry","15":"content-bg","16":"loop-entry"},"taxonomy_info":{"product_cat":[{"value":53,"label":"P\u0131rlanta Bilezikler"}]},"featured_image_src_large":["https:\/\/zinetgold.com\/wp-content\/uploads\/2024\/08\/BL0000614-14K-D-0.16-F-G-SI-32-EM-0.25-3-4.04gr-2442-1024x1024.webp",1024,1024,true],"author_info":[],"comment_info":0,"_links":{"self":[{"href":"https:\/\/zinetgold.com\/tr\/wp-json\/wp\/v2\/product\/3730","targetHints":{"allow":["GET"]}}],"collection":[{"href":"https:\/\/zinetgold.com\/tr\/wp-json\/wp\/v2\/product"}],"about":[{"href":"https:\/\/zinetgold.com\/tr\/wp-json\/wp\/v2\/types\/product"}],"replies":[{"embeddable":true,"href":"https:\/\/zinetgold.com\/tr\/wp-json\/wp\/v2\/comments?post=3730"}],"wp:featuredmedia":[{"embeddable":true,"href":"https:\/\/zinetgold.com\/tr\/wp-json\/wp\/v2\/media\/3506"}],"wp:attachment":[{"href":"https:\/\/zinetgold.com\/tr\/wp-json\/wp\/v2\/media?parent=3730"}],"wp:term":[{"taxonomy":"product_brand","embeddable":true,"href":"https:\/\/zinetgold.com\/tr\/wp-json\/wp\/v2\/product_brand?post=3730"},{"taxonomy":"product_cat","embeddable":true,"href":"https:\/\/zinetgold.com\/tr\/wp-json\/wp\/v2\/product_cat?post=3730"},{"taxonomy":"product_tag","embeddable":true,"href":"https:\/\/zinetgold.com\/tr\/wp-json\/wp\/v2\/product_tag?post=3730"}],"curies":[{"name":"wp","href":"https:\/\/api.w.org\/{rel}","templated":true}]}}