{"id":3731,"date":"2024-08-13T05:45:32","date_gmt":"2024-08-13T02:45:32","guid":{"rendered":"https:\/\/zinetgold.com\/032-pirlanta-yakut-damlacik-bileklik\/"},"modified":"2024-09-06T13:18:36","modified_gmt":"2024-09-06T10:18:36","slug":"032-pirlanta-yakut-damlacik-bileklik","status":"publish","type":"product","link":"https:\/\/zinetgold.com\/tr\/032-pirlanta-yakut-damlacik-bileklik\/","title":{"rendered":"0,32 P\u0131rlanta Yakut Damlac\u0131k Bileklik"},"content":{"rendered":"<p>Bu b\u00fcy\u00fcleyici bileklik, 14 ayar beyaz alt\u0131ndan narin bir zincir boyunca canl\u0131 yakut ta\u015flar\u0131 ile p\u0131r\u0131lt\u0131l\u0131 p\u0131rlantalar\u0131 g\u00fczelce serpi\u015ftiriyor.<br \/>\nSofistike bir g\u00f6zya\u015f\u0131 damlas\u0131 \u015feklinde kesilmi\u015f her bir yakut, ta\u015flar\u0131n koyu k\u0131rm\u0131z\u0131 tonunu zenginle\u015ftiren k\u00fc\u00e7\u00fck, parlak p\u0131rlantalarla \u00e7er\u00e7evelenmi\u015ftir.<br \/>\nBilezi\u011fin ayarlanabilir zinciri, \u00e7e\u015fitli bilek boyutlar\u0131 i\u00e7in uygun ve rahat bir uyum sa\u011flar.<br \/>\nHer k\u0131yafete renk ve zarafet katmak i\u00e7in m\u00fckemmel olan Ruby Droplet Bileklik, hem klasik g\u00fczelli\u011fi hem de \u00e7a\u011fda\u015f stili bir araya getiriyor.   <\/p>\n","protected":false},"excerpt":{"rendered":"<p><strong>0,32 Karat<\/strong> P\u0131rlanta Bileklik <strong>14 ayar Beyaz Alt\u0131n<\/strong>, <strong> <\/strong><strong> 4,02<\/strong><strong>gram <\/strong> a\u011f\u0131rl\u0131\u011f\u0131nda y\u00fcksek kaliteli do\u011fal <strong> p\u0131rlantaSKU-BL0000613<\/strong> <\/p>\n<p>&nbsp;<\/p>\n","protected":false},"featured_media":3505,"comment_status":"open","ping_status":"closed","template":"","meta":{"_kad_blocks_custom_css":"","_kad_blocks_head_custom_js":"","_kad_blocks_body_custom_js":"","_kad_blocks_footer_custom_js":"","_kadence_starter_templates_imported_post":false,"_kad_post_transparent":"","_kad_post_title":"","_kad_post_layout":"","_kad_post_sidebar_id":"","_kad_post_content_style":"","_kad_post_vertical_padding":"","_kad_post_feature":"","_kad_post_feature_position":"","_kad_post_header":false,"_kad_post_footer":false,"_kad_post_classname":""},"product_brand":[],"product_cat":[53],"product_tag":[],"class_list":{"0":"post-3731","1":"product","2":"type-product","3":"status-publish","4":"has-post-thumbnail","6":"product_cat-pirlanta-bilezikler","8":"first","9":"instock","10":"sale","11":"shipping-taxable","12":"purchasable","13":"product-type-simple","14":"entry","15":"content-bg","16":"loop-entry"},"taxonomy_info":{"product_cat":[{"value":53,"label":"P\u0131rlanta Bilezikler"}]},"featured_image_src_large":["https:\/\/zinetgold.com\/wp-content\/uploads\/2024\/08\/BL0000613-14K-D-0.11-F-G-SI-33-RB-0.32-3-4.02gr-2255-1024x1024.webp",1024,1024,true],"author_info":[],"comment_info":0,"_links":{"self":[{"href":"https:\/\/zinetgold.com\/tr\/wp-json\/wp\/v2\/product\/3731","targetHints":{"allow":["GET"]}}],"collection":[{"href":"https:\/\/zinetgold.com\/tr\/wp-json\/wp\/v2\/product"}],"about":[{"href":"https:\/\/zinetgold.com\/tr\/wp-json\/wp\/v2\/types\/product"}],"replies":[{"embeddable":true,"href":"https:\/\/zinetgold.com\/tr\/wp-json\/wp\/v2\/comments?post=3731"}],"wp:featuredmedia":[{"embeddable":true,"href":"https:\/\/zinetgold.com\/tr\/wp-json\/wp\/v2\/media\/3505"}],"wp:attachment":[{"href":"https:\/\/zinetgold.com\/tr\/wp-json\/wp\/v2\/media?parent=3731"}],"wp:term":[{"taxonomy":"product_brand","embeddable":true,"href":"https:\/\/zinetgold.com\/tr\/wp-json\/wp\/v2\/product_brand?post=3731"},{"taxonomy":"product_cat","embeddable":true,"href":"https:\/\/zinetgold.com\/tr\/wp-json\/wp\/v2\/product_cat?post=3731"},{"taxonomy":"product_tag","embeddable":true,"href":"https:\/\/zinetgold.com\/tr\/wp-json\/wp\/v2\/product_tag?post=3731"}],"curies":[{"name":"wp","href":"https:\/\/api.w.org\/{rel}","templated":true}]}}