{"id":3732,"date":"2024-08-13T05:19:47","date_gmt":"2024-08-13T02:19:47","guid":{"rendered":"https:\/\/zinetgold.com\/013-karat-pirlanta-isiltili-bileklik\/"},"modified":"2024-09-06T13:18:37","modified_gmt":"2024-09-06T10:18:37","slug":"013-karat-pirlanta-isiltili-bileklik","status":"publish","type":"product","link":"https:\/\/zinetgold.com\/tr\/013-karat-pirlanta-isiltili-bileklik\/","title":{"rendered":"0,13 Karat P\u0131rlanta I\u015f\u0131lt\u0131l\u0131 Bileklik"},"content":{"rendered":"<p>Bu 14 ayar beyaz alt\u0131n bileklik, minimalist bir tasar\u0131mla g\u00fczel bir \u015fekilde \u00fcretilmi\u015ftir ve \u00fcst k\u0131sm\u0131 boyunca zarif bir \u015fekilde yay\u0131lan \u00fc\u00e7 \u0131\u015f\u0131lt\u0131l\u0131 p\u0131rlanta \u00e7ivili \u00e7ubukla vurgulanan ince bir beyaz alt\u0131n bant i\u00e7erir.<br \/>\nP\u0131rlantalar \u0131\u015f\u0131\u011f\u0131 her a\u00e7\u0131dan yakalayacak \u015fekilde titizlikle ayarlanm\u0131\u015ft\u0131r ve bir derede akan suyu an\u0131msatan g\u00f6z kama\u015ft\u0131r\u0131c\u0131 bir etki yarat\u0131r.<br \/>\nAyarlanabilir tokas\u0131 m\u00fckemmel bir uyum sa\u011flayarak g\u00fcnl\u00fck \u015f\u0131kl\u0131k i\u00e7in veya gece k\u0131yafetlerine ince bir vurgu yapmak i\u00e7in ideal bir se\u00e7imdir.<br \/>\nBu par\u00e7a, sadelik ile \u0131\u015f\u0131lt\u0131y\u0131 hem zamans\u0131z hem de \u00e7a\u011fda\u015f bir \u015fekilde harmanl\u0131yor.     &nbsp;<\/p>\n","protected":false},"excerpt":{"rendered":"<p><strong>0,13 Karat<\/strong> P\u0131rlanta Bileklik <strong>14 ayar Beyaz Alt\u0131n<\/strong>, <strong> <\/strong><strong> 4,04 gram<\/strong> a\u011f\u0131rl\u0131\u011f\u0131nda y\u00fcksek kalite do\u011fal <strong>p\u0131rlantaSKU-BBL0000532<\/strong><\/p>\n","protected":false},"featured_media":3500,"comment_status":"open","ping_status":"closed","template":"","meta":{"_kad_blocks_custom_css":"","_kad_blocks_head_custom_js":"","_kad_blocks_body_custom_js":"","_kad_blocks_footer_custom_js":"","_kadence_starter_templates_imported_post":false,"_kad_post_transparent":"","_kad_post_title":"","_kad_post_layout":"","_kad_post_sidebar_id":"","_kad_post_content_style":"","_kad_post_vertical_padding":"","_kad_post_feature":"","_kad_post_feature_position":"","_kad_post_header":false,"_kad_post_footer":false,"_kad_post_classname":""},"product_brand":[],"product_cat":[53],"product_tag":[],"class_list":{"0":"post-3732","1":"product","2":"type-product","3":"status-publish","4":"has-post-thumbnail","6":"product_cat-pirlanta-bilezikler","8":"first","9":"instock","10":"sale","11":"shipping-taxable","12":"purchasable","13":"product-type-simple","14":"entry","15":"content-bg","16":"loop-entry"},"taxonomy_info":{"product_cat":[{"value":53,"label":"P\u0131rlanta Bilezikler"}]},"featured_image_src_large":["https:\/\/zinetgold.com\/wp-content\/uploads\/2024\/08\/BBL0000532-14K-D-0.13-F-G-SI-34-4.04gr-2486-1024x1024.webp",1024,1024,true],"author_info":[],"comment_info":0,"_links":{"self":[{"href":"https:\/\/zinetgold.com\/tr\/wp-json\/wp\/v2\/product\/3732","targetHints":{"allow":["GET"]}}],"collection":[{"href":"https:\/\/zinetgold.com\/tr\/wp-json\/wp\/v2\/product"}],"about":[{"href":"https:\/\/zinetgold.com\/tr\/wp-json\/wp\/v2\/types\/product"}],"replies":[{"embeddable":true,"href":"https:\/\/zinetgold.com\/tr\/wp-json\/wp\/v2\/comments?post=3732"}],"wp:featuredmedia":[{"embeddable":true,"href":"https:\/\/zinetgold.com\/tr\/wp-json\/wp\/v2\/media\/3500"}],"wp:attachment":[{"href":"https:\/\/zinetgold.com\/tr\/wp-json\/wp\/v2\/media?parent=3732"}],"wp:term":[{"taxonomy":"product_brand","embeddable":true,"href":"https:\/\/zinetgold.com\/tr\/wp-json\/wp\/v2\/product_brand?post=3732"},{"taxonomy":"product_cat","embeddable":true,"href":"https:\/\/zinetgold.com\/tr\/wp-json\/wp\/v2\/product_cat?post=3732"},{"taxonomy":"product_tag","embeddable":true,"href":"https:\/\/zinetgold.com\/tr\/wp-json\/wp\/v2\/product_tag?post=3732"}],"curies":[{"name":"wp","href":"https:\/\/api.w.org\/{rel}","templated":true}]}}