{"id":3733,"date":"2024-08-13T05:39:23","date_gmt":"2024-08-13T02:39:23","guid":{"rendered":"https:\/\/zinetgold.com\/047-pirlanta-goksel-kivilcim-bileklik\/"},"modified":"2024-09-06T13:18:38","modified_gmt":"2024-09-06T10:18:38","slug":"047-pirlanta-goksel-kivilcim-bileklik","status":"publish","type":"product","link":"https:\/\/zinetgold.com\/tr\/047-pirlanta-goksel-kivilcim-bileklik\/","title":{"rendered":"0,47 P\u0131rlanta G\u00f6ksel K\u0131v\u0131lc\u0131m Bileklik"},"content":{"rendered":"<p>Bu bilezik, modern geometrik bir hava katan iki p\u0131rlanta kapl\u0131 \u00e7ubu\u011fa hassas bir \u015fekilde ba\u011flanm\u0131\u015f ince 14 ayar beyaz alt\u0131n zincire sahip, zarif bir zarafetin somut \u00f6rne\u011fidir.<br \/>\nYuvarlak p\u0131rlantalar, \u0131\u015f\u0131lt\u0131lar\u0131n\u0131 en \u00fcst d\u00fczeye \u00e7\u0131karmak i\u00e7in ustal\u0131kla ayarlanm\u0131\u015ft\u0131r ve genel parlakl\u0131\u011f\u0131 art\u0131ran \u0131\u015f\u0131lt\u0131l\u0131 ba\u011flant\u0131larla serpi\u015ftirilmi\u015ftir.<br \/>\nAyarlanabilir zinciri m\u00fckemmel bir uyum sa\u011flayarak onu hem g\u00fcndelik hem de resmi durumlar i\u00e7in \u00e7ok y\u00f6nl\u00fc bir aksesuar haline getirir.<br \/>\nCelestial Spark Bileklik, \u00e7a\u011fda\u015f bir dokunu\u015fla l\u00fcks bir dokunu\u015f arayanlar i\u00e7in m\u00fckemmeldir.   <\/p>\n","protected":false},"excerpt":{"rendered":"<p><strong>0,47 Karat<\/strong> P\u0131rlanta Bileklik <strong>14 ayar Beyaz Alt\u0131n<\/strong>, <strong> <\/strong><strong> 6,35<\/strong><strong>gram<\/strong> a\u011f\u0131rl\u0131\u011f\u0131nda y\u00fcksek kaliteli do\u011fal <strong> p\u0131rlantaSKU-BL0000612<\/strong><\/p>\n","protected":false},"featured_media":3504,"comment_status":"open","ping_status":"closed","template":"","meta":{"_kad_blocks_custom_css":"","_kad_blocks_head_custom_js":"","_kad_blocks_body_custom_js":"","_kad_blocks_footer_custom_js":"","_kadence_starter_templates_imported_post":false,"_kad_post_transparent":"","_kad_post_title":"","_kad_post_layout":"","_kad_post_sidebar_id":"","_kad_post_content_style":"","_kad_post_vertical_padding":"","_kad_post_feature":"","_kad_post_feature_position":"","_kad_post_header":false,"_kad_post_footer":false,"_kad_post_classname":""},"product_brand":[],"product_cat":[53],"product_tag":[],"class_list":{"0":"post-3733","1":"product","2":"type-product","3":"status-publish","4":"has-post-thumbnail","6":"product_cat-pirlanta-bilezikler","8":"first","9":"instock","10":"sale","11":"shipping-taxable","12":"purchasable","13":"product-type-simple","14":"entry","15":"content-bg","16":"loop-entry"},"taxonomy_info":{"product_cat":[{"value":53,"label":"P\u0131rlanta Bilezikler"}]},"featured_image_src_large":["https:\/\/zinetgold.com\/wp-content\/uploads\/2024\/08\/BL0000612-14K-D-0.47-F-G-SI-90-6.35gr-4070-1024x1024.webp",1024,1024,true],"author_info":[],"comment_info":0,"_links":{"self":[{"href":"https:\/\/zinetgold.com\/tr\/wp-json\/wp\/v2\/product\/3733","targetHints":{"allow":["GET"]}}],"collection":[{"href":"https:\/\/zinetgold.com\/tr\/wp-json\/wp\/v2\/product"}],"about":[{"href":"https:\/\/zinetgold.com\/tr\/wp-json\/wp\/v2\/types\/product"}],"replies":[{"embeddable":true,"href":"https:\/\/zinetgold.com\/tr\/wp-json\/wp\/v2\/comments?post=3733"}],"wp:featuredmedia":[{"embeddable":true,"href":"https:\/\/zinetgold.com\/tr\/wp-json\/wp\/v2\/media\/3504"}],"wp:attachment":[{"href":"https:\/\/zinetgold.com\/tr\/wp-json\/wp\/v2\/media?parent=3733"}],"wp:term":[{"taxonomy":"product_brand","embeddable":true,"href":"https:\/\/zinetgold.com\/tr\/wp-json\/wp\/v2\/product_brand?post=3733"},{"taxonomy":"product_cat","embeddable":true,"href":"https:\/\/zinetgold.com\/tr\/wp-json\/wp\/v2\/product_cat?post=3733"},{"taxonomy":"product_tag","embeddable":true,"href":"https:\/\/zinetgold.com\/tr\/wp-json\/wp\/v2\/product_tag?post=3733"}],"curies":[{"name":"wp","href":"https:\/\/api.w.org\/{rel}","templated":true}]}}