{"id":3734,"date":"2024-08-12T22:39:52","date_gmt":"2024-08-12T19:39:52","guid":{"rendered":"https:\/\/zinetgold.com\/012-karat-starlight-pirlanta-bileklik\/"},"modified":"2024-09-06T13:18:39","modified_gmt":"2024-09-06T10:18:39","slug":"012-karat-starlight-pirlanta-bileklik","status":"publish","type":"product","link":"https:\/\/zinetgold.com\/tr\/012-karat-starlight-pirlanta-bileklik\/","title":{"rendered":"0,12 Karat Starlight P\u0131rlanta Bileklik"},"content":{"rendered":"<p>Bu narin ve b\u00fcy\u00fcleyici bileklik, her biri \u0131\u015f\u0131lt\u0131l\u0131 p\u0131rlantalarla i\u015flenmi\u015f k\u00fc\u00e7\u00fck, y\u0131ld\u0131z \u015fekilli vurgulara sahip ince beyaz alt\u0131n bir zincire sahiptir.<br \/>\nY\u0131ld\u0131zlar\u0131n ince yerle\u015fimi, berrak bir gece g\u00f6ky\u00fcz\u00fcn\u00fc an\u0131msatan nazik ama b\u00fcy\u00fcleyici bir desen olu\u015fturur.<br \/>\nAyarlanabilir zinciri ve g\u00fcvenli tokas\u0131 sayesinde g\u00fcnl\u00fck kullan\u0131m i\u00e7in \u00e7ok y\u00f6nl\u00fc ve rahat olan bu bilezik, do\u011fru miktarda \u0131\u015f\u0131lt\u0131 sunuyor.<br \/>\nBu bileklik, abart\u0131s\u0131z \u015f\u0131kl\u0131\u011f\u0131 ve tuhaf bir cazibe dokunu\u015funu takdir edenler i\u00e7in m\u00fckemmeldir.   <\/p>\n","protected":false},"excerpt":{"rendered":"<p><strong>0,24 Karat<\/strong> P\u0131rlanta Bileklik <strong>14 ayar Beyaz Alt\u0131n<\/strong>, <strong> <\/strong><strong> 3,72 gram<\/strong> a\u011f\u0131rl\u0131\u011f\u0131nda y\u00fcksek kaliteli do\u011fal <strong>p\u0131rlantaSKU-BBL0000530<\/strong><\/p>\n<p>&nbsp;<\/p>\n","protected":false},"featured_media":3499,"comment_status":"open","ping_status":"closed","template":"","meta":{"_kad_blocks_custom_css":"","_kad_blocks_head_custom_js":"","_kad_blocks_body_custom_js":"","_kad_blocks_footer_custom_js":"","_kadence_starter_templates_imported_post":false,"_kad_post_transparent":"","_kad_post_title":"","_kad_post_layout":"","_kad_post_sidebar_id":"","_kad_post_content_style":"","_kad_post_vertical_padding":"","_kad_post_feature":"","_kad_post_feature_position":"","_kad_post_header":false,"_kad_post_footer":false,"_kad_post_classname":""},"product_brand":[],"product_cat":[53],"product_tag":[],"class_list":{"0":"post-3734","1":"product","2":"type-product","3":"status-publish","4":"has-post-thumbnail","6":"product_cat-pirlanta-bilezikler","8":"first","9":"instock","10":"sale","11":"shipping-taxable","12":"purchasable","13":"product-type-simple","14":"entry","15":"content-bg","16":"loop-entry"},"taxonomy_info":{"product_cat":[{"value":53,"label":"P\u0131rlanta Bilezikler"}]},"featured_image_src_large":["https:\/\/zinetgold.com\/wp-content\/uploads\/2024\/08\/BBL0000530-14K-D-0.12-F-G-SI-32-3.72gr-2387-1024x1024.webp",1024,1024,true],"author_info":[],"comment_info":0,"_links":{"self":[{"href":"https:\/\/zinetgold.com\/tr\/wp-json\/wp\/v2\/product\/3734","targetHints":{"allow":["GET"]}}],"collection":[{"href":"https:\/\/zinetgold.com\/tr\/wp-json\/wp\/v2\/product"}],"about":[{"href":"https:\/\/zinetgold.com\/tr\/wp-json\/wp\/v2\/types\/product"}],"replies":[{"embeddable":true,"href":"https:\/\/zinetgold.com\/tr\/wp-json\/wp\/v2\/comments?post=3734"}],"wp:featuredmedia":[{"embeddable":true,"href":"https:\/\/zinetgold.com\/tr\/wp-json\/wp\/v2\/media\/3499"}],"wp:attachment":[{"href":"https:\/\/zinetgold.com\/tr\/wp-json\/wp\/v2\/media?parent=3734"}],"wp:term":[{"taxonomy":"product_brand","embeddable":true,"href":"https:\/\/zinetgold.com\/tr\/wp-json\/wp\/v2\/product_brand?post=3734"},{"taxonomy":"product_cat","embeddable":true,"href":"https:\/\/zinetgold.com\/tr\/wp-json\/wp\/v2\/product_cat?post=3734"},{"taxonomy":"product_tag","embeddable":true,"href":"https:\/\/zinetgold.com\/tr\/wp-json\/wp\/v2\/product_tag?post=3734"}],"curies":[{"name":"wp","href":"https:\/\/api.w.org\/{rel}","templated":true}]}}