{"id":3735,"date":"2024-08-13T05:34:15","date_gmt":"2024-08-13T02:34:15","guid":{"rendered":"https:\/\/zinetgold.com\/052-karat-pirlanta-bileklik\/"},"modified":"2024-09-06T13:18:40","modified_gmt":"2024-09-06T10:18:40","slug":"052-karat-pirlanta-bileklik","status":"publish","type":"product","link":"https:\/\/zinetgold.com\/tr\/052-karat-pirlanta-bileklik\/","title":{"rendered":"0,52 Karat P\u0131rlanta Bileklik"},"content":{"rendered":"<p>Bu zarif bilekli\u011fin merkezinde, \u0131\u015f\u0131lt\u0131l\u0131 elmaslardan olu\u015fan bir haleyle \u00e7evrelenmi\u015f canl\u0131, oval kesim bir z\u00fcmr\u00fct yer al\u0131yor.<br \/>\nZengin, koyu ye\u015fil tonuyla bilinen z\u00fcmr\u00fct, zengin bir dokunu\u015f kat\u0131yor ve p\u0131rlantalar\u0131n parlakl\u0131\u011f\u0131yla g\u00fczel bir kontrast olu\u015fturuyor.<br \/>\n\u015e\u0131k beyaz alt\u0131n kordon, ta\u015flar\u0131n parlakl\u0131\u011f\u0131n\u0131 art\u0131rarak sofistike ve zarif bir g\u00f6r\u00fcn\u00fcm yarat\u0131r.<br \/>\nAyarlanabilir toka m\u00fckemmel bir uyum sa\u011flar ve bu bilezi\u011fi hem \u00f6zel g\u00fcnler hem de g\u00fcnl\u00fck k\u0131yafetlere renk katmak i\u00e7in ideal bir se\u00e7im haline getirir.<br \/>\nBu par\u00e7a, klasik zarafeti modern bir duyarl\u0131l\u0131kla g\u00fczel bir \u015fekilde birle\u015ftiriyor.    <\/p>\n","protected":false},"excerpt":{"rendered":"<p><strong>0,52 Karat<\/strong> P\u0131rlanta Bileklik <strong>14 ayar Beyaz Alt\u0131n<\/strong>, <strong> 14,74 gram<\/strong> a\u011f\u0131rl\u0131\u011f\u0131nda <strong> <\/strong>y\u00fcksek kalite do\u011fal <strong>p\u0131rlantal\u0131SKU-BL0000609<\/strong><\/p>\n","protected":false},"featured_media":3503,"comment_status":"open","ping_status":"closed","template":"","meta":{"_kad_blocks_custom_css":"","_kad_blocks_head_custom_js":"","_kad_blocks_body_custom_js":"","_kad_blocks_footer_custom_js":"","_kadence_starter_templates_imported_post":false,"_kad_post_transparent":"","_kad_post_title":"","_kad_post_layout":"","_kad_post_sidebar_id":"","_kad_post_content_style":"","_kad_post_vertical_padding":"","_kad_post_feature":"","_kad_post_feature_position":"","_kad_post_header":false,"_kad_post_footer":false,"_kad_post_classname":""},"product_brand":[],"product_cat":[53],"product_tag":[],"class_list":{"0":"post-3735","1":"product","2":"type-product","3":"status-publish","4":"has-post-thumbnail","6":"product_cat-pirlanta-bilezikler","8":"first","9":"instock","10":"sale","11":"shipping-taxable","12":"purchasable","13":"product-type-simple","14":"entry","15":"content-bg","16":"loop-entry"},"taxonomy_info":{"product_cat":[{"value":53,"label":"P\u0131rlanta Bilezikler"}]},"featured_image_src_large":["https:\/\/zinetgold.com\/wp-content\/uploads\/2024\/08\/BL0000609-14K-D-0.32-F-G-SI-44-EM-0.52-1-4.74gr-3454-1024x1024.webp",1024,1024,true],"author_info":[],"comment_info":0,"_links":{"self":[{"href":"https:\/\/zinetgold.com\/tr\/wp-json\/wp\/v2\/product\/3735","targetHints":{"allow":["GET"]}}],"collection":[{"href":"https:\/\/zinetgold.com\/tr\/wp-json\/wp\/v2\/product"}],"about":[{"href":"https:\/\/zinetgold.com\/tr\/wp-json\/wp\/v2\/types\/product"}],"replies":[{"embeddable":true,"href":"https:\/\/zinetgold.com\/tr\/wp-json\/wp\/v2\/comments?post=3735"}],"wp:featuredmedia":[{"embeddable":true,"href":"https:\/\/zinetgold.com\/tr\/wp-json\/wp\/v2\/media\/3503"}],"wp:attachment":[{"href":"https:\/\/zinetgold.com\/tr\/wp-json\/wp\/v2\/media?parent=3735"}],"wp:term":[{"taxonomy":"product_brand","embeddable":true,"href":"https:\/\/zinetgold.com\/tr\/wp-json\/wp\/v2\/product_brand?post=3735"},{"taxonomy":"product_cat","embeddable":true,"href":"https:\/\/zinetgold.com\/tr\/wp-json\/wp\/v2\/product_cat?post=3735"},{"taxonomy":"product_tag","embeddable":true,"href":"https:\/\/zinetgold.com\/tr\/wp-json\/wp\/v2\/product_tag?post=3735"}],"curies":[{"name":"wp","href":"https:\/\/api.w.org\/{rel}","templated":true}]}}